{"id":7153,"date":"2025-03-01T13:01:43","date_gmt":"2025-03-01T13:01:43","guid":{"rendered":"https:\/\/becreative.ee\/?post_type=product&#038;p=7153"},"modified":"2025-11-25T16:26:25","modified_gmt":"2025-11-25T16:26:25","slug":"seppeballi-emulsioonieemaldaja-9463-ml","status":"publish","type":"product","link":"https:\/\/becreative.ee\/en\/product\/seppeballi-emulsioonieemaldaja-9463-ml\/","title":{"rendered":"Seppeballi emulsioonieemaldaja 946,3 ml"},"content":{"rendered":"<p>Emulsioonieemaldaja on m\u00f5eldud v\u00e4rvi ja emulsiooni eemaldamiseks teie siiditr\u00fckiraamilt. Kandke vedelik m\u00f5lemale poole kangast ja harjake nailonharjaga. Kogu protsessi v\u00e4ltel ei tohi kangas \u00e4ra kuivada. Puhastamine v\u00f5tab aega 1,5 min. Peale seda v\u00f5ib protsessi vajadusel korrata. Kui kogu emulsioon on lahustunud v\u00f5ite kuuma veega raami \u00e4ra pesta.<\/p>\n<p>&nbsp;<\/p>\n<p>Pudeli suurus 946,3 ml<\/p>","protected":false},"excerpt":{"rendered":"<p>Emulsioonieemaldaja on m\u00f5eldud v\u00e4rvi ja emulsiooni eemaldamiseks teie siiditr\u00fckiraamilt. Kandke vedelik m\u00f5lemale poole kangast ja harjake nailonharjaga. Kogu protsessi v\u00e4ltel ei tohi kangas \u00e4ra kuivada. Puhastamine v\u00f5tab aega 1,5 min. Peale seda v\u00f5ib protsessi vajadusel korrata. Kui kogu emulsioon on lahustunud v\u00f5ite kuuma veega raami \u00e4ra pesta.<\/p>\n<p>&nbsp;<\/p>\n<p>Pudeli suurus 946,3 ml<\/p>","protected":false},"featured_media":7154,"template":"","meta":[],"product_brand":[],"product_cat":[263,854,844,847],"product_tag":[],"class_list":{"0":"post-7153","1":"product","2":"type-product","3":"status-publish","4":"has-post-thumbnail","6":"product_cat-brandid","7":"product_cat-emulsioonid","8":"product_cat-siiditrukk","9":"product_cat-speedball","11":"first","12":"instock","13":"taxable","14":"shipping-taxable","15":"purchasable","16":"product-type-simple"},"jetpack_sharing_enabled":true,"_links":{"self":[{"href":"https:\/\/becreative.ee\/en\/wp-json\/wp\/v2\/product\/7153","targetHints":{"allow":["GET"]}}],"collection":[{"href":"https:\/\/becreative.ee\/en\/wp-json\/wp\/v2\/product"}],"about":[{"href":"https:\/\/becreative.ee\/en\/wp-json\/wp\/v2\/types\/product"}],"version-history":[{"count":1,"href":"https:\/\/becreative.ee\/en\/wp-json\/wp\/v2\/product\/7153\/revisions"}],"predecessor-version":[{"id":7155,"href":"https:\/\/becreative.ee\/en\/wp-json\/wp\/v2\/product\/7153\/revisions\/7155"}],"wp:featuredmedia":[{"embeddable":true,"href":"https:\/\/becreative.ee\/en\/wp-json\/wp\/v2\/media\/7154"}],"wp:attachment":[{"href":"https:\/\/becreative.ee\/en\/wp-json\/wp\/v2\/media?parent=7153"}],"wp:term":[{"taxonomy":"product_brand","embeddable":true,"href":"https:\/\/becreative.ee\/en\/wp-json\/wp\/v2\/product_brand?post=7153"},{"taxonomy":"product_cat","embeddable":true,"href":"https:\/\/becreative.ee\/en\/wp-json\/wp\/v2\/product_cat?post=7153"},{"taxonomy":"product_tag","embeddable":true,"href":"https:\/\/becreative.ee\/en\/wp-json\/wp\/v2\/product_tag?post=7153"}],"curies":[{"name":"wp","href":"https:\/\/api.w.org\/{rel}","templated":true}]}}