{"id":7167,"date":"2025-03-18T07:40:38","date_gmt":"2025-03-18T07:40:38","guid":{"rendered":"https:\/\/becreative.ee\/?post_type=product&#038;p=7167"},"modified":"2025-03-18T08:00:02","modified_gmt":"2025-03-18T08:00:02","slug":"tahekujulised-raamid","status":"publish","type":"product","link":"https:\/\/becreative.ee\/en\/product\/tahekujulised-raamid\/","title":{"rendered":"T\u00e4hekujulised raamid"},"content":{"rendered":"<p>T\u00e4hekujuline raam on m\u00f5eldud makramee- ja teiste isetegemisprojektide tarbeks. Raam on valmistatud 100% \u00fcmbert\u00f6\u00f6deldud majapidamisplastikust (PET). Komplekti kuulub \u00fcks t\u00e4ht k\u00f5rgusega 15 cm. V\u00e4rvus: uduhall.<\/p>","protected":false},"excerpt":{"rendered":"<p>T\u00e4hekujuline raam on m\u00f5eldud makramee- ja teiste isetegemisprojektide tarbeks. Raam on valmistatud 100% \u00fcmbert\u00f6\u00f6deldud majapidamisplastikust (PET). Komplekti kuulub \u00fcks t\u00e4ht k\u00f5rgusega 15 cm. V\u00e4rvus: uduhall.<\/p>","protected":false},"featured_media":7173,"template":"","meta":[],"product_brand":[],"product_cat":[263,270,279,912,914,340],"product_tag":[],"class_list":{"0":"post-7167","1":"product","2":"type-product","3":"status-publish","4":"has-post-thumbnail","6":"product_cat-brandid","7":"product_cat-hoooked","8":"product_cat-kasitooks-vajalik","9":"product_cat-makramee","10":"product_cat-rongad-makramee","11":"product_cat-rongad","13":"first","14":"instock","15":"taxable","16":"shipping-taxable","17":"purchasable","18":"product-type-variable"},"jetpack_sharing_enabled":true,"_links":{"self":[{"href":"https:\/\/becreative.ee\/en\/wp-json\/wp\/v2\/product\/7167","targetHints":{"allow":["GET"]}}],"collection":[{"href":"https:\/\/becreative.ee\/en\/wp-json\/wp\/v2\/product"}],"about":[{"href":"https:\/\/becreative.ee\/en\/wp-json\/wp\/v2\/types\/product"}],"version-history":[{"count":1,"href":"https:\/\/becreative.ee\/en\/wp-json\/wp\/v2\/product\/7167\/revisions"}],"predecessor-version":[{"id":7168,"href":"https:\/\/becreative.ee\/en\/wp-json\/wp\/v2\/product\/7167\/revisions\/7168"}],"wp:featuredmedia":[{"embeddable":true,"href":"https:\/\/becreative.ee\/en\/wp-json\/wp\/v2\/media\/7173"}],"wp:attachment":[{"href":"https:\/\/becreative.ee\/en\/wp-json\/wp\/v2\/media?parent=7167"}],"wp:term":[{"taxonomy":"product_brand","embeddable":true,"href":"https:\/\/becreative.ee\/en\/wp-json\/wp\/v2\/product_brand?post=7167"},{"taxonomy":"product_cat","embeddable":true,"href":"https:\/\/becreative.ee\/en\/wp-json\/wp\/v2\/product_cat?post=7167"},{"taxonomy":"product_tag","embeddable":true,"href":"https:\/\/becreative.ee\/en\/wp-json\/wp\/v2\/product_tag?post=7167"}],"curies":[{"name":"wp","href":"https:\/\/api.w.org\/{rel}","templated":true}]}}