{"id":7183,"date":"2025-03-18T08:01:18","date_gmt":"2025-03-18T08:01:18","guid":{"rendered":"https:\/\/becreative.ee\/?post_type=product&#038;p=7183"},"modified":"2025-10-05T15:10:46","modified_gmt":"2025-10-05T15:10:46","slug":"hoooked-vardad-6-mm","status":"publish","type":"product","link":"https:\/\/becreative.ee\/en\/product\/hoooked-vardad-6-mm\/","title":{"rendered":"Hoooked vardad 6 mm"},"content":{"rendered":"<p>Varraste suurus: 6 mm<\/p>\n<p>Varraste pikkus: 40 cm<\/p>\n<p>&nbsp;<\/p>\n<p>Bambusest kudumisvardad on keskkonnas\u00f5bralikud ning neid ei ole t\u00f6\u00f6deldud kemikaalidega. Vardad on kerged ja siledad ning nendega kududes t\u00f6\u00f6 lausa lendab.<\/p>","protected":false},"excerpt":{"rendered":"<p>Bambusest kudumisvardad on keskkonnas\u00f5bralikud ning neid ei ole t\u00f6\u00f6deldud kemikaalidega. Vardad on kerged ja siledad ning nendega kududes t\u00f6\u00f6 lausa lendab.<\/p>","protected":false},"featured_media":7184,"template":"","meta":[],"product_brand":[],"product_cat":[263,270,782,791],"product_tag":[],"class_list":{"0":"post-7183","1":"product","2":"type-product","3":"status-publish","4":"has-post-thumbnail","6":"product_cat-brandid","7":"product_cat-hoooked","8":"product_cat-kudumine","9":"product_cat-vardad-kudumine","11":"first","12":"instock","13":"taxable","14":"shipping-taxable","15":"purchasable","16":"product-type-simple"},"jetpack_sharing_enabled":true,"_links":{"self":[{"href":"https:\/\/becreative.ee\/en\/wp-json\/wp\/v2\/product\/7183","targetHints":{"allow":["GET"]}}],"collection":[{"href":"https:\/\/becreative.ee\/en\/wp-json\/wp\/v2\/product"}],"about":[{"href":"https:\/\/becreative.ee\/en\/wp-json\/wp\/v2\/types\/product"}],"version-history":[{"count":1,"href":"https:\/\/becreative.ee\/en\/wp-json\/wp\/v2\/product\/7183\/revisions"}],"predecessor-version":[{"id":7185,"href":"https:\/\/becreative.ee\/en\/wp-json\/wp\/v2\/product\/7183\/revisions\/7185"}],"wp:featuredmedia":[{"embeddable":true,"href":"https:\/\/becreative.ee\/en\/wp-json\/wp\/v2\/media\/7184"}],"wp:attachment":[{"href":"https:\/\/becreative.ee\/en\/wp-json\/wp\/v2\/media?parent=7183"}],"wp:term":[{"taxonomy":"product_brand","embeddable":true,"href":"https:\/\/becreative.ee\/en\/wp-json\/wp\/v2\/product_brand?post=7183"},{"taxonomy":"product_cat","embeddable":true,"href":"https:\/\/becreative.ee\/en\/wp-json\/wp\/v2\/product_cat?post=7183"},{"taxonomy":"product_tag","embeddable":true,"href":"https:\/\/becreative.ee\/en\/wp-json\/wp\/v2\/product_tag?post=7183"}],"curies":[{"name":"wp","href":"https:\/\/api.w.org\/{rel}","templated":true}]}}