{"id":7189,"date":"2025-03-18T08:10:24","date_gmt":"2025-03-18T08:10:24","guid":{"rendered":"https:\/\/becreative.ee\/?post_type=product&#038;p=7189"},"modified":"2025-03-18T08:17:32","modified_gmt":"2025-03-18T08:17:32","slug":"hoooked-ergonoomilise-kaepidemega-heegelnoel-6mm","status":"publish","type":"product","link":"https:\/\/becreative.ee\/en\/product\/hoooked-ergonoomilise-kaepidemega-heegelnoel-6mm\/","title":{"rendered":"Hoooked ergonoomilise k\u00e4epidemega heegeln\u00f5el 6mm"},"content":{"rendered":"<p>Heegeln\u00f5ela suurus: 6 mm<\/p>\n<p>Heegeln\u00f5ela pikkus: 13 cm<\/p>\n<p>Kaal: 5 g<\/p>\n<p>&nbsp;<\/p>\n<p>Jaapanis k\u00e4sit\u00f6\u00f6na valminud ergonoomilise k\u00e4epidemega heegeln\u00f5ela on mugav k\u00e4es hoida. Pisikesed sooned aitavad \u00e4ra hoida libisemist. Sobib k\u00f5igile, kes armastavad t\u00f6\u00f6tada naturaalsete materjalidega.<\/p>","protected":false},"excerpt":{"rendered":"<p>Jaapanis k\u00e4sit\u00f6\u00f6na valminud ergonoomilise k\u00e4epidemega heegeln\u00f5ela on mugav k\u00e4es hoida. Pisikesed sooned aitavad \u00e4ra hoida libisemist. Sobib k\u00f5igile, kes armastavad t\u00f6\u00f6tada naturaalsete materjalidega.<\/p>","protected":false},"featured_media":7190,"template":"","meta":[],"product_brand":[],"product_cat":[263,783,789,270],"product_tag":[],"class_list":{"0":"post-7189","1":"product","2":"type-product","3":"status-publish","4":"has-post-thumbnail","6":"product_cat-brandid","7":"product_cat-heegeldamine","8":"product_cat-heegelnoelad-heegeldamine","9":"product_cat-hoooked","11":"first","12":"instock","13":"taxable","14":"shipping-taxable","15":"purchasable","16":"product-type-simple"},"jetpack_sharing_enabled":true,"_links":{"self":[{"href":"https:\/\/becreative.ee\/en\/wp-json\/wp\/v2\/product\/7189","targetHints":{"allow":["GET"]}}],"collection":[{"href":"https:\/\/becreative.ee\/en\/wp-json\/wp\/v2\/product"}],"about":[{"href":"https:\/\/becreative.ee\/en\/wp-json\/wp\/v2\/types\/product"}],"version-history":[{"count":1,"href":"https:\/\/becreative.ee\/en\/wp-json\/wp\/v2\/product\/7189\/revisions"}],"predecessor-version":[{"id":7191,"href":"https:\/\/becreative.ee\/en\/wp-json\/wp\/v2\/product\/7189\/revisions\/7191"}],"wp:featuredmedia":[{"embeddable":true,"href":"https:\/\/becreative.ee\/en\/wp-json\/wp\/v2\/media\/7190"}],"wp:attachment":[{"href":"https:\/\/becreative.ee\/en\/wp-json\/wp\/v2\/media?parent=7189"}],"wp:term":[{"taxonomy":"product_brand","embeddable":true,"href":"https:\/\/becreative.ee\/en\/wp-json\/wp\/v2\/product_brand?post=7189"},{"taxonomy":"product_cat","embeddable":true,"href":"https:\/\/becreative.ee\/en\/wp-json\/wp\/v2\/product_cat?post=7189"},{"taxonomy":"product_tag","embeddable":true,"href":"https:\/\/becreative.ee\/en\/wp-json\/wp\/v2\/product_tag?post=7189"}],"curies":[{"name":"wp","href":"https:\/\/api.w.org\/{rel}","templated":true}]}}