{"id":7192,"date":"2025-03-18T08:28:04","date_gmt":"2025-03-18T08:28:04","guid":{"rendered":"https:\/\/becreative.ee\/?post_type=product&#038;p=7192"},"modified":"2025-03-18T08:33:16","modified_gmt":"2025-03-18T08:33:16","slug":"hoooked-bambusest-ringvardad-pikkusega-80-cm-3mm","status":"publish","type":"product","link":"https:\/\/becreative.ee\/en\/product\/hoooked-bambusest-ringvardad-pikkusega-80-cm-3mm\/","title":{"rendered":"Hoooked bambusest ringvardad pikkusega 80 cm 3mm"},"content":{"rendered":"<p>Varraste suurus: 3 mm<\/p>\n<p>Varraste pikkus: 80 cm<\/p>\n<p>&nbsp;<\/p>\n<p>Bambusest valmistatud ringvardad sobivad ideaalselt m\u00fctside, varrukate, sallide v\u00f5i m\u00f5ne muu ringselt kudumist vajava eseme kudumiseks. Bambusest vardad sobivad suurep\u00e4raselt inimestele kellel on nikli- v\u00f5i metalliallergia. Samuti k\u00f5igile neile, kellele meeldib t\u00f6\u00f6tada naturaalsete materjalidega.<\/p>","protected":false},"excerpt":{"rendered":"<p>Bambusest valmistatud ringvardad sobivad ideaalselt m\u00fctside, varrukate, sallide v\u00f5i m\u00f5ne muu ringselt kudumist vajava eseme kudumiseks. Bambusest vardad sobivad suurep\u00e4raselt inimestele kellel on nikli- v\u00f5i metalliallergia. Samuti k\u00f5igile neile, kellele meeldib t\u00f6\u00f6tada naturaalsete materjalidega.<\/p>","protected":false},"featured_media":7193,"template":"","meta":[],"product_brand":[],"product_cat":[263,270,782,791],"product_tag":[],"class_list":{"0":"post-7192","1":"product","2":"type-product","3":"status-publish","4":"has-post-thumbnail","6":"product_cat-brandid","7":"product_cat-hoooked","8":"product_cat-kudumine","9":"product_cat-vardad-kudumine","11":"first","12":"instock","13":"taxable","14":"shipping-taxable","15":"purchasable","16":"product-type-simple"},"jetpack_sharing_enabled":true,"_links":{"self":[{"href":"https:\/\/becreative.ee\/en\/wp-json\/wp\/v2\/product\/7192","targetHints":{"allow":["GET"]}}],"collection":[{"href":"https:\/\/becreative.ee\/en\/wp-json\/wp\/v2\/product"}],"about":[{"href":"https:\/\/becreative.ee\/en\/wp-json\/wp\/v2\/types\/product"}],"version-history":[{"count":1,"href":"https:\/\/becreative.ee\/en\/wp-json\/wp\/v2\/product\/7192\/revisions"}],"predecessor-version":[{"id":7194,"href":"https:\/\/becreative.ee\/en\/wp-json\/wp\/v2\/product\/7192\/revisions\/7194"}],"wp:featuredmedia":[{"embeddable":true,"href":"https:\/\/becreative.ee\/en\/wp-json\/wp\/v2\/media\/7193"}],"wp:attachment":[{"href":"https:\/\/becreative.ee\/en\/wp-json\/wp\/v2\/media?parent=7192"}],"wp:term":[{"taxonomy":"product_brand","embeddable":true,"href":"https:\/\/becreative.ee\/en\/wp-json\/wp\/v2\/product_brand?post=7192"},{"taxonomy":"product_cat","embeddable":true,"href":"https:\/\/becreative.ee\/en\/wp-json\/wp\/v2\/product_cat?post=7192"},{"taxonomy":"product_tag","embeddable":true,"href":"https:\/\/becreative.ee\/en\/wp-json\/wp\/v2\/product_tag?post=7192"}],"curies":[{"name":"wp","href":"https:\/\/api.w.org\/{rel}","templated":true}]}}