{"id":7210,"date":"2025-03-18T09:38:54","date_gmt":"2025-03-18T09:38:54","guid":{"rendered":"https:\/\/becreative.ee\/?post_type=product&#038;p=7210"},"modified":"2025-03-18T09:42:43","modified_gmt":"2025-03-18T09:42:43","slug":"long-tossa-100-g","status":"publish","type":"product","link":"https:\/\/becreative.ee\/en\/product\/long-tossa-100-g\/","title":{"rendered":"L\u00f5ng Tossa 100 g"},"content":{"rendered":"<p>L\u00f5ng: 100 % jute<\/p>\n<p>Varda suurus: 5 \u2013 6 mm<\/p>\n<p>Heegeln\u00f5ela suurus: 5 \u2013 6 mm<\/p>\n<p>Kaal: 100 g<\/p>\n<p>L\u00f5nga pikkus: 165 m<\/p>\n<p>&nbsp;<\/p>\n<p>Pesujuhised:<\/p>\n<p><img decoding=\"async\" class=\"alignnone size-full wp-image-879\" src=\"https:\/\/becreative.ee\/wp-content\/uploads\/2020\/04\/k%C3%A4sitsipesu.png\" alt=\"\" width=\"50\" height=\"50\" \/>\u00a0<img decoding=\"async\" class=\"alignnone size-full wp-image-298\" src=\"https:\/\/becreative.ee\/wp-content\/uploads\/2020\/03\/trummelkuivatus_keelatud.png\" alt=\"\" width=\"50\" height=\"50\" \/>\u00a0<img decoding=\"async\" class=\"alignnone size-full wp-image-299\" src=\"https:\/\/becreative.ee\/wp-content\/uploads\/2020\/03\/valgendamine-keelatud.png\" alt=\"\" width=\"50\" height=\"50\" \/>\u00a0<img loading=\"lazy\" decoding=\"async\" class=\"alignnone size-full wp-image-1407\" src=\"https:\/\/becreative.ee\/wp-content\/uploads\/2020\/05\/triikimine_keelatud.png\" alt=\"\" width=\"50\" height=\"50\" \/>\u00a0<img loading=\"lazy\" decoding=\"async\" class=\"alignnone size-full wp-image-1408\" src=\"https:\/\/becreative.ee\/wp-content\/uploads\/2020\/05\/keemiline_puhastus_keelatud.png\" alt=\"\" width=\"50\" height=\"50\" \/><\/p>\n<p>&nbsp;<\/p>\n<p>100 % jutest valmistatud l\u00f5ng sobib nii sise- kui v\u00e4lisprojektideks. L\u00f5ng on valmistatud Brasiilia pereettev\u00f5tte poolt ja omab sertifikaati BCS (j\u00e4tkusuutlik tootmine). Kui l\u00f5ngast valmistatud toote aeg on l\u00e4bi on see t\u00e4ielikult biolagunev.<\/p>","protected":false},"excerpt":{"rendered":"<p>L\u00f5ng: 100 % jute<\/p>\n<p>Varda suurus: 5 \u2013 6 mm<\/p>\n<p>Heegeln\u00f5ela suurus: 5 \u2013 6 mm<\/p>\n<p>Kaal: 100 g<\/p>\n<p>L\u00f5nga pikkus: 165 m<\/p>","protected":false},"featured_media":7203,"template":"","meta":[],"product_brand":[],"product_cat":[263,270,320,23],"product_tag":[],"class_list":{"0":"post-7210","1":"product","2":"type-product","3":"status-publish","4":"has-post-thumbnail","6":"product_cat-brandid","7":"product_cat-hoooked","8":"product_cat-jute","9":"product_cat-longad","11":"first","12":"instock","13":"taxable","14":"shipping-taxable","15":"purchasable","16":"product-type-simple"},"jetpack_sharing_enabled":true,"_links":{"self":[{"href":"https:\/\/becreative.ee\/en\/wp-json\/wp\/v2\/product\/7210","targetHints":{"allow":["GET"]}}],"collection":[{"href":"https:\/\/becreative.ee\/en\/wp-json\/wp\/v2\/product"}],"about":[{"href":"https:\/\/becreative.ee\/en\/wp-json\/wp\/v2\/types\/product"}],"version-history":[{"count":1,"href":"https:\/\/becreative.ee\/en\/wp-json\/wp\/v2\/product\/7210\/revisions"}],"predecessor-version":[{"id":7216,"href":"https:\/\/becreative.ee\/en\/wp-json\/wp\/v2\/product\/7210\/revisions\/7216"}],"wp:featuredmedia":[{"embeddable":true,"href":"https:\/\/becreative.ee\/en\/wp-json\/wp\/v2\/media\/7203"}],"wp:attachment":[{"href":"https:\/\/becreative.ee\/en\/wp-json\/wp\/v2\/media?parent=7210"}],"wp:term":[{"taxonomy":"product_brand","embeddable":true,"href":"https:\/\/becreative.ee\/en\/wp-json\/wp\/v2\/product_brand?post=7210"},{"taxonomy":"product_cat","embeddable":true,"href":"https:\/\/becreative.ee\/en\/wp-json\/wp\/v2\/product_cat?post=7210"},{"taxonomy":"product_tag","embeddable":true,"href":"https:\/\/becreative.ee\/en\/wp-json\/wp\/v2\/product_tag?post=7210"}],"curies":[{"name":"wp","href":"https:\/\/api.w.org\/{rel}","templated":true}]}}