{"id":7241,"date":"2025-03-18T16:53:44","date_gmt":"2025-03-18T16:53:44","guid":{"rendered":"https:\/\/becreative.ee\/?post_type=product&#038;p=7241"},"modified":"2025-12-25T15:40:42","modified_gmt":"2025-12-25T15:40:42","slug":"tume-puuvillane-taide-1-kg","status":"publish","type":"product","link":"https:\/\/becreative.ee\/en\/product\/tume-puuvillane-taide-1-kg\/","title":{"rendered":"Tume puuvillane t\u00e4ide 1 kg"},"content":{"rendered":"<p>See 100% \u00f6koloogiline (85% puuvill, 15% muu kiud) taaskasutatud puuvillast t\u00e4ide\u00a0 on valmistatud moet\u00f6\u00f6stuse tekstiilij\u00e4\u00e4tmetest. T\u00e4ide on \u00fclipehme ja kohev ning pestav madalal temperatuuril pesumasinas. Sobib suurep\u00e4raselt erinevate m\u00e4nguasjade t\u00e4itmiseks. Netokaal 1 kg.<\/p>","protected":false},"excerpt":{"rendered":"<p>See 100% \u00f6koloogiline (85% puuvill, 15% muu kiud) taaskasutatud puuvillast t\u00e4ide\u00a0 on valmistatud moet\u00f6\u00f6stuse tekstiilij\u00e4\u00e4tmetest. T\u00e4ide on \u00fclipehme ja kohev ning pestav madalal temperatuuril pesumasinas. Sobib suurep\u00e4raselt erinevate m\u00e4nguasjade t\u00e4itmiseks. Netokaal 1 kg.<\/p>","protected":false},"featured_media":7242,"template":"","meta":[],"product_brand":[],"product_cat":[263,270,17,140],"product_tag":[],"class_list":{"0":"post-7241","1":"product","2":"type-product","3":"status-publish","4":"has-post-thumbnail","6":"product_cat-brandid","7":"product_cat-hoooked","8":"product_cat-manguasjadevalmistamine","9":"product_cat-taide","11":"first","12":"instock","13":"taxable","14":"shipping-taxable","15":"purchasable","16":"product-type-simple"},"jetpack_sharing_enabled":true,"_links":{"self":[{"href":"https:\/\/becreative.ee\/en\/wp-json\/wp\/v2\/product\/7241","targetHints":{"allow":["GET"]}}],"collection":[{"href":"https:\/\/becreative.ee\/en\/wp-json\/wp\/v2\/product"}],"about":[{"href":"https:\/\/becreative.ee\/en\/wp-json\/wp\/v2\/types\/product"}],"version-history":[{"count":1,"href":"https:\/\/becreative.ee\/en\/wp-json\/wp\/v2\/product\/7241\/revisions"}],"predecessor-version":[{"id":7243,"href":"https:\/\/becreative.ee\/en\/wp-json\/wp\/v2\/product\/7241\/revisions\/7243"}],"wp:featuredmedia":[{"embeddable":true,"href":"https:\/\/becreative.ee\/en\/wp-json\/wp\/v2\/media\/7242"}],"wp:attachment":[{"href":"https:\/\/becreative.ee\/en\/wp-json\/wp\/v2\/media?parent=7241"}],"wp:term":[{"taxonomy":"product_brand","embeddable":true,"href":"https:\/\/becreative.ee\/en\/wp-json\/wp\/v2\/product_brand?post=7241"},{"taxonomy":"product_cat","embeddable":true,"href":"https:\/\/becreative.ee\/en\/wp-json\/wp\/v2\/product_cat?post=7241"},{"taxonomy":"product_tag","embeddable":true,"href":"https:\/\/becreative.ee\/en\/wp-json\/wp\/v2\/product_tag?post=7241"}],"curies":[{"name":"wp","href":"https:\/\/api.w.org\/{rel}","templated":true}]}}