{"id":7244,"date":"2025-03-18T17:00:28","date_gmt":"2025-03-18T17:00:28","guid":{"rendered":"https:\/\/becreative.ee\/?post_type=product&#038;p=7244"},"modified":"2026-01-27T13:48:12","modified_gmt":"2026-01-27T13:48:12","slug":"tume-puuvillane-taide","status":"publish","type":"product","link":"https:\/\/becreative.ee\/en\/product\/tume-puuvillane-taide\/","title":{"rendered":"Tume puuvillane t\u00e4ide"},"content":{"rendered":"<p>See 100% \u00f6koloogiline (85% puuvill, 15% muu kiud) taaskasutatud puuvillast t\u00e4ide\u00a0 on valmistatud moet\u00f6\u00f6stuse tekstiilij\u00e4\u00e4tmetest. T\u00e4ide on \u00fclipehme ja kohev ning pestav madalal temperatuuril pesumasinas. Sobib suurep\u00e4raselt erinevate m\u00e4nguasjade t\u00e4itmiseks. Netokaal 250 g.<\/p>","protected":false},"excerpt":{"rendered":"<p>See 100% \u00f6koloogiline (85% puuvill, 15% muu kiud) taaskasutatud puuvillast t\u00e4ide\u00a0 on valmistatud moet\u00f6\u00f6stuse tekstiilij\u00e4\u00e4tmetest. T\u00e4ide on \u00fclipehme ja kohev ning pestav madalal temperatuuril pesumasinas. Sobib suurep\u00e4raselt erinevate m\u00e4nguasjade t\u00e4itmiseks. Netokaal 250 g.<\/p>","protected":false},"featured_media":7245,"template":"","meta":[],"product_brand":[],"product_cat":[263,270,17,140],"product_tag":[],"class_list":{"0":"post-7244","1":"product","2":"type-product","3":"status-publish","4":"has-post-thumbnail","6":"product_cat-brandid","7":"product_cat-hoooked","8":"product_cat-manguasjadevalmistamine","9":"product_cat-taide","11":"first","12":"instock","13":"taxable","14":"shipping-taxable","15":"purchasable","16":"product-type-simple"},"jetpack_sharing_enabled":true,"_links":{"self":[{"href":"https:\/\/becreative.ee\/en\/wp-json\/wp\/v2\/product\/7244","targetHints":{"allow":["GET"]}}],"collection":[{"href":"https:\/\/becreative.ee\/en\/wp-json\/wp\/v2\/product"}],"about":[{"href":"https:\/\/becreative.ee\/en\/wp-json\/wp\/v2\/types\/product"}],"version-history":[{"count":2,"href":"https:\/\/becreative.ee\/en\/wp-json\/wp\/v2\/product\/7244\/revisions"}],"predecessor-version":[{"id":7278,"href":"https:\/\/becreative.ee\/en\/wp-json\/wp\/v2\/product\/7244\/revisions\/7278"}],"wp:featuredmedia":[{"embeddable":true,"href":"https:\/\/becreative.ee\/en\/wp-json\/wp\/v2\/media\/7245"}],"wp:attachment":[{"href":"https:\/\/becreative.ee\/en\/wp-json\/wp\/v2\/media?parent=7244"}],"wp:term":[{"taxonomy":"product_brand","embeddable":true,"href":"https:\/\/becreative.ee\/en\/wp-json\/wp\/v2\/product_brand?post=7244"},{"taxonomy":"product_cat","embeddable":true,"href":"https:\/\/becreative.ee\/en\/wp-json\/wp\/v2\/product_cat?post=7244"},{"taxonomy":"product_tag","embeddable":true,"href":"https:\/\/becreative.ee\/en\/wp-json\/wp\/v2\/product_tag?post=7244"}],"curies":[{"name":"wp","href":"https:\/\/api.w.org\/{rel}","templated":true}]}}