{"id":7247,"date":"2025-03-18T17:20:22","date_gmt":"2025-03-18T17:20:22","guid":{"rendered":"https:\/\/becreative.ee\/?post_type=product&#038;p=7247"},"modified":"2025-09-02T10:33:20","modified_gmt":"2025-09-02T10:33:20","slug":"hoooked-ovaalne-kotipohi","status":"publish","type":"product","link":"https:\/\/becreative.ee\/en\/product\/hoooked-ovaalne-kotipohi\/","title":{"rendered":"Hoooked ovaalne koti p\u00f5hi"},"content":{"rendered":"<p>K\u00e4ekoti alus on m\u00f5eldud kottidele, mida soovitakse valmistada kududes v\u00f5i heegeldades. Koti p\u00f5hi on valmistatud Itaalias kunstnahast. P\u00f5hja suurus 30 x 10 cm, paksus 4 mm.<\/p>","protected":false},"excerpt":{"rendered":"<p>K\u00e4ekoti alus on m\u00f5eldud kottidele, mida soovitakse valmistada kududes v\u00f5i heegeldades. Koti p\u00f5hi on valmistatud Itaalias kunstnahast. P\u00f5hja suurus 30 x 10 cm, paksus 4 mm.<\/p>","protected":false},"featured_media":7249,"template":"","meta":[],"product_brand":[],"product_cat":[263,783,270],"product_tag":[],"class_list":{"0":"post-7247","1":"product","2":"type-product","3":"status-publish","4":"has-post-thumbnail","6":"product_cat-brandid","7":"product_cat-heegeldamine","8":"product_cat-hoooked","10":"first","11":"instock","12":"taxable","13":"shipping-taxable","14":"purchasable","15":"product-type-variable"},"jetpack_sharing_enabled":true,"_links":{"self":[{"href":"https:\/\/becreative.ee\/en\/wp-json\/wp\/v2\/product\/7247","targetHints":{"allow":["GET"]}}],"collection":[{"href":"https:\/\/becreative.ee\/en\/wp-json\/wp\/v2\/product"}],"about":[{"href":"https:\/\/becreative.ee\/en\/wp-json\/wp\/v2\/types\/product"}],"version-history":[{"count":2,"href":"https:\/\/becreative.ee\/en\/wp-json\/wp\/v2\/product\/7247\/revisions"}],"predecessor-version":[{"id":7255,"href":"https:\/\/becreative.ee\/en\/wp-json\/wp\/v2\/product\/7247\/revisions\/7255"}],"wp:featuredmedia":[{"embeddable":true,"href":"https:\/\/becreative.ee\/en\/wp-json\/wp\/v2\/media\/7249"}],"wp:attachment":[{"href":"https:\/\/becreative.ee\/en\/wp-json\/wp\/v2\/media?parent=7247"}],"wp:term":[{"taxonomy":"product_brand","embeddable":true,"href":"https:\/\/becreative.ee\/en\/wp-json\/wp\/v2\/product_brand?post=7247"},{"taxonomy":"product_cat","embeddable":true,"href":"https:\/\/becreative.ee\/en\/wp-json\/wp\/v2\/product_cat?post=7247"},{"taxonomy":"product_tag","embeddable":true,"href":"https:\/\/becreative.ee\/en\/wp-json\/wp\/v2\/product_tag?post=7247"}],"curies":[{"name":"wp","href":"https:\/\/api.w.org\/{rel}","templated":true}]}}