{"id":7256,"date":"2025-03-18T17:32:26","date_gmt":"2025-03-18T17:32:26","guid":{"rendered":"https:\/\/becreative.ee\/?post_type=product&#038;p=7256"},"modified":"2025-09-02T10:33:20","modified_gmt":"2025-09-02T10:33:20","slug":"hoooked-kaekotirihm","status":"publish","type":"product","link":"https:\/\/becreative.ee\/en\/product\/hoooked-kaekotirihm\/","title":{"rendered":"Hoooked k\u00e4ekotirihm"},"content":{"rendered":"<p>Itaalias toodetud kunstnahast rihm on m\u00f5eldud k\u00e4ekottide valmistamiseks. Seda saab reguleerida kuni 70 cm.<\/p>","protected":false},"excerpt":{"rendered":"<p>Itaalias toodetud kunstnahast rihm on m\u00f5eldud k\u00e4ekottide valmistamiseks. Seda saab reguleerida kuni 70 cm.<\/p>","protected":false},"featured_media":7260,"template":"","meta":[],"product_brand":[],"product_cat":[263,270,279,1382],"product_tag":[],"class_list":{"0":"post-7256","1":"product","2":"type-product","3":"status-publish","4":"has-post-thumbnail","6":"product_cat-brandid","7":"product_cat-hoooked","8":"product_cat-kasitooks-vajalik","9":"product_cat-rihmad","11":"first","12":"instock","13":"taxable","14":"shipping-taxable","15":"purchasable","16":"product-type-variable"},"jetpack_sharing_enabled":true,"_links":{"self":[{"href":"https:\/\/becreative.ee\/en\/wp-json\/wp\/v2\/product\/7256","targetHints":{"allow":["GET"]}}],"collection":[{"href":"https:\/\/becreative.ee\/en\/wp-json\/wp\/v2\/product"}],"about":[{"href":"https:\/\/becreative.ee\/en\/wp-json\/wp\/v2\/types\/product"}],"version-history":[{"count":1,"href":"https:\/\/becreative.ee\/en\/wp-json\/wp\/v2\/product\/7256\/revisions"}],"predecessor-version":[{"id":7257,"href":"https:\/\/becreative.ee\/en\/wp-json\/wp\/v2\/product\/7256\/revisions\/7257"}],"wp:featuredmedia":[{"embeddable":true,"href":"https:\/\/becreative.ee\/en\/wp-json\/wp\/v2\/media\/7260"}],"wp:attachment":[{"href":"https:\/\/becreative.ee\/en\/wp-json\/wp\/v2\/media?parent=7256"}],"wp:term":[{"taxonomy":"product_brand","embeddable":true,"href":"https:\/\/becreative.ee\/en\/wp-json\/wp\/v2\/product_brand?post=7256"},{"taxonomy":"product_cat","embeddable":true,"href":"https:\/\/becreative.ee\/en\/wp-json\/wp\/v2\/product_cat?post=7256"},{"taxonomy":"product_tag","embeddable":true,"href":"https:\/\/becreative.ee\/en\/wp-json\/wp\/v2\/product_tag?post=7256"}],"curies":[{"name":"wp","href":"https:\/\/api.w.org\/{rel}","templated":true}]}}