{"id":7336,"date":"2025-09-08T04:21:38","date_gmt":"2025-09-08T04:21:38","guid":{"rendered":"https:\/\/becreative.ee\/?post_type=product&#038;p=7336"},"modified":"2025-09-08T04:22:12","modified_gmt":"2025-09-08T04:22:12","slug":"kaunistustega-tikkimiskaarid","status":"publish","type":"product","link":"https:\/\/becreative.ee\/en\/product\/kaunistustega-tikkimiskaarid\/","title":{"rendered":"Kaunistustega tikkimisk\u00e4\u00e4rid"},"content":{"rendered":"<p>Luksuslikud tikkimisk\u00e4\u00e4rid on 11 cm pikad. Teravate teradega on v\u00f5imalik l\u00f5igata kiirelt ja t\u00e4pselt.<\/p>","protected":false},"excerpt":{"rendered":"<p>Luksuslikud tikkimisk\u00e4\u00e4rid on 11 cm pikad. Teravate teradega on v\u00f5imalik l\u00f5igata kiirelt ja t\u00e4pselt.<\/p>","protected":false},"featured_media":7337,"template":"","meta":[],"product_brand":[],"product_cat":[788,982],"product_tag":[],"class_list":{"0":"post-7336","1":"product","2":"type-product","3":"status-publish","4":"has-post-thumbnail","6":"product_cat-abivahendid","7":"product_cat-kaarid-loikurid","9":"first","10":"instock","11":"taxable","12":"shipping-taxable","13":"purchasable","14":"product-type-simple"},"jetpack_sharing_enabled":true,"_links":{"self":[{"href":"https:\/\/becreative.ee\/en\/wp-json\/wp\/v2\/product\/7336","targetHints":{"allow":["GET"]}}],"collection":[{"href":"https:\/\/becreative.ee\/en\/wp-json\/wp\/v2\/product"}],"about":[{"href":"https:\/\/becreative.ee\/en\/wp-json\/wp\/v2\/types\/product"}],"version-history":[{"count":2,"href":"https:\/\/becreative.ee\/en\/wp-json\/wp\/v2\/product\/7336\/revisions"}],"predecessor-version":[{"id":7339,"href":"https:\/\/becreative.ee\/en\/wp-json\/wp\/v2\/product\/7336\/revisions\/7339"}],"wp:featuredmedia":[{"embeddable":true,"href":"https:\/\/becreative.ee\/en\/wp-json\/wp\/v2\/media\/7337"}],"wp:attachment":[{"href":"https:\/\/becreative.ee\/en\/wp-json\/wp\/v2\/media?parent=7336"}],"wp:term":[{"taxonomy":"product_brand","embeddable":true,"href":"https:\/\/becreative.ee\/en\/wp-json\/wp\/v2\/product_brand?post=7336"},{"taxonomy":"product_cat","embeddable":true,"href":"https:\/\/becreative.ee\/en\/wp-json\/wp\/v2\/product_cat?post=7336"},{"taxonomy":"product_tag","embeddable":true,"href":"https:\/\/becreative.ee\/en\/wp-json\/wp\/v2\/product_tag?post=7336"}],"curies":[{"name":"wp","href":"https:\/\/api.w.org\/{rel}","templated":true}]}}