{"id":7364,"date":"2025-09-13T13:57:14","date_gmt":"2025-09-13T13:57:14","guid":{"rendered":"https:\/\/becreative.ee\/?post_type=product&#038;p=7364"},"modified":"2026-02-26T10:34:31","modified_gmt":"2026-02-26T10:34:31","slug":"oxford-torketikandi-tooriist-fine-13","status":"publish","type":"product","link":"https:\/\/becreative.ee\/en\/product\/oxford-torketikandi-tooriist-fine-13\/","title":{"rendered":"Oxford torketikandi t\u00f6\u00f6riist Fine 13"},"content":{"rendered":"<p>See torketikandi t\u00f6\u00f6riista sari on v\u00e4lja t\u00f6\u00f6tatud koost\u00f6\u00f6s Amy Oxfordiga. Kvaliteetne puidust k\u00e4epide v\u00f5ib tunduda lakitud, kuid tegelikult see nii ei ole. Ergonoomiline disain ja puidu sile viimistlus aitavad kaasa mugavale haardele n\u00f5ela k\u00e4sitlemisel. Roostevabast terasest n\u00f5elaots on elektropoleeritud. N\u00f5el asub ilusas, magnetiga suletavas poppkarbis.<\/p>\n<p>&nbsp;<\/p>\n<p>Nr. 13: 5 mm aas<\/p>","protected":false},"excerpt":{"rendered":"<p>See torketikandi t\u00f6\u00f6riista sari on v\u00e4lja t\u00f6\u00f6tatud koost\u00f6\u00f6s Amy Oxfordiga. Kvaliteetne puidust k\u00e4epide v\u00f5ib tunduda lakitud, kuid tegelikult see nii ei ole. Ergonoomiline disain ja puidu sile viimistlus aitavad kaasa mugavale haardele n\u00f5ela k\u00e4sitlemisel. Roostevabast terasest n\u00f5elaots on elektropoleeritud. N\u00f5el asub ilusas, magnetiga suletavas poppkarbis.<\/p>\n<p>&nbsp;<\/p>\n<p>Nr. 13: 5 mm aas<\/p>","protected":false},"featured_media":7359,"template":"","meta":[],"product_brand":[],"product_cat":[1396,772,777],"product_tag":[],"class_list":{"0":"post-7364","1":"product","2":"type-product","3":"status-publish","4":"has-post-thumbnail","6":"product_cat-the-oxford-company","7":"product_cat-tikkimine","8":"product_cat-torketikand","10":"first","11":"outofstock","12":"taxable","13":"shipping-taxable","14":"purchasable","15":"product-type-simple"},"jetpack_sharing_enabled":true,"_links":{"self":[{"href":"https:\/\/becreative.ee\/en\/wp-json\/wp\/v2\/product\/7364","targetHints":{"allow":["GET"]}}],"collection":[{"href":"https:\/\/becreative.ee\/en\/wp-json\/wp\/v2\/product"}],"about":[{"href":"https:\/\/becreative.ee\/en\/wp-json\/wp\/v2\/types\/product"}],"version-history":[{"count":1,"href":"https:\/\/becreative.ee\/en\/wp-json\/wp\/v2\/product\/7364\/revisions"}],"predecessor-version":[{"id":7365,"href":"https:\/\/becreative.ee\/en\/wp-json\/wp\/v2\/product\/7364\/revisions\/7365"}],"wp:featuredmedia":[{"embeddable":true,"href":"https:\/\/becreative.ee\/en\/wp-json\/wp\/v2\/media\/7359"}],"wp:attachment":[{"href":"https:\/\/becreative.ee\/en\/wp-json\/wp\/v2\/media?parent=7364"}],"wp:term":[{"taxonomy":"product_brand","embeddable":true,"href":"https:\/\/becreative.ee\/en\/wp-json\/wp\/v2\/product_brand?post=7364"},{"taxonomy":"product_cat","embeddable":true,"href":"https:\/\/becreative.ee\/en\/wp-json\/wp\/v2\/product_cat?post=7364"},{"taxonomy":"product_tag","embeddable":true,"href":"https:\/\/becreative.ee\/en\/wp-json\/wp\/v2\/product_tag?post=7364"}],"curies":[{"name":"wp","href":"https:\/\/api.w.org\/{rel}","templated":true}]}}