{"id":7371,"date":"2025-09-13T14:10:15","date_gmt":"2025-09-13T14:10:15","guid":{"rendered":"https:\/\/becreative.ee\/?post_type=product&#038;p=7371"},"modified":"2025-09-13T14:11:06","modified_gmt":"2025-09-13T14:11:06","slug":"oxford-torketikandi-alusraam-25-x-25-cm","status":"publish","type":"product","link":"https:\/\/becreative.ee\/en\/product\/oxford-torketikandi-alusraam-25-x-25-cm\/","title":{"rendered":"Oxford torketikandi alusraam 25 x 25 cm"},"content":{"rendered":"<p>Torketikandi alusraamile on kanga kinnitamine ja pingutamine \u00fclimalt lihtne. \u00dchtlaselt pingul kangas on aga torketikandit tehes \u00e4\u00e4rmiselt vajalik. Raam on valmistatud t\u00e4ispuidust, ning selle \u00e4\u00e4rde on kinnitataud pisikesed teravad nagad. Raam tarnitakse lahti v\u00f5etult, kuid seda on lihtne kokku panna (k\u00f5ik vajalik on kaasas).<\/p>\n<p>K\u00e4te ja k\u00e4sivarte kaitseks on soovitav kasutada selleks ette n\u00e4htud kaitset (m\u00fc\u00fcgil eraldi).<\/p>\n<p>&nbsp;<\/p>\n<p>Raami m\u00f5\u00f5dud 25 x 25 cm<\/p>","protected":false},"excerpt":{"rendered":"<p>Torketikandi alusraamile on kanga kinnitamine ja pingutamine \u00fclimalt lihtne. \u00dchtlaselt pingul kangas on aga torketikandit tehes \u00e4\u00e4rmiselt vajalik. Raam on valmistatud t\u00e4ispuidust, ning selle \u00e4\u00e4rde on kinnitataud pisikesed teravad nagad. Raam tarnitakse lahti v\u00f5etult, kuid seda on lihtne kokku panna (k\u00f5ik vajalik on kaasas).<\/p>\n<p>K\u00e4te ja k\u00e4sivarte kaitseks on soovitav kasutada selleks ette n\u00e4htud kaitset (m\u00fc\u00fcgil eraldi).<\/p>\n<p>&nbsp;<\/p>\n<p>Raami m\u00f5\u00f5dud 25 x 25 cm<\/p>","protected":false},"featured_media":7367,"template":"","meta":[],"product_brand":[],"product_cat":[263,1396,772,777],"product_tag":[],"class_list":{"0":"post-7371","1":"product","2":"type-product","3":"status-publish","4":"has-post-thumbnail","6":"product_cat-brandid","7":"product_cat-the-oxford-company","8":"product_cat-tikkimine","9":"product_cat-torketikand","11":"first","12":"instock","13":"taxable","14":"shipping-taxable","15":"purchasable","16":"product-type-simple"},"jetpack_sharing_enabled":true,"_links":{"self":[{"href":"https:\/\/becreative.ee\/en\/wp-json\/wp\/v2\/product\/7371","targetHints":{"allow":["GET"]}}],"collection":[{"href":"https:\/\/becreative.ee\/en\/wp-json\/wp\/v2\/product"}],"about":[{"href":"https:\/\/becreative.ee\/en\/wp-json\/wp\/v2\/types\/product"}],"version-history":[{"count":1,"href":"https:\/\/becreative.ee\/en\/wp-json\/wp\/v2\/product\/7371\/revisions"}],"predecessor-version":[{"id":7372,"href":"https:\/\/becreative.ee\/en\/wp-json\/wp\/v2\/product\/7371\/revisions\/7372"}],"wp:featuredmedia":[{"embeddable":true,"href":"https:\/\/becreative.ee\/en\/wp-json\/wp\/v2\/media\/7367"}],"wp:attachment":[{"href":"https:\/\/becreative.ee\/en\/wp-json\/wp\/v2\/media?parent=7371"}],"wp:term":[{"taxonomy":"product_brand","embeddable":true,"href":"https:\/\/becreative.ee\/en\/wp-json\/wp\/v2\/product_brand?post=7371"},{"taxonomy":"product_cat","embeddable":true,"href":"https:\/\/becreative.ee\/en\/wp-json\/wp\/v2\/product_cat?post=7371"},{"taxonomy":"product_tag","embeddable":true,"href":"https:\/\/becreative.ee\/en\/wp-json\/wp\/v2\/product_tag?post=7371"}],"curies":[{"name":"wp","href":"https:\/\/api.w.org\/{rel}","templated":true}]}}