{"id":7373,"date":"2025-09-13T14:21:19","date_gmt":"2025-09-13T14:21:19","guid":{"rendered":"https:\/\/becreative.ee\/?post_type=product&#038;p=7373"},"modified":"2025-09-13T14:21:20","modified_gmt":"2025-09-13T14:21:20","slug":"oxfordi-torketikandi-raami-kaitseumbris-s","status":"publish","type":"product","link":"https:\/\/becreative.ee\/en\/product\/oxfordi-torketikandi-raami-kaitseumbris-s\/","title":{"rendered":"Oxfordi torketikandi raami kaitse\u00fcmbris  S"},"content":{"rendered":"<p>Kaitse\u00fcmbris on m\u00f5eldud kasutamiseks koos Oxfordi torketikandi raamiga, kaitsmaks teie k\u00e4si ja k\u00e4sivarsi teravate nagade eest. Kaitse koosneb kahest pehmest fliiskanga kihist ning pol\u00fcestrist t\u00e4idisest. Kaitse\u00fcmbris on pakendatud lukuga kotti. Samuti on kaitse madalal temperatuuril masinpestav.<\/p>\n<p>&nbsp;<\/p>\n<p>Suurus S &#8211; m\u00f5eldud raamile 25 x 25 cm.<\/p>","protected":false},"excerpt":{"rendered":"<p>Kaitse\u00fcmbris on m\u00f5eldud kasutamiseks koos Oxfordi torketikandi raamiga, kaitsmaks teie k\u00e4si ja k\u00e4sivarsi teravate nagade eest. Kaitse koosneb kahest pehmest fliiskanga kihist ning pol\u00fcestrist t\u00e4idisest. Kaitse\u00fcmbris on pakendatud lukuga kotti. Samuti on kaitse madalal temperatuuril masinpestav.<\/p>\n<p>&nbsp;<\/p>\n<p>Suurus S &#8211; m\u00f5eldud raamile 25 x 25 cm.<\/p>","protected":false},"featured_media":7374,"template":"","meta":[],"product_brand":[],"product_cat":[263,1396,772,777],"product_tag":[],"class_list":{"0":"post-7373","1":"product","2":"type-product","3":"status-publish","4":"has-post-thumbnail","6":"product_cat-brandid","7":"product_cat-the-oxford-company","8":"product_cat-tikkimine","9":"product_cat-torketikand","11":"first","12":"instock","13":"taxable","14":"shipping-taxable","15":"purchasable","16":"product-type-simple"},"jetpack_sharing_enabled":true,"_links":{"self":[{"href":"https:\/\/becreative.ee\/en\/wp-json\/wp\/v2\/product\/7373","targetHints":{"allow":["GET"]}}],"collection":[{"href":"https:\/\/becreative.ee\/en\/wp-json\/wp\/v2\/product"}],"about":[{"href":"https:\/\/becreative.ee\/en\/wp-json\/wp\/v2\/types\/product"}],"version-history":[{"count":2,"href":"https:\/\/becreative.ee\/en\/wp-json\/wp\/v2\/product\/7373\/revisions"}],"predecessor-version":[{"id":7377,"href":"https:\/\/becreative.ee\/en\/wp-json\/wp\/v2\/product\/7373\/revisions\/7377"}],"wp:featuredmedia":[{"embeddable":true,"href":"https:\/\/becreative.ee\/en\/wp-json\/wp\/v2\/media\/7374"}],"wp:attachment":[{"href":"https:\/\/becreative.ee\/en\/wp-json\/wp\/v2\/media?parent=7373"}],"wp:term":[{"taxonomy":"product_brand","embeddable":true,"href":"https:\/\/becreative.ee\/en\/wp-json\/wp\/v2\/product_brand?post=7373"},{"taxonomy":"product_cat","embeddable":true,"href":"https:\/\/becreative.ee\/en\/wp-json\/wp\/v2\/product_cat?post=7373"},{"taxonomy":"product_tag","embeddable":true,"href":"https:\/\/becreative.ee\/en\/wp-json\/wp\/v2\/product_tag?post=7373"}],"curies":[{"name":"wp","href":"https:\/\/api.w.org\/{rel}","templated":true}]}}