{"id":738,"date":"2020-04-15T12:31:50","date_gmt":"2020-04-15T12:31:50","guid":{"rendered":"https:\/\/becreative.ee\/?post_type=product&#038;p=738"},"modified":"2024-09-07T07:18:28","modified_gmt":"2024-09-07T07:18:28","slug":"silikoonist-hall-kinnitusrongas","status":"publish","type":"product","link":"https:\/\/becreative.ee\/en\/product\/silikoonist-hall-kinnitusrongas\/","title":{"rendered":"Silikoonist kinnitusr\u00f5ngas lutile"},"content":{"rendered":"<p>Silikoonist O-kujulist kinnitusr\u00f5ngast saab kasutada lutiketi valmistamisel sangata luti kinnitamiseks. Olgu kett siis heegeldatud, punutud, \u00f5mmeldud v\u00f5i koostatud p\u00e4rlitest. Kuigi ohutuse tagamiseks on silikoonist lutir\u00f5ngad testitud tuleb beebile m\u00e4nguasju valmistades olla eriti hoolas erinevate s\u00f5lmede ja kinnituste tegemisel. Kahjustusega v\u00f5i kulumisj\u00e4lgedega osad tuleb koheselt lutiketis v\u00e4lja vahetada.<\/p>","protected":false},"excerpt":{"rendered":"<p>Silikoonist O-kujulist kinnitusr\u00f5ngast saab kasutada lutiketi valmistamisel sangata luti kinnitamiseks. Olgu kett siis heegeldatud, punutud, \u00f5mmeldud v\u00f5i koostatud p\u00e4rlitest. Kuigi ohutuse tagamiseks on silikoonist lutir\u00f5ngad testitud tuleb beebile m\u00e4nguasju valmistades olla eriti hoolas erinevate s\u00f5lmede ja kinnituste tegemisel. Kahjustusega v\u00f5i kulumisj\u00e4lgedega osad tuleb koheselt lutiketis v\u00e4lja vahetada.<\/p>","protected":false},"featured_media":1419,"template":"","meta":[],"product_brand":[],"product_cat":[263,265,59,17,207],"product_tag":[43,42],"class_list":{"0":"post-738","1":"product","2":"type-product","3":"status-publish","4":"has-post-thumbnail","6":"product_cat-brandid","7":"product_cat-go-handmade","8":"product_cat-kinnitusvahendid","9":"product_cat-manguasjadevalmistamine","10":"product_cat-silikoonist-kinnitusvahendid","11":"product_tag-manguasjade-valmistamine","12":"product_tag-silikoonist-kinnitusrongad","14":"first","15":"instock","16":"taxable","17":"shipping-taxable","18":"purchasable","19":"product-type-variable"},"jetpack_sharing_enabled":true,"_links":{"self":[{"href":"https:\/\/becreative.ee\/en\/wp-json\/wp\/v2\/product\/738","targetHints":{"allow":["GET"]}}],"collection":[{"href":"https:\/\/becreative.ee\/en\/wp-json\/wp\/v2\/product"}],"about":[{"href":"https:\/\/becreative.ee\/en\/wp-json\/wp\/v2\/types\/product"}],"version-history":[{"count":5,"href":"https:\/\/becreative.ee\/en\/wp-json\/wp\/v2\/product\/738\/revisions"}],"predecessor-version":[{"id":1387,"href":"https:\/\/becreative.ee\/en\/wp-json\/wp\/v2\/product\/738\/revisions\/1387"}],"wp:featuredmedia":[{"embeddable":true,"href":"https:\/\/becreative.ee\/en\/wp-json\/wp\/v2\/media\/1419"}],"wp:attachment":[{"href":"https:\/\/becreative.ee\/en\/wp-json\/wp\/v2\/media?parent=738"}],"wp:term":[{"taxonomy":"product_brand","embeddable":true,"href":"https:\/\/becreative.ee\/en\/wp-json\/wp\/v2\/product_brand?post=738"},{"taxonomy":"product_cat","embeddable":true,"href":"https:\/\/becreative.ee\/en\/wp-json\/wp\/v2\/product_cat?post=738"},{"taxonomy":"product_tag","embeddable":true,"href":"https:\/\/becreative.ee\/en\/wp-json\/wp\/v2\/product_tag?post=738"}],"curies":[{"name":"wp","href":"https:\/\/api.w.org\/{rel}","templated":true}]}}