{"id":740,"date":"2020-04-15T12:45:16","date_gmt":"2020-04-15T12:45:16","guid":{"rendered":"https:\/\/becreative.ee\/?post_type=product&#038;p=740"},"modified":"2025-02-02T19:08:56","modified_gmt":"2025-02-02T19:08:56","slug":"silikoonist-sinised-parlid-15mm","status":"publish","type":"product","link":"https:\/\/becreative.ee\/en\/product\/silikoonist-sinised-parlid-15mm\/","title":{"rendered":"Silikoonist p\u00e4rlid 15mm"},"content":{"rendered":"<p>Silikoonist p\u00e4rleid saab kasutada lutiketi valmistamisel v\u00f5i m\u00f5nes teises huvitavas projektis. Kuigi ohutuse tagamiseks on silikoonist p\u00e4rleid testitud tuleb beebile m\u00e4nguasju valmistades olla eriti hoolas erinevate s\u00f5lmede ja kinnituste tegemisel. Kahjustusega v\u00f5i kulumisj\u00e4lgedega osad tuleb koheselt lutiketis v\u00e4lja vahetada.<\/p>","protected":false},"excerpt":{"rendered":"<p>Silikoonist p\u00e4rleid saab kasutada lutiketi valmistamisel v\u00f5i m\u00f5nes teises huvitavas projektis. Kuigi ohutuse tagamiseks on silikoonist p\u00e4rleid testitud tuleb beebile m\u00e4nguasju valmistades olla eriti hoolas erinevate s\u00f5lmede ja kinnituste tegemisel. Kahjustusega v\u00f5i kulumisj\u00e4lgedega osad tuleb koheselt lutiketis v\u00e4lja vahetada.<\/p>","protected":false},"featured_media":1439,"template":"","meta":[],"product_brand":[],"product_cat":[263,265,17,58,204],"product_tag":[43,49,44],"class_list":{"0":"post-740","1":"product","2":"type-product","3":"status-publish","4":"has-post-thumbnail","6":"product_cat-brandid","7":"product_cat-go-handmade","8":"product_cat-manguasjadevalmistamine","9":"product_cat-parlid","10":"product_cat-silikoonist-parlid","11":"product_tag-manguasjade-valmistamine","12":"product_tag-parlid","13":"product_tag-silikoonist-parlid","15":"first","16":"instock","17":"taxable","18":"shipping-taxable","19":"purchasable","20":"product-type-variable"},"jetpack_sharing_enabled":true,"_links":{"self":[{"href":"https:\/\/becreative.ee\/en\/wp-json\/wp\/v2\/product\/740","targetHints":{"allow":["GET"]}}],"collection":[{"href":"https:\/\/becreative.ee\/en\/wp-json\/wp\/v2\/product"}],"about":[{"href":"https:\/\/becreative.ee\/en\/wp-json\/wp\/v2\/types\/product"}],"version-history":[{"count":4,"href":"https:\/\/becreative.ee\/en\/wp-json\/wp\/v2\/product\/740\/revisions"}],"predecessor-version":[{"id":1454,"href":"https:\/\/becreative.ee\/en\/wp-json\/wp\/v2\/product\/740\/revisions\/1454"}],"wp:featuredmedia":[{"embeddable":true,"href":"https:\/\/becreative.ee\/en\/wp-json\/wp\/v2\/media\/1439"}],"wp:attachment":[{"href":"https:\/\/becreative.ee\/en\/wp-json\/wp\/v2\/media?parent=740"}],"wp:term":[{"taxonomy":"product_brand","embeddable":true,"href":"https:\/\/becreative.ee\/en\/wp-json\/wp\/v2\/product_brand?post=740"},{"taxonomy":"product_cat","embeddable":true,"href":"https:\/\/becreative.ee\/en\/wp-json\/wp\/v2\/product_cat?post=740"},{"taxonomy":"product_tag","embeddable":true,"href":"https:\/\/becreative.ee\/en\/wp-json\/wp\/v2\/product_tag?post=740"}],"curies":[{"name":"wp","href":"https:\/\/api.w.org\/{rel}","templated":true}]}}