{"id":742,"date":"2020-04-15T18:59:19","date_gmt":"2020-04-15T18:59:19","guid":{"rendered":"https:\/\/becreative.ee\/?post_type=product&#038;p=742"},"modified":"2026-03-07T22:11:46","modified_gmt":"2026-03-07T22:11:46","slug":"hall-koristi-kuul-24mm","status":"publish","type":"product","link":"https:\/\/becreative.ee\/en\/product\/hall-koristi-kuul-24mm\/","title":{"rendered":"Hall k\u00f5risti kuul 24mm"},"content":{"rendered":"<p>Plastmassist k\u00f5risti kuul sobib erinevate m\u00e4nguasjade sisse paigaldamiseks. K\u00f5risev m\u00e4nguasi k\u00f6idab kindlasti rohkem beebi t\u00e4helepanu ja see pikendab m\u00e4ngimise aega. K\u00f5risti kuuli suuruseks on 24mm.<\/p>","protected":false},"excerpt":{"rendered":"<p>Plastmassist k\u00f5risti kuul sobib erinevate m\u00e4nguasjade sisse paigaldamiseks. K\u00f5risev m\u00e4nguasi k\u00f6idab kindlasti rohkem beebi t\u00e4helepanu ja see pikendab m\u00e4ngimise aega. K\u00f5risti kuuli suuruseks on 24mm.<\/p>","protected":false},"featured_media":1462,"template":"","meta":[],"product_brand":[],"product_cat":[263,265,55,17],"product_tag":[45,43],"class_list":{"0":"post-742","1":"product","2":"type-product","3":"status-publish","4":"has-post-thumbnail","6":"product_cat-brandid","7":"product_cat-go-handmade","8":"product_cat-koristid","9":"product_cat-manguasjadevalmistamine","10":"product_tag-koristid","11":"product_tag-manguasjade-valmistamine","13":"first","14":"instock","15":"taxable","16":"shipping-taxable","17":"purchasable","18":"product-type-simple"},"jetpack_sharing_enabled":true,"_links":{"self":[{"href":"https:\/\/becreative.ee\/en\/wp-json\/wp\/v2\/product\/742","targetHints":{"allow":["GET"]}}],"collection":[{"href":"https:\/\/becreative.ee\/en\/wp-json\/wp\/v2\/product"}],"about":[{"href":"https:\/\/becreative.ee\/en\/wp-json\/wp\/v2\/types\/product"}],"version-history":[{"count":1,"href":"https:\/\/becreative.ee\/en\/wp-json\/wp\/v2\/product\/742\/revisions"}],"predecessor-version":[{"id":743,"href":"https:\/\/becreative.ee\/en\/wp-json\/wp\/v2\/product\/742\/revisions\/743"}],"wp:featuredmedia":[{"embeddable":true,"href":"https:\/\/becreative.ee\/en\/wp-json\/wp\/v2\/media\/1462"}],"wp:attachment":[{"href":"https:\/\/becreative.ee\/en\/wp-json\/wp\/v2\/media?parent=742"}],"wp:term":[{"taxonomy":"product_brand","embeddable":true,"href":"https:\/\/becreative.ee\/en\/wp-json\/wp\/v2\/product_brand?post=742"},{"taxonomy":"product_cat","embeddable":true,"href":"https:\/\/becreative.ee\/en\/wp-json\/wp\/v2\/product_cat?post=742"},{"taxonomy":"product_tag","embeddable":true,"href":"https:\/\/becreative.ee\/en\/wp-json\/wp\/v2\/product_tag?post=742"}],"curies":[{"name":"wp","href":"https:\/\/api.w.org\/{rel}","templated":true}]}}