{"id":744,"date":"2020-04-15T19:11:46","date_gmt":"2020-04-15T19:11:46","guid":{"rendered":"https:\/\/becreative.ee\/?post_type=product&#038;p=744"},"modified":"2024-07-25T17:09:24","modified_gmt":"2024-07-25T17:09:24","slug":"puidust-rongad","status":"publish","type":"product","link":"https:\/\/becreative.ee\/en\/product\/puidust-rongad\/","title":{"rendered":"Puidust r\u00f5ngas 55mm"},"content":{"rendered":"<p>Puidust r\u00f5ngad sobivad erinevate k\u00e4sit\u00f6\u00f6projektide valmistamiseks. Kuna tegemist on testitud tootega ja toode omab sertifikaati EN 71-3 (Euroopas m\u00e4nguasjade ohutusn\u00f5uete standard) sobib see h\u00e4sti beebi m\u00e4nguasjade valmistamise osana. Toode ei ole m\u00f5eldud n\u00e4rimisr\u00f5nga asendamiseks. R\u00f5nga diameeter on 55mm.<\/p>","protected":false},"excerpt":{"rendered":"<p>Puidust r\u00f5ngad sobivad erinevate k\u00e4sit\u00f6\u00f6projektide valmistamiseks. Kuna tegemist on testitud tootega ja toode omab sertifikaati EN 71-3 (Euroopas m\u00e4nguasjade ohutusn\u00f5uete standard) sobib see h\u00e4sti beebi m\u00e4nguasjade valmistamise osana. Toode ei ole m\u00f5eldud n\u00e4rimisr\u00f5nga asendamiseks. R\u00f5nga diameeter on 55mm.<\/p>","protected":false},"featured_media":1434,"template":"","meta":[],"product_brand":[],"product_cat":[263,265,279,912,17,575,781,1273,914,340,991],"product_tag":[43,46,47],"class_list":{"0":"post-744","1":"product","2":"type-product","3":"status-publish","4":"has-post-thumbnail","6":"product_cat-brandid","7":"product_cat-go-handmade","8":"product_cat-kasitooks-vajalik","9":"product_cat-makramee","10":"product_cat-manguasjadevalmistamine","11":"product_cat-puidust-detailid","12":"product_cat-puidust-rongad-puidust-detailid","13":"product_cat-rongad-too-puiduga","14":"product_cat-rongad-makramee","15":"product_cat-rongad","16":"product_cat-too-puiduga","17":"product_tag-manguasjade-valmistamine","18":"product_tag-puidust-tooted","19":"product_tag-rongad","21":"first","22":"instock","23":"taxable","24":"shipping-taxable","25":"purchasable","26":"product-type-simple"},"jetpack_sharing_enabled":true,"_links":{"self":[{"href":"https:\/\/becreative.ee\/en\/wp-json\/wp\/v2\/product\/744","targetHints":{"allow":["GET"]}}],"collection":[{"href":"https:\/\/becreative.ee\/en\/wp-json\/wp\/v2\/product"}],"about":[{"href":"https:\/\/becreative.ee\/en\/wp-json\/wp\/v2\/types\/product"}],"version-history":[{"count":3,"href":"https:\/\/becreative.ee\/en\/wp-json\/wp\/v2\/product\/744\/revisions"}],"predecessor-version":[{"id":1911,"href":"https:\/\/becreative.ee\/en\/wp-json\/wp\/v2\/product\/744\/revisions\/1911"}],"wp:featuredmedia":[{"embeddable":true,"href":"https:\/\/becreative.ee\/en\/wp-json\/wp\/v2\/media\/1434"}],"wp:attachment":[{"href":"https:\/\/becreative.ee\/en\/wp-json\/wp\/v2\/media?parent=744"}],"wp:term":[{"taxonomy":"product_brand","embeddable":true,"href":"https:\/\/becreative.ee\/en\/wp-json\/wp\/v2\/product_brand?post=744"},{"taxonomy":"product_cat","embeddable":true,"href":"https:\/\/becreative.ee\/en\/wp-json\/wp\/v2\/product_cat?post=744"},{"taxonomy":"product_tag","embeddable":true,"href":"https:\/\/becreative.ee\/en\/wp-json\/wp\/v2\/product_tag?post=744"}],"curies":[{"name":"wp","href":"https:\/\/api.w.org\/{rel}","templated":true}]}}