{"id":7442,"date":"2026-01-07T14:10:51","date_gmt":"2026-01-07T14:10:51","guid":{"rendered":"https:\/\/becreative.ee\/?post_type=product&#038;p=7442"},"modified":"2026-01-07T14:10:52","modified_gmt":"2026-01-07T14:10:52","slug":"tembeldamise-alus","status":"publish","type":"product","link":"https:\/\/becreative.ee\/en\/product\/tembeldamise-alus\/","title":{"rendered":"Tembeldamise alus"},"content":{"rendered":"<p>Tembeldamise alus muudab tembeldamise lihtsamaks ja t\u00e4psemaks kui kunagi varem.\u00a0T\u00e4nu vedrumehhanismile sobib t\u00f6\u00f6riist erineva k\u00f5rgusega templitele (2,3 mm kuni 8,5 mm). Peaaegu k\u00f5ik l\u00e4bipaistvad ja kleepuvad templid kinnituvad vaevata l\u00e4bipaistvale templiplaadile. V\u00e4ga mugav kihilise tembeldamise, kordustr\u00fcki ja t\u00e4ieliku katvuse saavutamiseks uuesti tindi lisamisel. Templialaga 220 mm x 166 mm sobib t\u00f6\u00f6riist erineva suurusega paberitele.<\/p>\n<p>Alus on magnetiga ja libisemiskindla pinnaga, mis tagab, et paber p\u00fcsib tembeldamise ajal kindlalt paigal. Kasuta kahte komplektis olevat magnetit, et kinnitada paber v\u00f5i kartong alusplaadile. Nii l\u00e4bipaistval templiplaadil kui ka magnetalusel on paberi joondus m\u00e4rgitud sentimeetrites ja tollides. T\u00f6\u00f6riist sobib suurep\u00e4raselt paberikunstiks, n\u00e4iteks kaartide valmistamiseks, bullet journali kaunistamiseks v\u00f5i scrapbooki loomiseks.<\/p>","protected":false},"excerpt":{"rendered":"<p>Tembeldamise alus muudab tembeldamise lihtsamaks ja t\u00e4psemaks kui kunagi varem.\u00a0T\u00e4nu vedrumehhanismile sobib t\u00f6\u00f6riist erineva k\u00f5rgusega templitele (2,3 mm kuni 8,5 mm). Peaaegu k\u00f5ik l\u00e4bipaistvad ja kleepuvad templid kinnituvad vaevata l\u00e4bipaistvale templiplaadile. V\u00e4ga mugav kihilise tembeldamise, kordustr\u00fcki ja t\u00e4ieliku katvuse saavutamiseks uuesti tindi lisamisel. Templialaga 220 mm x 166 mm sobib t\u00f6\u00f6riist erineva suurusega paberitele.<\/p>\n<p>Alus on magnetiga ja libisemiskindla pinnaga, mis tagab, et paber p\u00fcsib tembeldamise ajal kindlalt paigal. Kasuta kahte komplektis olevat magnetit, et kinnitada paber v\u00f5i kartong alusplaadile. Nii l\u00e4bipaistval templiplaadil kui ka magnetalusel on paberi joondus m\u00e4rgitud sentimeetrites ja tollides. T\u00f6\u00f6riist sobib suurep\u00e4raselt paberikunstiks, n\u00e4iteks kaartide valmistamiseks, bullet journali kaunistamiseks v\u00f5i scrapbooki loomiseks.<\/p>","protected":false},"featured_media":7443,"template":"","meta":[],"product_brand":[],"product_cat":[263,1014,1015,1398],"product_tag":[],"class_list":{"0":"post-7442","1":"product","2":"type-product","3":"status-publish","4":"has-post-thumbnail","6":"product_cat-brandid","7":"product_cat-tood-paberiga","8":"product_cat-tooriistad-tood-paberiga","9":"product_cat-vaessen-creative","11":"first","12":"instock","13":"taxable","14":"shipping-taxable","15":"purchasable","16":"product-type-simple"},"jetpack_sharing_enabled":true,"_links":{"self":[{"href":"https:\/\/becreative.ee\/en\/wp-json\/wp\/v2\/product\/7442","targetHints":{"allow":["GET"]}}],"collection":[{"href":"https:\/\/becreative.ee\/en\/wp-json\/wp\/v2\/product"}],"about":[{"href":"https:\/\/becreative.ee\/en\/wp-json\/wp\/v2\/types\/product"}],"version-history":[{"count":1,"href":"https:\/\/becreative.ee\/en\/wp-json\/wp\/v2\/product\/7442\/revisions"}],"predecessor-version":[{"id":7444,"href":"https:\/\/becreative.ee\/en\/wp-json\/wp\/v2\/product\/7442\/revisions\/7444"}],"wp:featuredmedia":[{"embeddable":true,"href":"https:\/\/becreative.ee\/en\/wp-json\/wp\/v2\/media\/7443"}],"wp:attachment":[{"href":"https:\/\/becreative.ee\/en\/wp-json\/wp\/v2\/media?parent=7442"}],"wp:term":[{"taxonomy":"product_brand","embeddable":true,"href":"https:\/\/becreative.ee\/en\/wp-json\/wp\/v2\/product_brand?post=7442"},{"taxonomy":"product_cat","embeddable":true,"href":"https:\/\/becreative.ee\/en\/wp-json\/wp\/v2\/product_cat?post=7442"},{"taxonomy":"product_tag","embeddable":true,"href":"https:\/\/becreative.ee\/en\/wp-json\/wp\/v2\/product_tag?post=7442"}],"curies":[{"name":"wp","href":"https:\/\/api.w.org\/{rel}","templated":true}]}}