{"id":7445,"date":"2026-01-07T14:11:14","date_gmt":"2026-01-07T14:11:14","guid":{"rendered":"https:\/\/becreative.ee\/?post_type=product&#038;p=7445"},"modified":"2026-04-22T11:27:03","modified_gmt":"2026-04-22T11:27:03","slug":"kuumliimipustol","status":"publish","type":"product","link":"https:\/\/becreative.ee\/en\/product\/kuumliimipustol\/","title":{"rendered":"Kuumliimip\u00fcstol"},"content":{"rendered":"<p>Vaessen Creative kuumliimip\u00fcstol \u2013 ideaalne t\u00f6\u00f6riist igale loovale inimesele.\u00a0See liimip\u00fcstol sobib suurep\u00e4raselt erinevateks k\u00e4sit\u00f6\u00f6projektideks ja parandust\u00f6\u00f6deks. Liimip\u00fcstolit on lihtne kasutada ning see kuumeneb kiiresti \u2013 valmis t\u00f6\u00f6ks juba 3\u20135 minutiga. Liimi saab kasutada paljudel erinevatel materjalidel, nagu puit, metall, plastik, paber, nahk, kangad, keraamika, klaas ja palju muud. See teeb liimip\u00fcstolist asendamatu abivahendi igas loovprojektis.<\/p>\n<p>Temperatuur: 193 \u00b0C<\/p>\n<p>Kui liimip\u00fcstolit parasjagu ei kasuta, aseta see alati kuumakindlale pinnale, kuna liim v\u00f5ib tilkuda. Kui p\u00fcstolit pikemalt ei vaja, l\u00fclita see v\u00e4lja, et v\u00e4ltida liigset liimi raiskamist.<\/p>","protected":false},"excerpt":{"rendered":"<p>Vaessen Creative kuumliimip\u00fcstol \u2013 ideaalne t\u00f6\u00f6riist igale loovale inimesele.\u00a0See liimip\u00fcstol sobib suurep\u00e4raselt erinevateks k\u00e4sit\u00f6\u00f6projektideks ja parandust\u00f6\u00f6deks. Liimip\u00fcstolit on lihtne kasutada ning see kuumeneb kiiresti \u2013 valmis t\u00f6\u00f6ks juba 3\u20135 minutiga. Liimi saab kasutada paljudel erinevatel materjalidel, nagu puit, metall, plastik, paber, nahk, kangad, keraamika, klaas ja palju muud. See teeb liimip\u00fcstolist asendamatu abivahendi igas loovprojektis.<\/p>\n<p>Temperatuur: 193 \u00b0C<\/p>\n<p>Kui liimip\u00fcstolit parasjagu ei kasuta, aseta see alati kuumakindlale pinnale, kuna liim v\u00f5ib tilkuda. Kui p\u00fcstolit pikemalt ei vaja, l\u00fclita see v\u00e4lja, et v\u00e4ltida liigset liimi raiskamist.<\/p>","protected":false},"featured_media":7446,"template":"","meta":[],"product_brand":[],"product_cat":[263,279,1066,1014,1399,1398],"product_tag":[],"class_list":{"0":"post-7445","1":"product","2":"type-product","3":"status-publish","4":"has-post-thumbnail","6":"product_cat-brandid","7":"product_cat-kasitooks-vajalik","8":"product_cat-liimid-teibid","9":"product_cat-tood-paberiga","10":"product_cat-tooriistad-kasitooks-vajalik","11":"product_cat-vaessen-creative","13":"first","14":"instock","15":"taxable","16":"shipping-taxable","17":"purchasable","18":"product-type-simple"},"jetpack_sharing_enabled":true,"_links":{"self":[{"href":"https:\/\/becreative.ee\/en\/wp-json\/wp\/v2\/product\/7445","targetHints":{"allow":["GET"]}}],"collection":[{"href":"https:\/\/becreative.ee\/en\/wp-json\/wp\/v2\/product"}],"about":[{"href":"https:\/\/becreative.ee\/en\/wp-json\/wp\/v2\/types\/product"}],"version-history":[{"count":1,"href":"https:\/\/becreative.ee\/en\/wp-json\/wp\/v2\/product\/7445\/revisions"}],"predecessor-version":[{"id":7448,"href":"https:\/\/becreative.ee\/en\/wp-json\/wp\/v2\/product\/7445\/revisions\/7448"}],"wp:featuredmedia":[{"embeddable":true,"href":"https:\/\/becreative.ee\/en\/wp-json\/wp\/v2\/media\/7446"}],"wp:attachment":[{"href":"https:\/\/becreative.ee\/en\/wp-json\/wp\/v2\/media?parent=7445"}],"wp:term":[{"taxonomy":"product_brand","embeddable":true,"href":"https:\/\/becreative.ee\/en\/wp-json\/wp\/v2\/product_brand?post=7445"},{"taxonomy":"product_cat","embeddable":true,"href":"https:\/\/becreative.ee\/en\/wp-json\/wp\/v2\/product_cat?post=7445"},{"taxonomy":"product_tag","embeddable":true,"href":"https:\/\/becreative.ee\/en\/wp-json\/wp\/v2\/product_tag?post=7445"}],"curies":[{"name":"wp","href":"https:\/\/api.w.org\/{rel}","templated":true}]}}