{"id":7449,"date":"2026-01-07T14:37:35","date_gmt":"2026-01-07T14:37:35","guid":{"rendered":"https:\/\/becreative.ee\/?post_type=product&#038;p=7449"},"modified":"2026-01-07T14:40:22","modified_gmt":"2026-01-07T14:40:22","slug":"soonimisfunktsiooniga-paberiloikur","status":"publish","type":"product","link":"https:\/\/becreative.ee\/en\/product\/soonimisfunktsiooniga-paberiloikur\/","title":{"rendered":"Soonimisfunktsiooniga paberil\u00f5ikur"},"content":{"rendered":"<p>Vaessen Creative soonimisfunktsiooniga paberil\u00f5ikur \u2013 t\u00e4pseks ja mitmek\u00fclgseks l\u00f5ikamiseks. See t\u00f6\u00f6riist sobib ideaalselt erinevate materjalide l\u00f5ikamiseks, nagu paber, kartong, kork, vilt, nahk, ja vin\u00fc\u00fcl. L\u00f5ika vaevata kuni 30,5 \u00d7 11,9 cm suuruseid materjale ja kuni 5 lehte 80 g\/m\u00b2 paberit korraga (kokku 400 g). T\u00f6\u00f6ala saab pikendada kuni 43 cm t\u00e4nu v\u00e4ljat\u00f5mmatavale joonlauale. Lisaks on l\u00f5ikuri alusv\u00f5rgul diagonaalsed jooned, mis v\u00f5imaldavad l\u00f5igata 30\u00b0, 45\u00b0 v\u00f5i 60\u00b0 nurkade all. M\u00f5\u00f5dud on n\u00e4idatud nii tollides kui sentimeetrites. Ideaalne kaartide valmistamiseks ja paljuks muuks.<\/p>\n<p>L\u00f5ikuril on riputuskonks mugavaks hoiustamiseks. T\u00f5stetud serv joondusjuhikul aitab asetada paberi alati t\u00e4pselt sirgelt. T\u00e4nu praktilisele paberi kinnitusele p\u00fcsib paber l\u00f5ikamise ajal kindlalt paigal, v\u00e4ltides soovimatuid s\u00f5rmej\u00e4lgi. Vajuta kinnitus \u00f5rnalt alla, et saavutada optimaalne haarduvus. Samal ajal pakub plastist turvakate lisakaitset sinu s\u00f5rmedele. L\u00fchidalt: h\u00e4davajalik t\u00f6\u00f6riist igale loovale harrastajale!<\/p>","protected":false},"excerpt":{"rendered":"<p>Vaessen Creative soonimisfunktsiooniga paberil\u00f5ikur \u2013 t\u00e4pseks ja mitmek\u00fclgseks l\u00f5ikamiseks. See t\u00f6\u00f6riist sobib ideaalselt erinevate materjalide l\u00f5ikamiseks, nagu paber, kartong, kork, vilt, nahk, ja vin\u00fc\u00fcl. L\u00f5ika vaevata kuni 30,5 \u00d7 11,9 cm suuruseid materjale ja kuni 5 lehte 80 g\/m\u00b2 paberit korraga (kokku 400 g). T\u00f6\u00f6ala saab pikendada kuni 43 cm t\u00e4nu v\u00e4ljat\u00f5mmatavale joonlauale. Lisaks on l\u00f5ikuri alusv\u00f5rgul diagonaalsed jooned, mis v\u00f5imaldavad l\u00f5igata 30\u00b0, 45\u00b0 v\u00f5i 60\u00b0 nurkade all. M\u00f5\u00f5dud on n\u00e4idatud nii tollides kui sentimeetrites. Ideaalne kaartide valmistamiseks ja paljuks muuks.<\/p>\n<p>L\u00f5ikuril on riputuskonks mugavaks hoiustamiseks. T\u00f5stetud serv joondusjuhikul aitab asetada paberi alati t\u00e4pselt sirgelt. T\u00e4nu praktilisele paberi kinnitusele p\u00fcsib paber l\u00f5ikamise ajal kindlalt paigal, v\u00e4ltides soovimatuid s\u00f5rmej\u00e4lgi. Vajuta kinnitus \u00f5rnalt alla, et saavutada optimaalne haarduvus. Samal ajal pakub plastist turvakate lisakaitset sinu s\u00f5rmedele. L\u00fchidalt: h\u00e4davajalik t\u00f6\u00f6riist igale loovale harrastajale!<\/p>","protected":false},"featured_media":7450,"template":"","meta":[],"product_brand":[],"product_cat":[263,1327,1014,1015,1398],"product_tag":[],"class_list":{"0":"post-7449","1":"product","2":"type-product","3":"status-publish","4":"has-post-thumbnail","6":"product_cat-brandid","7":"product_cat-loiketerad","8":"product_cat-tood-paberiga","9":"product_cat-tooriistad-tood-paberiga","10":"product_cat-vaessen-creative","12":"first","13":"instock","14":"taxable","15":"shipping-taxable","16":"purchasable","17":"product-type-simple"},"jetpack_sharing_enabled":true,"_links":{"self":[{"href":"https:\/\/becreative.ee\/en\/wp-json\/wp\/v2\/product\/7449","targetHints":{"allow":["GET"]}}],"collection":[{"href":"https:\/\/becreative.ee\/en\/wp-json\/wp\/v2\/product"}],"about":[{"href":"https:\/\/becreative.ee\/en\/wp-json\/wp\/v2\/types\/product"}],"version-history":[{"count":2,"href":"https:\/\/becreative.ee\/en\/wp-json\/wp\/v2\/product\/7449\/revisions"}],"predecessor-version":[{"id":7552,"href":"https:\/\/becreative.ee\/en\/wp-json\/wp\/v2\/product\/7449\/revisions\/7552"}],"wp:featuredmedia":[{"embeddable":true,"href":"https:\/\/becreative.ee\/en\/wp-json\/wp\/v2\/media\/7450"}],"wp:attachment":[{"href":"https:\/\/becreative.ee\/en\/wp-json\/wp\/v2\/media?parent=7449"}],"wp:term":[{"taxonomy":"product_brand","embeddable":true,"href":"https:\/\/becreative.ee\/en\/wp-json\/wp\/v2\/product_brand?post=7449"},{"taxonomy":"product_cat","embeddable":true,"href":"https:\/\/becreative.ee\/en\/wp-json\/wp\/v2\/product_cat?post=7449"},{"taxonomy":"product_tag","embeddable":true,"href":"https:\/\/becreative.ee\/en\/wp-json\/wp\/v2\/product_tag?post=7449"}],"curies":[{"name":"wp","href":"https:\/\/api.w.org\/{rel}","templated":true}]}}