{"id":7454,"date":"2026-01-07T14:22:01","date_gmt":"2026-01-07T14:22:01","guid":{"rendered":"https:\/\/becreative.ee\/?post_type=product&#038;p=7454"},"modified":"2026-01-07T14:22:01","modified_gmt":"2026-01-07T14:22:01","slug":"soonimisalus","status":"publish","type":"product","link":"https:\/\/becreative.ee\/en\/product\/soonimisalus\/","title":{"rendered":"Soonimisalus"},"content":{"rendered":"<p>See h\u00e4davajalik t\u00f6\u00f6riist sobib k\u00f5igile, kes armastavad paberiga meisterdada. Soonimisalus v\u00f5imaldab luua t\u00e4pseid murdejooni ja soonida paberit ilma seda rebimata. T\u00e4nu mugavale joonlauale selgete m\u00e4rgiste ja s\u00fcmbolitega (t\u00e4heke, s\u00fcda ja naerun\u00e4gu) saad h\u00f5lpsalt valmistada kaarte, \u00fcmbrikke ja kinkekarpe. S\u00fcmbolid n\u00e4itavad lisajooni, n\u00e4iteks ideaalset keskjoont scrapbook-paberile, murdejoont A4 ja A5 paberile. S\u00fcmbolite t\u00e4hendus on selgitatud komplektis oleva kolmnurkse joonlaua peal.<\/p>\n<p>30,5 \u00d7 30,5 cm t\u00f6\u00f6pind on varustatud m\u00f5\u00f5dun\u00e4itudega (cm). Kaks avatud serva v\u00f5imaldavad mugavalt t\u00f6\u00f6tada erinevate paberisuurustega. Komplektis olev kolmnurkne joonlaud ja soonimisnuga muudavad kinkekarpide, tervituskaartide ja muude paberit\u00f6\u00f6de valmistamise veelgi lihtsamaks. P\u00e4rast kasutamist saad tarvikud mugavalt plaadi tagak\u00fcljele hoiustada.<\/p>","protected":false},"excerpt":{"rendered":"<p>See h\u00e4davajalik t\u00f6\u00f6riist sobib k\u00f5igile, kes armastavad paberiga meisterdada. Soonimisalus v\u00f5imaldab luua t\u00e4pseid murdejooni ja soonida paberit ilma seda rebimata. T\u00e4nu mugavale joonlauale selgete m\u00e4rgiste ja s\u00fcmbolitega (t\u00e4heke, s\u00fcda ja naerun\u00e4gu) saad h\u00f5lpsalt valmistada kaarte, \u00fcmbrikke ja kinkekarpe. S\u00fcmbolid n\u00e4itavad lisajooni, n\u00e4iteks ideaalset keskjoont scrapbook-paberile, murdejoont A4 ja A5 paberile. S\u00fcmbolite t\u00e4hendus on selgitatud komplektis oleva kolmnurkse joonlaua peal.<\/p>\n<p>30,5 \u00d7 30,5 cm t\u00f6\u00f6pind on varustatud m\u00f5\u00f5dun\u00e4itudega (cm). Kaks avatud serva v\u00f5imaldavad mugavalt t\u00f6\u00f6tada erinevate paberisuurustega. Komplektis olev kolmnurkne joonlaud ja soonimisnuga muudavad kinkekarpide, tervituskaartide ja muude paberit\u00f6\u00f6de valmistamise veelgi lihtsamaks. P\u00e4rast kasutamist saad tarvikud mugavalt plaadi tagak\u00fcljele hoiustada.<\/p>","protected":false},"featured_media":7455,"template":"","meta":[],"product_brand":[],"product_cat":[263,1014,1015,1398],"product_tag":[],"class_list":{"0":"post-7454","1":"product","2":"type-product","3":"status-publish","4":"has-post-thumbnail","6":"product_cat-brandid","7":"product_cat-tood-paberiga","8":"product_cat-tooriistad-tood-paberiga","9":"product_cat-vaessen-creative","11":"first","12":"instock","13":"taxable","14":"shipping-taxable","15":"purchasable","16":"product-type-simple"},"jetpack_sharing_enabled":true,"_links":{"self":[{"href":"https:\/\/becreative.ee\/en\/wp-json\/wp\/v2\/product\/7454","targetHints":{"allow":["GET"]}}],"collection":[{"href":"https:\/\/becreative.ee\/en\/wp-json\/wp\/v2\/product"}],"about":[{"href":"https:\/\/becreative.ee\/en\/wp-json\/wp\/v2\/types\/product"}],"version-history":[{"count":1,"href":"https:\/\/becreative.ee\/en\/wp-json\/wp\/v2\/product\/7454\/revisions"}],"predecessor-version":[{"id":7458,"href":"https:\/\/becreative.ee\/en\/wp-json\/wp\/v2\/product\/7454\/revisions\/7458"}],"wp:featuredmedia":[{"embeddable":true,"href":"https:\/\/becreative.ee\/en\/wp-json\/wp\/v2\/media\/7455"}],"wp:attachment":[{"href":"https:\/\/becreative.ee\/en\/wp-json\/wp\/v2\/media?parent=7454"}],"wp:term":[{"taxonomy":"product_brand","embeddable":true,"href":"https:\/\/becreative.ee\/en\/wp-json\/wp\/v2\/product_brand?post=7454"},{"taxonomy":"product_cat","embeddable":true,"href":"https:\/\/becreative.ee\/en\/wp-json\/wp\/v2\/product_cat?post=7454"},{"taxonomy":"product_tag","embeddable":true,"href":"https:\/\/becreative.ee\/en\/wp-json\/wp\/v2\/product_tag?post=7454"}],"curies":[{"name":"wp","href":"https:\/\/api.w.org\/{rel}","templated":true}]}}