{"id":746,"date":"2020-04-15T19:31:25","date_gmt":"2020-04-15T19:31:25","guid":{"rendered":"https:\/\/becreative.ee\/?post_type=product&#038;p=746"},"modified":"2025-03-24T20:31:57","modified_gmt":"2025-03-24T20:31:57","slug":"sudamekujuline-sinine-narimisrongas","status":"publish","type":"product","link":"https:\/\/becreative.ee\/en\/product\/sudamekujuline-sinine-narimisrongas\/","title":{"rendered":"S\u00fcdamekujuline silikoonist n\u00e4rimisr\u00f5ngas"},"content":{"rendered":"<p>S\u00fcdamekujuline n\u00e4rimisr\u00f5ngas on m\u00f5eldud m\u00e4nguasjade valmistamise osana. Toode on valmistatud pehmest kvaliteetsest materjalist TPE (termoplastiline elastomeer ehk termoplastiline kumm). Materjali on m\u00f5nus k\u00e4ega puudutada, see n\u00e4eb hea v\u00e4lja ja on pehme. Toode omab sertifikaati EN 71-3 \u00a0(Euroopas m\u00e4nguasjade ohutusn\u00f5uete standard). R\u00f5nga diameeter on 68mm.<\/p>","protected":false},"excerpt":{"rendered":"<p>S\u00fcdamekujuline n\u00e4rimisr\u00f5ngas on m\u00f5eldud m\u00e4nguasjade valmistamise osana. Toode on valmistatud pehmest kvaliteetsest materjalist TPE (termoplastiline elastomeer ehk termoplastiline kumm). Materjali on m\u00f5nus k\u00e4ega puudutada, see n\u00e4eb hea v\u00e4lja ja on pehme. Toode omab sertifikaati EN 71-3 \u00a0(Euroopas m\u00e4nguasjade ohutusn\u00f5uete standard). R\u00f5nga diameeter on 68mm.<\/p>","protected":false},"featured_media":1484,"template":"","meta":[],"product_brand":[],"product_cat":[263,265,17,57],"product_tag":[43,48],"class_list":{"0":"post-746","1":"product","2":"type-product","3":"status-publish","4":"has-post-thumbnail","6":"product_cat-brandid","7":"product_cat-go-handmade","8":"product_cat-manguasjadevalmistamine","9":"product_cat-silikoonist-narimisrongad","10":"product_tag-manguasjade-valmistamine","11":"product_tag-narimisrongas","13":"first","14":"instock","15":"taxable","16":"shipping-taxable","17":"purchasable","18":"product-type-variable"},"jetpack_sharing_enabled":true,"_links":{"self":[{"href":"https:\/\/becreative.ee\/en\/wp-json\/wp\/v2\/product\/746","targetHints":{"allow":["GET"]}}],"collection":[{"href":"https:\/\/becreative.ee\/en\/wp-json\/wp\/v2\/product"}],"about":[{"href":"https:\/\/becreative.ee\/en\/wp-json\/wp\/v2\/types\/product"}],"version-history":[{"count":3,"href":"https:\/\/becreative.ee\/en\/wp-json\/wp\/v2\/product\/746\/revisions"}],"predecessor-version":[{"id":1390,"href":"https:\/\/becreative.ee\/en\/wp-json\/wp\/v2\/product\/746\/revisions\/1390"}],"wp:featuredmedia":[{"embeddable":true,"href":"https:\/\/becreative.ee\/en\/wp-json\/wp\/v2\/media\/1484"}],"wp:attachment":[{"href":"https:\/\/becreative.ee\/en\/wp-json\/wp\/v2\/media?parent=746"}],"wp:term":[{"taxonomy":"product_brand","embeddable":true,"href":"https:\/\/becreative.ee\/en\/wp-json\/wp\/v2\/product_brand?post=746"},{"taxonomy":"product_cat","embeddable":true,"href":"https:\/\/becreative.ee\/en\/wp-json\/wp\/v2\/product_cat?post=746"},{"taxonomy":"product_tag","embeddable":true,"href":"https:\/\/becreative.ee\/en\/wp-json\/wp\/v2\/product_tag?post=746"}],"curies":[{"name":"wp","href":"https:\/\/api.w.org\/{rel}","templated":true}]}}