{"id":7461,"date":"2026-01-07T14:22:10","date_gmt":"2026-01-07T14:22:10","guid":{"rendered":"https:\/\/becreative.ee\/?post_type=product&#038;p=7461"},"modified":"2026-01-07T14:24:44","modified_gmt":"2026-01-07T14:24:44","slug":"templi-svammid","status":"publish","type":"product","link":"https:\/\/becreative.ee\/en\/product\/templi-svammid\/","title":{"rendered":"Templi svammid"},"content":{"rendered":"<p>Templi svammid on t\u00e4pseks ja mugavaks v\u00e4rvi, tindi v\u00f5i liimi pealekandmiseks. Need svammid sobivad ideaalselt erinevate tintide, v\u00e4rvide ja isegi liimide hajutamiseks ja pealekandmiseks. T\u00e4nu mugavale k\u00e4epidemele saad t\u00f6\u00f6tada t\u00e4pselt ja kontrollitult.<\/p>\n<p>&nbsp;<\/p>\n<p>Komplekti kuulub:<\/p>\n<p>K\u00e4ep\u00e4rane hoiukarp<\/p>\n<p>40 svammi l\u00e4bim\u00f5\u00f5duga 1,5 cm<\/p>","protected":false},"excerpt":{"rendered":"<p>Templi svammid on t\u00e4pseks ja mugavaks v\u00e4rvi, tindi v\u00f5i liimi pealekandmiseks. Need svammid sobivad ideaalselt erinevate tintide, v\u00e4rvide ja isegi liimide hajutamiseks ja pealekandmiseks. T\u00e4nu mugavale k\u00e4epidemele saad t\u00f6\u00f6tada t\u00e4pselt ja kontrollitult.<\/p>\n<p>&nbsp;<\/p>\n<p>Komplekti kuulub:<\/p>\n<p>K\u00e4ep\u00e4rane hoiukarp<\/p>\n<p>40 svammi l\u00e4bim\u00f5\u00f5duga 1,5 cm<\/p>","protected":false},"featured_media":7462,"template":"","meta":[],"product_brand":[],"product_cat":[263,1320,1400,1014,1398],"product_tag":[],"class_list":{"0":"post-7461","1":"product","2":"type-product","3":"status-publish","4":"has-post-thumbnail","6":"product_cat-brandid","7":"product_cat-hoiustamine-tood-paberiga","8":"product_cat-svammid","9":"product_cat-tood-paberiga","10":"product_cat-vaessen-creative","12":"first","13":"instock","14":"taxable","15":"shipping-taxable","16":"purchasable","17":"product-type-simple"},"jetpack_sharing_enabled":true,"_links":{"self":[{"href":"https:\/\/becreative.ee\/en\/wp-json\/wp\/v2\/product\/7461","targetHints":{"allow":["GET"]}}],"collection":[{"href":"https:\/\/becreative.ee\/en\/wp-json\/wp\/v2\/product"}],"about":[{"href":"https:\/\/becreative.ee\/en\/wp-json\/wp\/v2\/types\/product"}],"version-history":[{"count":2,"href":"https:\/\/becreative.ee\/en\/wp-json\/wp\/v2\/product\/7461\/revisions"}],"predecessor-version":[{"id":7544,"href":"https:\/\/becreative.ee\/en\/wp-json\/wp\/v2\/product\/7461\/revisions\/7544"}],"wp:featuredmedia":[{"embeddable":true,"href":"https:\/\/becreative.ee\/en\/wp-json\/wp\/v2\/media\/7462"}],"wp:attachment":[{"href":"https:\/\/becreative.ee\/en\/wp-json\/wp\/v2\/media?parent=7461"}],"wp:term":[{"taxonomy":"product_brand","embeddable":true,"href":"https:\/\/becreative.ee\/en\/wp-json\/wp\/v2\/product_brand?post=7461"},{"taxonomy":"product_cat","embeddable":true,"href":"https:\/\/becreative.ee\/en\/wp-json\/wp\/v2\/product_cat?post=7461"},{"taxonomy":"product_tag","embeddable":true,"href":"https:\/\/becreative.ee\/en\/wp-json\/wp\/v2\/product_tag?post=7461"}],"curies":[{"name":"wp","href":"https:\/\/api.w.org\/{rel}","templated":true}]}}