{"id":7466,"date":"2026-01-07T14:28:51","date_gmt":"2026-01-07T14:28:51","guid":{"rendered":"https:\/\/becreative.ee\/?post_type=product&#038;p=7466"},"modified":"2026-01-07T14:28:52","modified_gmt":"2026-01-07T14:28:52","slug":"templi-harjad","status":"publish","type":"product","link":"https:\/\/becreative.ee\/en\/product\/templi-harjad\/","title":{"rendered":"Templi harjad"},"content":{"rendered":"<p>Vaessen Creative templi harjad \u2013 pehmete ja sujuvate v\u00e4rvi\u00fcleminekute loomiseks. Need harjad on saadaval erinevates suurustes ja sobivad ideaalselt templitintide ja v\u00e4rvide pealekandmiseks. \u00d5rna surve ja kergete p\u00f6\u00f6ravate liigutustega saad luua kauneid, pehmeid v\u00e4rviefekte. Sega erinevaid v\u00e4rvitoone, et luua kauneid taustu, v\u00f5i kasuta \u0161abloone s\u00fcgavuse lisamiseks.<\/p>\n<p>Suured ja v\u00e4ikesed harjad sobivad mitmesugusteks mixed media projektideks, kus kasutatakse paberit, kartongi v\u00f5i l\u00f5uendit. Harjadel on ergonoomiline k\u00e4epide, mis muudab kasutamise eriti mugavaks. Pese harju hoolikalt seebi ja veega ning lase \u00f5hu k\u00e4es kuivada v\u00f5i kasuta iga v\u00e4rvi jaoks eraldi harja.<\/p>","protected":false},"excerpt":{"rendered":"<p>Vaessen Creative templi harjad \u2013 pehmete ja sujuvate v\u00e4rvi\u00fcleminekute loomiseks. Need harjad on saadaval erinevates suurustes ja sobivad ideaalselt templitintide ja v\u00e4rvide pealekandmiseks. \u00d5rna surve ja kergete p\u00f6\u00f6ravate liigutustega saad luua kauneid, pehmeid v\u00e4rviefekte. Sega erinevaid v\u00e4rvitoone, et luua kauneid taustu, v\u00f5i kasuta \u0161abloone s\u00fcgavuse lisamiseks.<\/p>\n<p>Suured ja v\u00e4ikesed harjad sobivad mitmesugusteks mixed media projektideks, kus kasutatakse paberit, kartongi v\u00f5i l\u00f5uendit. Harjadel on ergonoomiline k\u00e4epide, mis muudab kasutamise eriti mugavaks. Pese harju hoolikalt seebi ja veega ning lase \u00f5hu k\u00e4es kuivada v\u00f5i kasuta iga v\u00e4rvi jaoks eraldi harja.<\/p>","protected":false},"featured_media":7467,"template":"","meta":[],"product_brand":[],"product_cat":[263,1400,1014,1398],"product_tag":[],"class_list":{"0":"post-7466","1":"product","2":"type-product","3":"status-publish","4":"has-post-thumbnail","6":"product_cat-brandid","7":"product_cat-svammid","8":"product_cat-tood-paberiga","9":"product_cat-vaessen-creative","11":"first","12":"instock","13":"taxable","14":"shipping-taxable","15":"purchasable","16":"product-type-simple"},"jetpack_sharing_enabled":true,"_links":{"self":[{"href":"https:\/\/becreative.ee\/en\/wp-json\/wp\/v2\/product\/7466","targetHints":{"allow":["GET"]}}],"collection":[{"href":"https:\/\/becreative.ee\/en\/wp-json\/wp\/v2\/product"}],"about":[{"href":"https:\/\/becreative.ee\/en\/wp-json\/wp\/v2\/types\/product"}],"version-history":[{"count":1,"href":"https:\/\/becreative.ee\/en\/wp-json\/wp\/v2\/product\/7466\/revisions"}],"predecessor-version":[{"id":7468,"href":"https:\/\/becreative.ee\/en\/wp-json\/wp\/v2\/product\/7466\/revisions\/7468"}],"wp:featuredmedia":[{"embeddable":true,"href":"https:\/\/becreative.ee\/en\/wp-json\/wp\/v2\/media\/7467"}],"wp:attachment":[{"href":"https:\/\/becreative.ee\/en\/wp-json\/wp\/v2\/media?parent=7466"}],"wp:term":[{"taxonomy":"product_brand","embeddable":true,"href":"https:\/\/becreative.ee\/en\/wp-json\/wp\/v2\/product_brand?post=7466"},{"taxonomy":"product_cat","embeddable":true,"href":"https:\/\/becreative.ee\/en\/wp-json\/wp\/v2\/product_cat?post=7466"},{"taxonomy":"product_tag","embeddable":true,"href":"https:\/\/becreative.ee\/en\/wp-json\/wp\/v2\/product_tag?post=7466"}],"curies":[{"name":"wp","href":"https:\/\/api.w.org\/{rel}","templated":true}]}}