{"id":7469,"date":"2026-01-02T15:39:03","date_gmt":"2026-01-02T15:39:03","guid":{"rendered":"https:\/\/becreative.ee\/?post_type=product&#038;p=7469"},"modified":"2026-01-07T14:13:21","modified_gmt":"2026-01-07T14:13:21","slug":"vaessen-creative-plastikust-kanvaa-14","status":"publish","type":"product","link":"https:\/\/becreative.ee\/en\/product\/vaessen-creative-plastikust-kanvaa-14\/","title":{"rendered":"Vaessen Creative plastikust kanvaa (14)"},"content":{"rendered":"<p>Plastikust tikkimisalusega on v\u00f5imalik teha palju erinevaid ja huvitavaid tikkimisprojekte nagu v\u00f5tmehoidjad, j\u00e4rjehoidjad, ehted, kuuseehted. Tikitud t\u00f6\u00f6 saab enda soovi j\u00e4rgi v\u00e4lja l\u00f5igata.<\/p>\n<p>&nbsp;<\/p>\n<p>M\u00f5\u00f5tmed: 21 x 28 cm<\/p>\n<p>V\u00e4rv: l\u00e4bipaistev<\/p>\n<p>Mustri tihedus: 14<\/p>","protected":false},"excerpt":{"rendered":"<p>Plastikust tikkimisalusega on v\u00f5imalik teha palju erinevaid ja huvitavaid tikkimisprojekte nagu v\u00f5tmehoidjad, j\u00e4rjehoidjad, ehted, kuuseehted. Tikitud t\u00f6\u00f6 saab enda soovi j\u00e4rgi v\u00e4lja l\u00f5igata.<\/p>\n<p>&nbsp;<\/p>\n<p>M\u00f5\u00f5tmed: 21 x 28 cm<\/p>\n<p>V\u00e4rv: l\u00e4bipaistev<\/p>\n<p>Mustri tihedus: 14<\/p>","protected":false},"featured_media":7470,"template":"","meta":[],"product_brand":[],"product_cat":[263,994,772,1398],"product_tag":[],"class_list":{"0":"post-7469","1":"product","2":"type-product","3":"status-publish","4":"has-post-thumbnail","6":"product_cat-brandid","7":"product_cat-kangas","8":"product_cat-tikkimine","9":"product_cat-vaessen-creative","11":"first","12":"instock","13":"taxable","14":"shipping-taxable","15":"purchasable","16":"product-type-simple"},"jetpack_sharing_enabled":true,"_links":{"self":[{"href":"https:\/\/becreative.ee\/en\/wp-json\/wp\/v2\/product\/7469","targetHints":{"allow":["GET"]}}],"collection":[{"href":"https:\/\/becreative.ee\/en\/wp-json\/wp\/v2\/product"}],"about":[{"href":"https:\/\/becreative.ee\/en\/wp-json\/wp\/v2\/types\/product"}],"version-history":[{"count":2,"href":"https:\/\/becreative.ee\/en\/wp-json\/wp\/v2\/product\/7469\/revisions"}],"predecessor-version":[{"id":7538,"href":"https:\/\/becreative.ee\/en\/wp-json\/wp\/v2\/product\/7469\/revisions\/7538"}],"wp:featuredmedia":[{"embeddable":true,"href":"https:\/\/becreative.ee\/en\/wp-json\/wp\/v2\/media\/7470"}],"wp:attachment":[{"href":"https:\/\/becreative.ee\/en\/wp-json\/wp\/v2\/media?parent=7469"}],"wp:term":[{"taxonomy":"product_brand","embeddable":true,"href":"https:\/\/becreative.ee\/en\/wp-json\/wp\/v2\/product_brand?post=7469"},{"taxonomy":"product_cat","embeddable":true,"href":"https:\/\/becreative.ee\/en\/wp-json\/wp\/v2\/product_cat?post=7469"},{"taxonomy":"product_tag","embeddable":true,"href":"https:\/\/becreative.ee\/en\/wp-json\/wp\/v2\/product_tag?post=7469"}],"curies":[{"name":"wp","href":"https:\/\/api.w.org\/{rel}","templated":true}]}}