{"id":7474,"date":"2026-01-07T14:21:51","date_gmt":"2026-01-07T14:21:51","guid":{"rendered":"https:\/\/becreative.ee\/?post_type=product&#038;p=7474"},"modified":"2026-01-07T14:21:51","modified_gmt":"2026-01-07T14:21:51","slug":"takja-kinnitusega-kleepsud","status":"publish","type":"product","link":"https:\/\/becreative.ee\/en\/product\/takja-kinnitusega-kleepsud\/","title":{"rendered":"Takja kinnitusega kleepsud"},"content":{"rendered":"<p>Kleepsude abil riputad kiiresti postreid v\u00f5i sulged mugavalt karpe ja \u00fcmbrike . Takjakleepsud kinnituvad otse paberile, kartongile ja plastile.<\/p>\n<p>Pakendis on 60 \u00fcmmargust kleepsu l\u00e4bim\u00f5\u00f5duga 13 mm.<\/p>","protected":false},"excerpt":{"rendered":"<p>Kleepsude abil riputad kiiresti postreid v\u00f5i sulged mugavalt karpe ja \u00fcmbrike . Takjakleepsud kinnituvad otse paberile, kartongile ja plastile.<\/p>\n<p>Pakendis on 60 \u00fcmmargust kleepsu l\u00e4bim\u00f5\u00f5duga 13 mm.<\/p>","protected":false},"featured_media":7475,"template":"","meta":[],"product_brand":[],"product_cat":[263,1401,1398],"product_tag":[],"class_list":{"0":"post-7474","1":"product","2":"type-product","3":"status-publish","4":"has-post-thumbnail","6":"product_cat-brandid","7":"product_cat-takjas","8":"product_cat-vaessen-creative","10":"first","11":"instock","12":"taxable","13":"shipping-taxable","14":"purchasable","15":"product-type-simple"},"jetpack_sharing_enabled":true,"_links":{"self":[{"href":"https:\/\/becreative.ee\/en\/wp-json\/wp\/v2\/product\/7474","targetHints":{"allow":["GET"]}}],"collection":[{"href":"https:\/\/becreative.ee\/en\/wp-json\/wp\/v2\/product"}],"about":[{"href":"https:\/\/becreative.ee\/en\/wp-json\/wp\/v2\/types\/product"}],"version-history":[{"count":1,"href":"https:\/\/becreative.ee\/en\/wp-json\/wp\/v2\/product\/7474\/revisions"}],"predecessor-version":[{"id":7476,"href":"https:\/\/becreative.ee\/en\/wp-json\/wp\/v2\/product\/7474\/revisions\/7476"}],"wp:featuredmedia":[{"embeddable":true,"href":"https:\/\/becreative.ee\/en\/wp-json\/wp\/v2\/media\/7475"}],"wp:attachment":[{"href":"https:\/\/becreative.ee\/en\/wp-json\/wp\/v2\/media?parent=7474"}],"wp:term":[{"taxonomy":"product_brand","embeddable":true,"href":"https:\/\/becreative.ee\/en\/wp-json\/wp\/v2\/product_brand?post=7474"},{"taxonomy":"product_cat","embeddable":true,"href":"https:\/\/becreative.ee\/en\/wp-json\/wp\/v2\/product_cat?post=7474"},{"taxonomy":"product_tag","embeddable":true,"href":"https:\/\/becreative.ee\/en\/wp-json\/wp\/v2\/product_tag?post=7474"}],"curies":[{"name":"wp","href":"https:\/\/api.w.org\/{rel}","templated":true}]}}