{"id":7477,"date":"2026-01-02T15:57:39","date_gmt":"2026-01-02T15:57:39","guid":{"rendered":"https:\/\/becreative.ee\/?post_type=product&#038;p=7477"},"modified":"2026-01-07T14:10:39","modified_gmt":"2026-01-07T14:10:39","slug":"vaessen-creative-puidust-laiad-kasitoopulgad","status":"publish","type":"product","link":"https:\/\/becreative.ee\/en\/product\/vaessen-creative-puidust-laiad-kasitoopulgad\/","title":{"rendered":"Vaessen Creative puidust laiad k\u00e4sit\u00f6\u00f6pulgad"},"content":{"rendered":"<p>Kasepuust valmistatud k\u00e4sit\u00f6\u00f6pulgad on kasutatavad v\u00e4ga erinevates projektides. Pulgad on t\u00f6\u00f6tlemata ja seega on v\u00f5imalik valida ise nende v\u00e4rv v\u00f5i t\u00f6\u00f6tlemise viis. Kumera pulga saamiseks tuleb pulka \u00fcle\u00f6\u00f6 vees leotada ning seej\u00e4rel ettevaatlikult vormi kuivama j\u00e4tta. Pakendis on kokku 200 pulka m\u00f5\u00f5tmetega 114 x 10 mm ja 64 x 10 mm. Pulkade paksus on 2 mm.<\/p>","protected":false},"excerpt":{"rendered":"<p>Kasepuust valmistatud k\u00e4sit\u00f6\u00f6pulgad on kasutatavad v\u00e4ga erinevates projektides. Pulgad on t\u00f6\u00f6tlemata ja seega on v\u00f5imalik valida ise nende v\u00e4rv v\u00f5i t\u00f6\u00f6tlemise viis. Kumera pulga saamiseks tuleb pulka \u00fcle\u00f6\u00f6 vees leotada ning seej\u00e4rel ettevaatlikult vormi kuivama j\u00e4tta. Pakendis on kokku 200 pulka m\u00f5\u00f5tmetega 114 x 10 mm ja 64 x 10 mm. Pulkade paksus on 2 mm.<\/p>","protected":false},"featured_media":7478,"template":"","meta":[],"product_brand":[],"product_cat":[263,1081,991,1398],"product_tag":[],"class_list":{"0":"post-7477","1":"product","2":"type-product","3":"status-publish","4":"has-post-thumbnail","6":"product_cat-brandid","7":"product_cat-pulgad","8":"product_cat-too-puiduga","9":"product_cat-vaessen-creative","11":"first","12":"instock","13":"taxable","14":"shipping-taxable","15":"purchasable","16":"product-type-simple"},"jetpack_sharing_enabled":true,"_links":{"self":[{"href":"https:\/\/becreative.ee\/en\/wp-json\/wp\/v2\/product\/7477","targetHints":{"allow":["GET"]}}],"collection":[{"href":"https:\/\/becreative.ee\/en\/wp-json\/wp\/v2\/product"}],"about":[{"href":"https:\/\/becreative.ee\/en\/wp-json\/wp\/v2\/types\/product"}],"version-history":[{"count":1,"href":"https:\/\/becreative.ee\/en\/wp-json\/wp\/v2\/product\/7477\/revisions"}],"predecessor-version":[{"id":7480,"href":"https:\/\/becreative.ee\/en\/wp-json\/wp\/v2\/product\/7477\/revisions\/7480"}],"wp:featuredmedia":[{"embeddable":true,"href":"https:\/\/becreative.ee\/en\/wp-json\/wp\/v2\/media\/7478"}],"wp:attachment":[{"href":"https:\/\/becreative.ee\/en\/wp-json\/wp\/v2\/media?parent=7477"}],"wp:term":[{"taxonomy":"product_brand","embeddable":true,"href":"https:\/\/becreative.ee\/en\/wp-json\/wp\/v2\/product_brand?post=7477"},{"taxonomy":"product_cat","embeddable":true,"href":"https:\/\/becreative.ee\/en\/wp-json\/wp\/v2\/product_cat?post=7477"},{"taxonomy":"product_tag","embeddable":true,"href":"https:\/\/becreative.ee\/en\/wp-json\/wp\/v2\/product_tag?post=7477"}],"curies":[{"name":"wp","href":"https:\/\/api.w.org\/{rel}","templated":true}]}}