{"id":748,"date":"2020-04-15T19:44:13","date_gmt":"2020-04-15T19:44:13","guid":{"rendered":"https:\/\/becreative.ee\/?post_type=product&#038;p=748"},"modified":"2025-06-02T07:31:50","modified_gmt":"2025-06-02T07:31:50","slug":"puidust-parlid-15mm","status":"publish","type":"product","link":"https:\/\/becreative.ee\/en\/product\/puidust-parlid-15mm\/","title":{"rendered":"Puidust p\u00e4rlid 15mm"},"content":{"rendered":"<p>Puidust p\u00e4rlid on valmistatud <em>Schima Superba<\/em> puust. P\u00e4rild on m\u00f5eldud erinevate k\u00e4sit\u00f6\u00f6projektide valmistamiseks. Sobivad v\u00e4ga h\u00e4sti laste m\u00e4nguasjade osana, sest omavad EN 71-3 sertifikaati (Euroopas m\u00e4nguasjade ohutusn\u00f5uete standard). P\u00e4rlid on suurusega 15mm.<\/p>","protected":false},"excerpt":{"rendered":"<p>Puidust p\u00e4rlid on valmistatud <em>Schima Superba<\/em> puust. P\u00e4rild on m\u00f5eldud erinevate k\u00e4sit\u00f6\u00f6projektide valmistamiseks. Sobivad v\u00e4ga h\u00e4sti laste m\u00e4nguasjade osana, sest omavad EN 71-3 sertifikaati (Euroopas m\u00e4nguasjade ohutusn\u00f5uete standard). P\u00e4rlid on suurusega 15mm.<\/p>","protected":false},"featured_media":1481,"template":"","meta":[],"product_brand":[],"product_cat":[263,265,912,17,915,995,58,205,991],"product_tag":[43,49,46],"class_list":{"0":"post-748","1":"product","2":"type-product","3":"status-publish","4":"has-post-thumbnail","6":"product_cat-brandid","7":"product_cat-go-handmade","8":"product_cat-makramee","9":"product_cat-manguasjadevalmistamine","10":"product_cat-parlid-makramee","11":"product_cat-parlid-too-puiduga","12":"product_cat-parlid","13":"product_cat-puidust-parlid","14":"product_cat-too-puiduga","15":"product_tag-manguasjade-valmistamine","16":"product_tag-parlid","17":"product_tag-puidust-tooted","19":"first","20":"instock","21":"taxable","22":"shipping-taxable","23":"purchasable","24":"product-type-simple"},"jetpack_sharing_enabled":true,"_links":{"self":[{"href":"https:\/\/becreative.ee\/en\/wp-json\/wp\/v2\/product\/748","targetHints":{"allow":["GET"]}}],"collection":[{"href":"https:\/\/becreative.ee\/en\/wp-json\/wp\/v2\/product"}],"about":[{"href":"https:\/\/becreative.ee\/en\/wp-json\/wp\/v2\/types\/product"}],"version-history":[{"count":1,"href":"https:\/\/becreative.ee\/en\/wp-json\/wp\/v2\/product\/748\/revisions"}],"predecessor-version":[{"id":749,"href":"https:\/\/becreative.ee\/en\/wp-json\/wp\/v2\/product\/748\/revisions\/749"}],"wp:featuredmedia":[{"embeddable":true,"href":"https:\/\/becreative.ee\/en\/wp-json\/wp\/v2\/media\/1481"}],"wp:attachment":[{"href":"https:\/\/becreative.ee\/en\/wp-json\/wp\/v2\/media?parent=748"}],"wp:term":[{"taxonomy":"product_brand","embeddable":true,"href":"https:\/\/becreative.ee\/en\/wp-json\/wp\/v2\/product_brand?post=748"},{"taxonomy":"product_cat","embeddable":true,"href":"https:\/\/becreative.ee\/en\/wp-json\/wp\/v2\/product_cat?post=748"},{"taxonomy":"product_tag","embeddable":true,"href":"https:\/\/becreative.ee\/en\/wp-json\/wp\/v2\/product_tag?post=748"}],"curies":[{"name":"wp","href":"https:\/\/api.w.org\/{rel}","templated":true}]}}