{"id":7481,"date":"2026-01-07T14:29:05","date_gmt":"2026-01-07T14:29:05","guid":{"rendered":"https:\/\/becreative.ee\/?post_type=product&#038;p=7481"},"modified":"2026-01-07T14:32:28","modified_gmt":"2026-01-07T14:32:28","slug":"vaessen-creative-triigitavad-parlid-5-mm","status":"publish","type":"product","link":"https:\/\/becreative.ee\/en\/product\/vaessen-creative-triigitavad-parlid-5-mm\/","title":{"rendered":"Vaessen Creative triigitavad p\u00e4rlid (5 mm)"},"content":{"rendered":"<p>Loo p\u00f5nevaid k\u00e4sit\u00f6\u00f6projekte triigitavate p\u00e4rlitega: valmistage v\u00e4ikeseid kujukesi, ehteid, v\u00f5tmehoidjaid, lillepotte, ehteid, 3D-esemeid, klaasialuseid v\u00f5i kaunistage kaarte. V\u00f5imalused on l\u00f5putud \u2013 lase oma loovusel lennata.<\/p>\n<p>&nbsp;<\/p>\n<div>\n<p><strong>Komplekt sisaldab:<\/strong><\/p>\n<ul>\n<li>12 000 triigitavat p\u00e4rlit<\/li>\n<li>36 erksat v\u00e4rvi<\/li>\n<li>P\u00e4rli l\u00e4bim\u00f5\u00f5t: 5 mm<\/li>\n<li>Praktiline hoiukarp m\u00f5\u00f5tmetega 27,5 \u00d7 4,3 \u00d7 17,5 cm, eraldi lahtritega sorteerimiseks<\/li>\n<\/ul>\n<p>&nbsp;<\/p>\n<p>P\u00e4rlid on valmistatud ohutust ja vastupidavast plastikust.<\/p>\n<p>&nbsp;<\/p>\n<p><strong>Kuidas kasutada triikimisp\u00e4rleid:<\/strong><\/p>\n<ol>\n<li>Aseta p\u00e4rlid k\u00e4sitsi v\u00f5i pintsettidega kuumakindlale alusele.<\/li>\n<li>Kui disain on valmis, kata see triikimispaberiga v\u00f5i k\u00fcpsetuspaberiga ja sulata kuuma triikrauaga, kuni p\u00e4rlid kergelt sulavad.<\/li>\n<li>Lase jahtuda ja eemalda ettevaatlikult aluselt.<\/li>\n<\/ol>\n<\/div>","protected":false},"excerpt":{"rendered":"<p>Loo p\u00f5nevaid k\u00e4sit\u00f6\u00f6projekte triigitavate p\u00e4rlitega: valmistage v\u00e4ikeseid kujukesi, ehteid, v\u00f5tmehoidjaid, lillepotte, ehteid, 3D-esemeid, klaasialuseid v\u00f5i kaunistage kaarte. V\u00f5imalused on l\u00f5putud \u2013 lase oma loovusel lennata.<\/p>\n<p>&nbsp;<\/p>\n<div>\n<p><strong>Komplekt sisaldab:<\/strong><\/p>\n<ul>\n<li>12 000 triigitavat p\u00e4rlit<\/li>\n<li>36 erksat v\u00e4rvi<\/li>\n<li>P\u00e4rli l\u00e4bim\u00f5\u00f5t: 5 mm<\/li>\n<li>Praktiline hoiukarp m\u00f5\u00f5tmetega 27,5 \u00d7 4,3 \u00d7 17,5 cm, eraldi lahtritega sorteerimiseks<\/li>\n<\/ul>\n<p>&nbsp;<\/p>\n<p>P\u00e4rlid on valmistatud ohutust ja vastupidavast plastikust.<\/p>\n<\/div>","protected":false},"featured_media":7482,"template":"","meta":[],"product_brand":[],"product_cat":[263,1116,1119,1398],"product_tag":[],"class_list":{"0":"post-7481","1":"product","2":"type-product","3":"status-publish","4":"has-post-thumbnail","6":"product_cat-brandid","7":"product_cat-teised-tehnikad","8":"product_cat-triigitavad-helmed","9":"product_cat-vaessen-creative","11":"first","12":"instock","13":"taxable","14":"shipping-taxable","15":"purchasable","16":"product-type-simple"},"jetpack_sharing_enabled":true,"_links":{"self":[{"href":"https:\/\/becreative.ee\/en\/wp-json\/wp\/v2\/product\/7481","targetHints":{"allow":["GET"]}}],"collection":[{"href":"https:\/\/becreative.ee\/en\/wp-json\/wp\/v2\/product"}],"about":[{"href":"https:\/\/becreative.ee\/en\/wp-json\/wp\/v2\/types\/product"}],"version-history":[{"count":2,"href":"https:\/\/becreative.ee\/en\/wp-json\/wp\/v2\/product\/7481\/revisions"}],"predecessor-version":[{"id":7548,"href":"https:\/\/becreative.ee\/en\/wp-json\/wp\/v2\/product\/7481\/revisions\/7548"}],"wp:featuredmedia":[{"embeddable":true,"href":"https:\/\/becreative.ee\/en\/wp-json\/wp\/v2\/media\/7482"}],"wp:attachment":[{"href":"https:\/\/becreative.ee\/en\/wp-json\/wp\/v2\/media?parent=7481"}],"wp:term":[{"taxonomy":"product_brand","embeddable":true,"href":"https:\/\/becreative.ee\/en\/wp-json\/wp\/v2\/product_brand?post=7481"},{"taxonomy":"product_cat","embeddable":true,"href":"https:\/\/becreative.ee\/en\/wp-json\/wp\/v2\/product_cat?post=7481"},{"taxonomy":"product_tag","embeddable":true,"href":"https:\/\/becreative.ee\/en\/wp-json\/wp\/v2\/product_tag?post=7481"}],"curies":[{"name":"wp","href":"https:\/\/api.w.org\/{rel}","templated":true}]}}