{"id":7493,"date":"2026-01-03T16:25:14","date_gmt":"2026-01-03T16:25:14","guid":{"rendered":"https:\/\/becreative.ee\/?post_type=product&#038;p=7493"},"modified":"2026-01-07T14:20:32","modified_gmt":"2026-01-07T14:20:32","slug":"vaessen-creative-metallist-rongas-20-cm-hobe","status":"publish","type":"product","link":"https:\/\/becreative.ee\/en\/product\/vaessen-creative-metallist-rongas-20-cm-hobe\/","title":{"rendered":"Vaessen Creative Metallist r\u00f5ngas 20 cm H\u00f5be"},"content":{"rendered":"<p>Metallist r\u00f5ngas sobib suurep\u00e4raselt unen\u00e4op\u00fc\u00fcdjate, makramee lillepotialuste, heegeldatud mandalate, lillekompositsioonide ja j\u00f5ulup\u00e4rgade loomiseks. Kaunista r\u00f5ngaid erinevate materjalidega: kangas, vill, l\u00f5ng, traat, n\u00f6\u00f6r, paber v\u00f5i kunstlilled. Unen\u00e4op\u00fc\u00fcdja jaoks on vajalikud pitsist v\u00f5i heegeldatud motiiv, v\u00e4rviline l\u00f5ng, erinevad paelad, suled ja helmed.<\/p>\n<p>&nbsp;<\/p>\n<div>\n<ul>\n<li>V\u00e4rv: h\u00f5be<\/li>\n<li>L\u00e4bim\u00f5\u00f5t: 20 cm<\/li>\n<li>Paksus 3 mm<\/li>\n<\/ul>\n<p>&nbsp;<\/p>\n<p>Valmistatud kvaliteetsest metallist, mis tagab vastupidavuse ja elegantse v\u00e4limuse.<\/p>\n<\/div>","protected":false},"excerpt":{"rendered":"<p>Metallist r\u00f5ngas sobib suurep\u00e4raselt unen\u00e4op\u00fc\u00fcdjate, makramee lillepotialuste, heegeldatud mandalate, lillekompositsioonide ja j\u00f5ulup\u00e4rgade loomiseks. Kaunista r\u00f5ngaid erinevate materjalidega: kangas, vill, l\u00f5ng, traat, n\u00f6\u00f6r, paber v\u00f5i kunstlilled. Unen\u00e4op\u00fc\u00fcdja jaoks on vajalikud pitsist v\u00f5i heegeldatud motiiv, v\u00e4rviline l\u00f5ng, erinevad paelad, suled ja helmed.<\/p>\n<p>&nbsp;<\/p>\n<div>\n<ul>\n<li>V\u00e4rv: h\u00f5be<\/li>\n<li>L\u00e4bim\u00f5\u00f5t: 20 cm<\/li>\n<li>Paksus 3 mm<\/li>\n<\/ul>\n<p>&nbsp;<\/p>\n<p>Valmistatud kvaliteetsest metallist, mis tagab vastupidavuse ja elegantse v\u00e4limuse.<\/p>\n<\/div>","protected":false},"featured_media":7494,"template":"","meta":[],"product_brand":[],"product_cat":[263,279,912,914,340,1398],"product_tag":[],"class_list":{"0":"post-7493","1":"product","2":"type-product","3":"status-publish","4":"has-post-thumbnail","6":"product_cat-brandid","7":"product_cat-kasitooks-vajalik","8":"product_cat-makramee","9":"product_cat-rongad-makramee","10":"product_cat-rongad","11":"product_cat-vaessen-creative","13":"first","14":"instock","15":"taxable","16":"shipping-taxable","17":"purchasable","18":"product-type-simple"},"jetpack_sharing_enabled":true,"_links":{"self":[{"href":"https:\/\/becreative.ee\/en\/wp-json\/wp\/v2\/product\/7493","targetHints":{"allow":["GET"]}}],"collection":[{"href":"https:\/\/becreative.ee\/en\/wp-json\/wp\/v2\/product"}],"about":[{"href":"https:\/\/becreative.ee\/en\/wp-json\/wp\/v2\/types\/product"}],"version-history":[{"count":2,"href":"https:\/\/becreative.ee\/en\/wp-json\/wp\/v2\/product\/7493\/revisions"}],"predecessor-version":[{"id":7542,"href":"https:\/\/becreative.ee\/en\/wp-json\/wp\/v2\/product\/7493\/revisions\/7542"}],"wp:featuredmedia":[{"embeddable":true,"href":"https:\/\/becreative.ee\/en\/wp-json\/wp\/v2\/media\/7494"}],"wp:attachment":[{"href":"https:\/\/becreative.ee\/en\/wp-json\/wp\/v2\/media?parent=7493"}],"wp:term":[{"taxonomy":"product_brand","embeddable":true,"href":"https:\/\/becreative.ee\/en\/wp-json\/wp\/v2\/product_brand?post=7493"},{"taxonomy":"product_cat","embeddable":true,"href":"https:\/\/becreative.ee\/en\/wp-json\/wp\/v2\/product_cat?post=7493"},{"taxonomy":"product_tag","embeddable":true,"href":"https:\/\/becreative.ee\/en\/wp-json\/wp\/v2\/product_tag?post=7493"}],"curies":[{"name":"wp","href":"https:\/\/api.w.org\/{rel}","templated":true}]}}