{"id":750,"date":"2020-04-15T19:54:49","date_gmt":"2020-04-15T19:54:49","guid":{"rendered":"https:\/\/becreative.ee\/?post_type=product&#038;p=750"},"modified":"2025-07-04T14:41:04","modified_gmt":"2025-07-04T14:41:04","slug":"metallist-kinnitused","status":"publish","type":"product","link":"https:\/\/becreative.ee\/en\/product\/metallist-kinnitused\/","title":{"rendered":"Metallist kinnitus lutile"},"content":{"rendered":"<p>Metallist kinnitused on valmistatud tugevamast kvaliteetsest terasest, et tagada nende kasutamisel suurem vastupidavus. Kinnitusi saab eelk\u00f5ige kasutada lutiketi valmistamisel, kuid ka teistes k\u00e4sit\u00f6\u00f6projektides. Toode omab sertifikaati EN 71-3 (Euroopas m\u00e4nguasjade ohutusn\u00f5uete standard).<\/p>","protected":false},"excerpt":{"rendered":"<p>Metallist kinnitused on valmistatud tugevamast kvaliteetsest terasest, et tagada nende kasutamisel suurem vastupidavus. Kinnitusi saab eelk\u00f5ige kasutada lutiketi valmistamisel, kuid ka teistes k\u00e4sit\u00f6\u00f6projektides. Toode omab sertifikaati EN 71-3 (Euroopas m\u00e4nguasjade ohutusn\u00f5uete standard).<\/p>","protected":false},"featured_media":1461,"template":"","meta":[],"product_brand":[],"product_cat":[263,265,59,17,206],"product_tag":[50,43],"class_list":{"0":"post-750","1":"product","2":"type-product","3":"status-publish","4":"has-post-thumbnail","6":"product_cat-brandid","7":"product_cat-go-handmade","8":"product_cat-kinnitusvahendid","9":"product_cat-manguasjadevalmistamine","10":"product_cat-metallist-kinnitusvahendid","11":"product_tag-kinnitused","12":"product_tag-manguasjade-valmistamine","14":"first","15":"instock","16":"taxable","17":"shipping-taxable","18":"purchasable","19":"product-type-simple"},"jetpack_sharing_enabled":true,"_links":{"self":[{"href":"https:\/\/becreative.ee\/en\/wp-json\/wp\/v2\/product\/750","targetHints":{"allow":["GET"]}}],"collection":[{"href":"https:\/\/becreative.ee\/en\/wp-json\/wp\/v2\/product"}],"about":[{"href":"https:\/\/becreative.ee\/en\/wp-json\/wp\/v2\/types\/product"}],"version-history":[{"count":4,"href":"https:\/\/becreative.ee\/en\/wp-json\/wp\/v2\/product\/750\/revisions"}],"predecessor-version":[{"id":5215,"href":"https:\/\/becreative.ee\/en\/wp-json\/wp\/v2\/product\/750\/revisions\/5215"}],"wp:featuredmedia":[{"embeddable":true,"href":"https:\/\/becreative.ee\/en\/wp-json\/wp\/v2\/media\/1461"}],"wp:attachment":[{"href":"https:\/\/becreative.ee\/en\/wp-json\/wp\/v2\/media?parent=750"}],"wp:term":[{"taxonomy":"product_brand","embeddable":true,"href":"https:\/\/becreative.ee\/en\/wp-json\/wp\/v2\/product_brand?post=750"},{"taxonomy":"product_cat","embeddable":true,"href":"https:\/\/becreative.ee\/en\/wp-json\/wp\/v2\/product_cat?post=750"},{"taxonomy":"product_tag","embeddable":true,"href":"https:\/\/becreative.ee\/en\/wp-json\/wp\/v2\/product_tag?post=750"}],"curies":[{"name":"wp","href":"https:\/\/api.w.org\/{rel}","templated":true}]}}