{"id":7502,"date":"2026-01-07T14:25:20","date_gmt":"2026-01-07T14:25:20","guid":{"rendered":"https:\/\/becreative.ee\/?post_type=product&#038;p=7502"},"modified":"2026-02-27T16:37:58","modified_gmt":"2026-02-27T16:37:58","slug":"mod-podge-matte","status":"publish","type":"product","link":"https:\/\/becreative.ee\/en\/product\/mod-podge-matte\/","title":{"rendered":"Mod Podge Matte"},"content":{"rendered":"<p>Mod Podge Matte on spetsiaalselt loodud dekupaa\u017e-tehnikaks, kui soovid anda oma projektidele kauni mati viimistluse. Kasuta seda, et muuta m\u00f6\u00f6bel, riided, kodukaunistused, aksessuaarid ja palju muud ainulaadseks, kasutades kangaid, dekupaa\u017e-paberit, salvr\u00e4tikuid, fotosid v\u00f5i muid materjale. Kaunista kandikuid, kata vaase ja keraamilisi potte kauni paberiga v\u00f5i valmista ise klaasialuseid \u2013 v\u00f5imalused on l\u00f5putud!<\/p>\n<p>&nbsp;<\/p>\n<p><strong>3 p\u00f5hifunktsiooni \u00fches tootes:<\/strong><\/p>\n<ul>\n<li><strong>Liim:<\/strong> kinnitab materjalid kindlalt erinevatele pindadele<\/li>\n<li><strong>Lakk:<\/strong> kaitseb ja tihendab pinda<\/li>\n<li><strong>Viimistlus:<\/strong> annab mati l\u00f5ppviimistluse<\/li>\n<\/ul>\n<p>&nbsp;<\/p>\n<p>Sobib kasutamiseks paljudel pindadel: puit, klaas, paber, vahtmaterjal, kangas, l\u00f5uend, keraamika, metall ja palju muud.<\/p>\n<p>Pakend: 236 ml<\/p>\n<p>&nbsp;<\/p>\n<p>Vali teine toode, kui soovid kasutada toodet:<\/p>\n<ul>\n<li>v\u00e4litingimustes &#8211; Mod Podge Outdoor<\/li>\n<li>n\u00f5udepesumasinas pestavatele esemetele &#8211; Mod Podge Dishwasher Safe<\/li>\n<\/ul>\n<p>&nbsp;<\/p>","protected":false},"excerpt":{"rendered":"<p>Mod Podge Matte on spetsiaalselt loodud dekupaa\u017e-tehnikaks, kui soovid anda oma projektidele kauni mati viimistluse. Kasuta seda, et muuta m\u00f6\u00f6bel, riided, kodukaunistused, aksessuaarid ja palju muud ainulaadseks, kasutades kangaid, dekupaa\u017e-paberit, salvr\u00e4tikuid, fotosid v\u00f5i muid materjale. Kaunista kandikuid, kata vaase ja keraamilisi potte kauni paberiga v\u00f5i valmista ise klaasialuseid \u2013 v\u00f5imalused on l\u00f5putud!<\/p>\n<p>&nbsp;<\/p>\n<p><strong>3 p\u00f5hifunktsiooni \u00fches tootes:<\/strong><\/p>\n<ul>\n<li><strong>Liim:<\/strong> kinnitab materjalid kindlalt erinevatele pindadele<\/li>\n<li><strong>Lakk:<\/strong> kaitseb ja tihendab pinda<\/li>\n<li><strong>Viimistlus:<\/strong> annab mati l\u00f5ppviimistluse<\/li>\n<\/ul>\n<p>&nbsp;<\/p>\n<p>Sobib kasutamiseks paljudel pindadel: puit, klaas, paber, vahtmaterjal, kangas, l\u00f5uend, keraamika, metall ja palju muud.<\/p>\n<p>Pakend: 236 ml<\/p>","protected":false},"featured_media":6549,"template":"","meta":[],"product_brand":[],"product_cat":[263,1203,1066,1202,991,1014],"product_tag":[],"class_list":{"0":"post-7502","1":"product","2":"type-product","3":"status-publish","4":"has-post-thumbnail","6":"product_cat-brandid","7":"product_cat-liim","8":"product_cat-liimid-teibid","9":"product_cat-mod-podge","10":"product_cat-too-puiduga","11":"product_cat-tood-paberiga","13":"first","14":"instock","15":"taxable","16":"shipping-taxable","17":"purchasable","18":"product-type-simple"},"jetpack_sharing_enabled":true,"_links":{"self":[{"href":"https:\/\/becreative.ee\/en\/wp-json\/wp\/v2\/product\/7502","targetHints":{"allow":["GET"]}}],"collection":[{"href":"https:\/\/becreative.ee\/en\/wp-json\/wp\/v2\/product"}],"about":[{"href":"https:\/\/becreative.ee\/en\/wp-json\/wp\/v2\/types\/product"}],"version-history":[{"count":3,"href":"https:\/\/becreative.ee\/en\/wp-json\/wp\/v2\/product\/7502\/revisions"}],"predecessor-version":[{"id":7545,"href":"https:\/\/becreative.ee\/en\/wp-json\/wp\/v2\/product\/7502\/revisions\/7545"}],"wp:featuredmedia":[{"embeddable":true,"href":"https:\/\/becreative.ee\/en\/wp-json\/wp\/v2\/media\/6549"}],"wp:attachment":[{"href":"https:\/\/becreative.ee\/en\/wp-json\/wp\/v2\/media?parent=7502"}],"wp:term":[{"taxonomy":"product_brand","embeddable":true,"href":"https:\/\/becreative.ee\/en\/wp-json\/wp\/v2\/product_brand?post=7502"},{"taxonomy":"product_cat","embeddable":true,"href":"https:\/\/becreative.ee\/en\/wp-json\/wp\/v2\/product_cat?post=7502"},{"taxonomy":"product_tag","embeddable":true,"href":"https:\/\/becreative.ee\/en\/wp-json\/wp\/v2\/product_tag?post=7502"}],"curies":[{"name":"wp","href":"https:\/\/api.w.org\/{rel}","templated":true}]}}