{"id":7513,"date":"2026-01-07T14:29:16","date_gmt":"2026-01-07T14:29:16","guid":{"rendered":"https:\/\/becreative.ee\/?post_type=product&#038;p=7513"},"modified":"2026-01-07T14:29:16","modified_gmt":"2026-01-07T14:29:16","slug":"sizzix-making-tool-giljotiin-soonija","status":"publish","type":"product","link":"https:\/\/becreative.ee\/en\/product\/sizzix-making-tool-giljotiin-soonija\/","title":{"rendered":"Sizzix Making Tool Giljotiin &#038; Soonija"},"content":{"rendered":"<p>See mitmeotstarbeline t\u00f6\u00f6riist sobib ideaalselt personaalsete kaartide ja sobivate \u00fcmbrike valmistamiseks, kinkekarpide loomiseks v\u00f5i dekoratiivsete elementide, nagu b\u00e4nnerid, rosetid ja lipsud, tegemiseks. Sizzixi uuenduslik giljotiin &amp; soonija annab sulle vabaduse kohandada projekte vastavalt oma vajadustele ja viia personaliseerimine professionaalsele tasemele.<\/p>\n<p>Universaalne m\u00f5\u00f5tes\u00fcsteem: 12&#8243; \u00d7 12&#8243; \/ 30 \u00d7 30 cm \u2013 lihtsalt keera t\u00f6\u00f6riist \u00fcmber, et valida tollide v\u00f5i sentimeetrite skaala.<br \/>\nKomplektis Voldi &amp; Vormi t\u00f6\u00f6riist : ideaalne voltimisjoonte tegemiseks ja paberi vormimiseks.<br \/>\nErgonoomiline l\u00f5ikek\u00e4epide: mugav hoida, tagab t\u00e4pse l\u00f5ike iga kord.<br \/>\nKomplektis 2 tera: eemaldatavad ja h\u00f5lpsasti vahetatavad.<br \/>\nT\u00f5stetav k\u00e4epide: lihtsaks paberi sisestamiseks ja sirgeks l\u00f5ikamiseks.<br \/>\nEemaldatav nurga-, augu- ja \u00fcmbrikuraud: sobib \u00fcmbrike, \u00fcmarate nurkade ja sildiaukude tegemiseks.<br \/>\nNurga leguraator: v\u00f5imaldab m\u00f5\u00f5tevahendi t\u00e4pset positsioneerimist ja lukustamist.<br \/>\nDetailne juhend: sisaldab illustratsioone ja samm-sammulisi juhiseid kaartide, \u00fcmbrike, siltide, b\u00e4nnerite ja karpide valmistamiseks.<\/p>\n<p>&nbsp;<\/p>\n<p>Lisav\u00f5imalused:<\/p>\n<p>QR-koodid pakendil ja juhendis viivad veebip\u00f5histe juhiste ja inspiratsioonini.<br \/>\nSizzixi veebis olev \u00fcmbriku- ja karbigeneraator aitab arvutada t\u00e4psed m\u00f5\u00f5dud personaalsete projektide jaoks.<\/p>\n<p>&nbsp;<\/p>\n<p>M\u00f5\u00f5dud:<\/p>\n<p>T\u00f6\u00f6riista m\u00f5\u00f5tmed: 42 \u00d7 35 \u00d7 5,6 cm<br \/>\nMaksimaalne t\u00f6\u00f6pind: 30 \u00d7 30 cm<\/p>\n<p>Kaal: 2,253 kg<\/p>","protected":false},"excerpt":{"rendered":"<p>See mitmeotstarbeline t\u00f6\u00f6riist sobib ideaalselt personaalsete kaartide ja sobivate \u00fcmbrike valmistamiseks, kinkekarpide loomiseks v\u00f5i dekoratiivsete elementide, nagu b\u00e4nnerid, rosetid ja lipsud, tegemiseks. Sizzixi uuenduslik giljotiin &amp; soonija annab sulle vabaduse kohandada projekte vastavalt oma vajadustele ja viia personaliseerimine professionaalsele tasemele.<\/p>\n<p>&nbsp;<\/p>\n<p>M\u00f5\u00f5dud:<\/p>\n<p>T\u00f6\u00f6riista m\u00f5\u00f5tmed: 42 \u00d7 35 \u00d7 5,6 cm<br \/>\nMaksimaalne t\u00f6\u00f6pind: 30 \u00d7 30 cm<\/p>\n<p>Kaal: 2,253 kg<\/p>","protected":false},"featured_media":7514,"template":"","meta":[],"product_brand":[],"product_cat":[263,1327,1402,1014,1015],"product_tag":[],"class_list":{"0":"post-7513","1":"product","2":"type-product","3":"status-publish","4":"has-post-thumbnail","6":"product_cat-brandid","7":"product_cat-loiketerad","8":"product_cat-sizzix","9":"product_cat-tood-paberiga","10":"product_cat-tooriistad-tood-paberiga","12":"first","13":"instock","14":"taxable","15":"shipping-taxable","16":"purchasable","17":"product-type-simple"},"jetpack_sharing_enabled":true,"_links":{"self":[{"href":"https:\/\/becreative.ee\/en\/wp-json\/wp\/v2\/product\/7513","targetHints":{"allow":["GET"]}}],"collection":[{"href":"https:\/\/becreative.ee\/en\/wp-json\/wp\/v2\/product"}],"about":[{"href":"https:\/\/becreative.ee\/en\/wp-json\/wp\/v2\/types\/product"}],"version-history":[{"count":1,"href":"https:\/\/becreative.ee\/en\/wp-json\/wp\/v2\/product\/7513\/revisions"}],"predecessor-version":[{"id":7516,"href":"https:\/\/becreative.ee\/en\/wp-json\/wp\/v2\/product\/7513\/revisions\/7516"}],"wp:featuredmedia":[{"embeddable":true,"href":"https:\/\/becreative.ee\/en\/wp-json\/wp\/v2\/media\/7514"}],"wp:attachment":[{"href":"https:\/\/becreative.ee\/en\/wp-json\/wp\/v2\/media?parent=7513"}],"wp:term":[{"taxonomy":"product_brand","embeddable":true,"href":"https:\/\/becreative.ee\/en\/wp-json\/wp\/v2\/product_brand?post=7513"},{"taxonomy":"product_cat","embeddable":true,"href":"https:\/\/becreative.ee\/en\/wp-json\/wp\/v2\/product_cat?post=7513"},{"taxonomy":"product_tag","embeddable":true,"href":"https:\/\/becreative.ee\/en\/wp-json\/wp\/v2\/product_tag?post=7513"}],"curies":[{"name":"wp","href":"https:\/\/api.w.org\/{rel}","templated":true}]}}