{"id":7519,"date":"2026-01-07T14:33:52","date_gmt":"2026-01-07T14:33:52","guid":{"rendered":"https:\/\/becreative.ee\/?post_type=product&#038;p=7519"},"modified":"2026-01-07T14:35:36","modified_gmt":"2026-01-07T14:35:36","slug":"sizzix-liimipustoli-alus","status":"publish","type":"product","link":"https:\/\/becreative.ee\/en\/product\/sizzix-liimipustoli-alus\/","title":{"rendered":"Sizzix liimip\u00fcstoli alus"},"content":{"rendered":"<p>Kaitse oma t\u00f6\u00f6pindu ja loo mugav t\u00f6\u00f6koht liimip\u00fcstoliga meisterdamiseks. Sizzix liimip\u00fcstoli alus on kokkupandava disainiga, mis teeb selle kompaktseks ja h\u00f5lpsasti kaasaskantavaks.<\/p>\n<p>&nbsp;<\/p>\n<ul>\n<li>Hoidik mahutab <strong>4 liimipulka<\/strong> (10 cm pikk, 7 mm l\u00e4bim\u00f5\u00f5t), et liim oleks alati k\u00e4ep\u00e4rast.<\/li>\n<li>Sile pind v\u00f5imaldab liimi h\u00f5lpsalt eemaldada ja hoida aluse puhtana.<\/li>\n<li>Komplektis <strong>silikoontihend<\/strong>, mis kaitseb aluse pinda ja talub k\u00f5rget kuumust.<\/li>\n<\/ul>","protected":false},"excerpt":{"rendered":"<p>Kaitse oma t\u00f6\u00f6pindu ja loo mugav t\u00f6\u00f6koht liimip\u00fcstoliga meisterdamiseks. Sizzix liimip\u00fcstoli alus on kokkupandava disainiga, mis teeb selle kompaktseks ja h\u00f5lpsasti kaasaskantavaks.<\/p>\n<p>&nbsp;<\/p>\n<ul>\n<li>Hoidik mahutab <strong>4 liimipulka<\/strong> (10 cm pikk, 7 mm l\u00e4bim\u00f5\u00f5t), et liim oleks alati k\u00e4ep\u00e4rast.<\/li>\n<li>Sile pind v\u00f5imaldab liimi h\u00f5lpsalt eemaldada ja hoida aluse puhtana.<\/li>\n<li>Komplektis <strong>silikoontihend<\/strong>, mis kaitseb aluse pinda ja talub k\u00f5rget kuumust.<\/li>\n<\/ul>","protected":false},"featured_media":7520,"template":"","meta":[],"product_brand":[],"product_cat":[263,279,1402,1014,1015,1399],"product_tag":[],"class_list":{"0":"post-7519","1":"product","2":"type-product","3":"status-publish","4":"has-post-thumbnail","6":"product_cat-brandid","7":"product_cat-kasitooks-vajalik","8":"product_cat-sizzix","9":"product_cat-tood-paberiga","10":"product_cat-tooriistad-tood-paberiga","11":"product_cat-tooriistad-kasitooks-vajalik","13":"first","14":"instock","15":"taxable","16":"shipping-taxable","17":"purchasable","18":"product-type-simple"},"jetpack_sharing_enabled":true,"_links":{"self":[{"href":"https:\/\/becreative.ee\/en\/wp-json\/wp\/v2\/product\/7519","targetHints":{"allow":["GET"]}}],"collection":[{"href":"https:\/\/becreative.ee\/en\/wp-json\/wp\/v2\/product"}],"about":[{"href":"https:\/\/becreative.ee\/en\/wp-json\/wp\/v2\/types\/product"}],"version-history":[{"count":2,"href":"https:\/\/becreative.ee\/en\/wp-json\/wp\/v2\/product\/7519\/revisions"}],"predecessor-version":[{"id":7550,"href":"https:\/\/becreative.ee\/en\/wp-json\/wp\/v2\/product\/7519\/revisions\/7550"}],"wp:featuredmedia":[{"embeddable":true,"href":"https:\/\/becreative.ee\/en\/wp-json\/wp\/v2\/media\/7520"}],"wp:attachment":[{"href":"https:\/\/becreative.ee\/en\/wp-json\/wp\/v2\/media?parent=7519"}],"wp:term":[{"taxonomy":"product_brand","embeddable":true,"href":"https:\/\/becreative.ee\/en\/wp-json\/wp\/v2\/product_brand?post=7519"},{"taxonomy":"product_cat","embeddable":true,"href":"https:\/\/becreative.ee\/en\/wp-json\/wp\/v2\/product_cat?post=7519"},{"taxonomy":"product_tag","embeddable":true,"href":"https:\/\/becreative.ee\/en\/wp-json\/wp\/v2\/product_tag?post=7519"}],"curies":[{"name":"wp","href":"https:\/\/api.w.org\/{rel}","templated":true}]}}