{"id":7522,"date":"2026-01-07T14:34:02","date_gmt":"2026-01-07T14:34:02","guid":{"rendered":"https:\/\/becreative.ee\/?post_type=product&#038;p=7522"},"modified":"2026-01-07T14:34:02","modified_gmt":"2026-01-07T14:34:02","slug":"sizzix-pintsetid","status":"publish","type":"product","link":"https:\/\/becreative.ee\/en\/product\/sizzix-pintsetid\/","title":{"rendered":"Sizzix pintsetid"},"content":{"rendered":"<div>Need roostevabast terasest pintsetid on h\u00e4davajalik t\u00f6\u00f6riist igas loovkomplektis. T\u00e4nu kumerale peenele otsale saavutad maksimaalse t\u00e4psuse, mis on eriti kasulik keerukate stantside, kivikeste ja v\u00e4ikeste detailide k\u00e4sitsemisel.<\/div>","protected":false},"excerpt":{"rendered":"<p>Need roostevabast terasest pintsetid on h\u00e4davajalik t\u00f6\u00f6riist igas loovkomplektis. T\u00e4nu kumerale peenele otsale saavutad maksimaalse t\u00e4psuse, mis on eriti kasulik keerukate stantside, kivikeste ja v\u00e4ikeste detailide k\u00e4sitsemisel.<\/p>","protected":false},"featured_media":7523,"template":"","meta":[],"product_brand":[],"product_cat":[263,279,1402,1399],"product_tag":[],"class_list":{"0":"post-7522","1":"product","2":"type-product","3":"status-publish","4":"has-post-thumbnail","6":"product_cat-brandid","7":"product_cat-kasitooks-vajalik","8":"product_cat-sizzix","9":"product_cat-tooriistad-kasitooks-vajalik","11":"first","12":"instock","13":"taxable","14":"shipping-taxable","15":"purchasable","16":"product-type-simple"},"jetpack_sharing_enabled":true,"_links":{"self":[{"href":"https:\/\/becreative.ee\/en\/wp-json\/wp\/v2\/product\/7522","targetHints":{"allow":["GET"]}}],"collection":[{"href":"https:\/\/becreative.ee\/en\/wp-json\/wp\/v2\/product"}],"about":[{"href":"https:\/\/becreative.ee\/en\/wp-json\/wp\/v2\/types\/product"}],"version-history":[{"count":1,"href":"https:\/\/becreative.ee\/en\/wp-json\/wp\/v2\/product\/7522\/revisions"}],"predecessor-version":[{"id":7524,"href":"https:\/\/becreative.ee\/en\/wp-json\/wp\/v2\/product\/7522\/revisions\/7524"}],"wp:featuredmedia":[{"embeddable":true,"href":"https:\/\/becreative.ee\/en\/wp-json\/wp\/v2\/media\/7523"}],"wp:attachment":[{"href":"https:\/\/becreative.ee\/en\/wp-json\/wp\/v2\/media?parent=7522"}],"wp:term":[{"taxonomy":"product_brand","embeddable":true,"href":"https:\/\/becreative.ee\/en\/wp-json\/wp\/v2\/product_brand?post=7522"},{"taxonomy":"product_cat","embeddable":true,"href":"https:\/\/becreative.ee\/en\/wp-json\/wp\/v2\/product_cat?post=7522"},{"taxonomy":"product_tag","embeddable":true,"href":"https:\/\/becreative.ee\/en\/wp-json\/wp\/v2\/product_tag?post=7522"}],"curies":[{"name":"wp","href":"https:\/\/api.w.org\/{rel}","templated":true}]}}