{"id":7525,"date":"2026-01-07T14:34:28","date_gmt":"2026-01-07T14:34:28","guid":{"rendered":"https:\/\/becreative.ee\/?post_type=product&#038;p=7525"},"modified":"2026-01-07T14:34:28","modified_gmt":"2026-01-07T14:34:28","slug":"sizzix-liimirull","status":"publish","type":"product","link":"https:\/\/becreative.ee\/en\/product\/sizzix-liimirull\/","title":{"rendered":"Sizzix liimirull"},"content":{"rendered":"<p>Sizzix Permanent Adhesive Roller on praktiline ja mitmek\u00fclgne liimirull, mis v\u00f5imaldab t\u00e4pselt kanda 8 mm laiust liimiriba erinevatele pindadele. Happeta koostis tagab ohutuse pikaajaliseks kasutamiseks, n\u00e4iteks scrapbooki projektides ja fotode s\u00e4ilitamisel. Kompaktne, l\u00e4bipaistev mintroheline korpus istub mugavalt k\u00e4es ja on lihtne kaasa v\u00f5tta, sobides ideaalselt nii koduseks k\u00e4sit\u00f6\u00f6ks kui ka meisterdamiseks reisil v\u00f5i lastega. Kaitsev otsik hoiab liimi kleepuvuse alles j\u00e4rgmiseks kasutuskorraks, et t\u00f6\u00f6 oleks alati puhas ja t\u00e4pne.<\/p>","protected":false},"excerpt":{"rendered":"<p>Sizzix Permanent Adhesive Roller on praktiline ja mitmek\u00fclgne liimirull, mis v\u00f5imaldab t\u00e4pselt kanda 8 mm laiust liimiriba erinevatele pindadele. Happeta koostis tagab ohutuse pikaajaliseks kasutamiseks, n\u00e4iteks scrapbooki projektides ja fotode s\u00e4ilitamisel. Kompaktne, l\u00e4bipaistev mintroheline korpus istub mugavalt k\u00e4es ja on lihtne kaasa v\u00f5tta, sobides ideaalselt nii koduseks k\u00e4sit\u00f6\u00f6ks kui ka meisterdamiseks reisil v\u00f5i lastega. Kaitsev otsik hoiab liimi kleepuvuse alles j\u00e4rgmiseks kasutuskorraks, et t\u00f6\u00f6 oleks alati puhas ja t\u00e4pne.<\/p>","protected":false},"featured_media":7526,"template":"","meta":[],"product_brand":[],"product_cat":[263,1066,1402,1014],"product_tag":[],"class_list":{"0":"post-7525","1":"product","2":"type-product","3":"status-publish","4":"has-post-thumbnail","6":"product_cat-brandid","7":"product_cat-liimid-teibid","8":"product_cat-sizzix","9":"product_cat-tood-paberiga","11":"first","12":"instock","13":"taxable","14":"shipping-taxable","15":"purchasable","16":"product-type-simple"},"jetpack_sharing_enabled":true,"_links":{"self":[{"href":"https:\/\/becreative.ee\/en\/wp-json\/wp\/v2\/product\/7525","targetHints":{"allow":["GET"]}}],"collection":[{"href":"https:\/\/becreative.ee\/en\/wp-json\/wp\/v2\/product"}],"about":[{"href":"https:\/\/becreative.ee\/en\/wp-json\/wp\/v2\/types\/product"}],"version-history":[{"count":2,"href":"https:\/\/becreative.ee\/en\/wp-json\/wp\/v2\/product\/7525\/revisions"}],"predecessor-version":[{"id":7549,"href":"https:\/\/becreative.ee\/en\/wp-json\/wp\/v2\/product\/7525\/revisions\/7549"}],"wp:featuredmedia":[{"embeddable":true,"href":"https:\/\/becreative.ee\/en\/wp-json\/wp\/v2\/media\/7526"}],"wp:attachment":[{"href":"https:\/\/becreative.ee\/en\/wp-json\/wp\/v2\/media?parent=7525"}],"wp:term":[{"taxonomy":"product_brand","embeddable":true,"href":"https:\/\/becreative.ee\/en\/wp-json\/wp\/v2\/product_brand?post=7525"},{"taxonomy":"product_cat","embeddable":true,"href":"https:\/\/becreative.ee\/en\/wp-json\/wp\/v2\/product_cat?post=7525"},{"taxonomy":"product_tag","embeddable":true,"href":"https:\/\/becreative.ee\/en\/wp-json\/wp\/v2\/product_tag?post=7525"}],"curies":[{"name":"wp","href":"https:\/\/api.w.org\/{rel}","templated":true}]}}