{"id":7528,"date":"2026-01-07T14:37:17","date_gmt":"2026-01-07T14:37:17","guid":{"rendered":"https:\/\/becreative.ee\/?post_type=product&#038;p=7528"},"modified":"2026-01-07T14:39:03","modified_gmt":"2026-01-07T14:39:03","slug":"liimipustoli-tarvikute-komplekt","status":"publish","type":"product","link":"https:\/\/becreative.ee\/en\/product\/liimipustoli-tarvikute-komplekt\/","title":{"rendered":"Liimip\u00fcstoli tarvikute komplekt"},"content":{"rendered":"<div>\n<p>Liimip\u00fcstoli tarvikute komplekt on loodud mugavaks ja ohutuks t\u00f6\u00f6ks liimip\u00fcstoliga. Silikoonist mitteliimuv matt muudab iga pinna liimis\u00f5bralikuks ja v\u00f5imaldab jahtunud liimi h\u00f5lpsalt eemaldada. Komplektis on ka silikoonist s\u00f5rmekaitsed, mis kaitsevad kuuma liimi eest, ning lame liimispaatel, mida saab kasutada liimi t\u00e4pseks pealekandmiseks. Spaatli terava otsaga saab kinni suruda pisikesi detaile.<\/p>\n<p>&nbsp;<\/p>\n<p><strong>Hoiatus:<\/strong> Hoida lastele k\u00e4ttesaamatus kohas.<\/p>\n<\/div>","protected":false},"excerpt":{"rendered":"<p>Liimip\u00fcstoli tarvikute komplekt on loodud mugavaks ja ohutuks t\u00f6\u00f6ks liimip\u00fcstoliga. Silikoonist mitteliimuv matt muudab iga pinna liimis\u00f5bralikuks ja v\u00f5imaldab jahtunud liimi h\u00f5lpsalt eemaldada. Komplektis on ka silikoonist s\u00f5rmekaitsed, mis kaitsevad kuuma liimi eest, ning lame liimispaatel, mida saab kasutada liimi t\u00e4pseks pealekandmiseks. Spaatli terava otsaga saab kinni suruda pisikesi detaile.<\/p>\n<p>&nbsp;<\/p>\n<p><strong>Hoiatus:<\/strong> Hoida lastele k\u00e4ttesaamatus kohas.<\/p>","protected":false},"featured_media":7529,"template":"","meta":[],"product_brand":[],"product_cat":[263,279,1402,1014,1015,1399],"product_tag":[],"class_list":{"0":"post-7528","1":"product","2":"type-product","3":"status-publish","4":"has-post-thumbnail","6":"product_cat-brandid","7":"product_cat-kasitooks-vajalik","8":"product_cat-sizzix","9":"product_cat-tood-paberiga","10":"product_cat-tooriistad-tood-paberiga","11":"product_cat-tooriistad-kasitooks-vajalik","13":"first","14":"instock","15":"taxable","16":"shipping-taxable","17":"purchasable","18":"product-type-simple"},"jetpack_sharing_enabled":true,"_links":{"self":[{"href":"https:\/\/becreative.ee\/en\/wp-json\/wp\/v2\/product\/7528","targetHints":{"allow":["GET"]}}],"collection":[{"href":"https:\/\/becreative.ee\/en\/wp-json\/wp\/v2\/product"}],"about":[{"href":"https:\/\/becreative.ee\/en\/wp-json\/wp\/v2\/types\/product"}],"version-history":[{"count":2,"href":"https:\/\/becreative.ee\/en\/wp-json\/wp\/v2\/product\/7528\/revisions"}],"predecessor-version":[{"id":7551,"href":"https:\/\/becreative.ee\/en\/wp-json\/wp\/v2\/product\/7528\/revisions\/7551"}],"wp:featuredmedia":[{"embeddable":true,"href":"https:\/\/becreative.ee\/en\/wp-json\/wp\/v2\/media\/7529"}],"wp:attachment":[{"href":"https:\/\/becreative.ee\/en\/wp-json\/wp\/v2\/media?parent=7528"}],"wp:term":[{"taxonomy":"product_brand","embeddable":true,"href":"https:\/\/becreative.ee\/en\/wp-json\/wp\/v2\/product_brand?post=7528"},{"taxonomy":"product_cat","embeddable":true,"href":"https:\/\/becreative.ee\/en\/wp-json\/wp\/v2\/product_cat?post=7528"},{"taxonomy":"product_tag","embeddable":true,"href":"https:\/\/becreative.ee\/en\/wp-json\/wp\/v2\/product_tag?post=7528"}],"curies":[{"name":"wp","href":"https:\/\/api.w.org\/{rel}","templated":true}]}}