{"id":7531,"date":"2026-01-07T14:37:10","date_gmt":"2026-01-07T14:37:10","guid":{"rendered":"https:\/\/becreative.ee\/?post_type=product&#038;p=7531"},"modified":"2026-01-07T14:37:10","modified_gmt":"2026-01-07T14:37:10","slug":"kahaneva-plastiku-kuumutamise-abivahendid","status":"publish","type":"product","link":"https:\/\/becreative.ee\/en\/product\/kahaneva-plastiku-kuumutamise-abivahendid\/","title":{"rendered":"Kahaneva plastiku kuumutamise abivahendid"},"content":{"rendered":"<p>Komplekt sisaldab k\u00f5ike, mida vajad t\u00f6\u00f6pinna kaitsmiseks, et luua kuumapuhuriga kahanevast plastikust valmistatud detaile. Komplektis on kuumakindel silikoonmatt, pressimist\u00f6\u00f6riist ja v\u00f5rgust kate, mis tagavad mugava ja ohutu t\u00f6\u00f6protsessi. Suurep\u00e4rane alternatiiv kahaneva plastiku ahjus valmistamisele.<\/p>","protected":false},"excerpt":{"rendered":"<p>Komplekt sisaldab k\u00f5ike, mida vajad t\u00f6\u00f6pinna kaitsmiseks, et luua kuumapuhuriga kahanevast plastikust valmistatud detaile. Komplektis on kuumakindel silikoonmatt, pressimist\u00f6\u00f6riist ja v\u00f5rgust kate, mis tagavad mugava ja ohutu t\u00f6\u00f6protsessi. Suurep\u00e4rane alternatiiv kahaneva plastiku ahjus valmistamisele.<\/p>","protected":false},"featured_media":7532,"template":"","meta":[],"product_brand":[],"product_cat":[263,1120,1402,1116],"product_tag":[],"class_list":{"0":"post-7531","1":"product","2":"type-product","3":"status-publish","4":"has-post-thumbnail","6":"product_cat-brandid","7":"product_cat-kahanev-plastik","8":"product_cat-sizzix","9":"product_cat-teised-tehnikad","11":"first","12":"instock","13":"taxable","14":"shipping-taxable","15":"purchasable","16":"product-type-simple"},"jetpack_sharing_enabled":true,"_links":{"self":[{"href":"https:\/\/becreative.ee\/en\/wp-json\/wp\/v2\/product\/7531","targetHints":{"allow":["GET"]}}],"collection":[{"href":"https:\/\/becreative.ee\/en\/wp-json\/wp\/v2\/product"}],"about":[{"href":"https:\/\/becreative.ee\/en\/wp-json\/wp\/v2\/types\/product"}],"version-history":[{"count":1,"href":"https:\/\/becreative.ee\/en\/wp-json\/wp\/v2\/product\/7531\/revisions"}],"predecessor-version":[{"id":7533,"href":"https:\/\/becreative.ee\/en\/wp-json\/wp\/v2\/product\/7531\/revisions\/7533"}],"wp:featuredmedia":[{"embeddable":true,"href":"https:\/\/becreative.ee\/en\/wp-json\/wp\/v2\/media\/7532"}],"wp:attachment":[{"href":"https:\/\/becreative.ee\/en\/wp-json\/wp\/v2\/media?parent=7531"}],"wp:term":[{"taxonomy":"product_brand","embeddable":true,"href":"https:\/\/becreative.ee\/en\/wp-json\/wp\/v2\/product_brand?post=7531"},{"taxonomy":"product_cat","embeddable":true,"href":"https:\/\/becreative.ee\/en\/wp-json\/wp\/v2\/product_cat?post=7531"},{"taxonomy":"product_tag","embeddable":true,"href":"https:\/\/becreative.ee\/en\/wp-json\/wp\/v2\/product_tag?post=7531"}],"curies":[{"name":"wp","href":"https:\/\/api.w.org\/{rel}","templated":true}]}}