{"id":7560,"date":"2026-01-08T12:58:36","date_gmt":"2026-01-08T12:58:36","guid":{"rendered":"https:\/\/becreative.ee\/?post_type=product&#038;p=7560"},"modified":"2026-01-18T10:36:31","modified_gmt":"2026-01-18T10:36:31","slug":"we-r-makers-oosid","status":"publish","type":"product","link":"https:\/\/becreative.ee\/en\/product\/we-r-makers-oosid\/","title":{"rendered":"We R Makers \u00f6\u00f6sid"},"content":{"rendered":"<p>Klassikalised \u00f6\u00f6siad We R Makersilt on stiilsed ja praktilised detailid, mis sobivad suurep\u00e4raselt igasugustesse k\u00e4sit\u00f6\u00f6projektidesse. Paigaldamine on spetsiaalse t\u00f6\u00f6riistaga lihtne ja kiire. \u00d6\u00f6sid sobivad paberile, kartongile, kangale ja muudele pindadele ning on ideaalsed scrapbooking\u2019u, kaartide valmistamise ja dekoratiivsete k\u00e4sit\u00f6\u00f6projektide jaoks.<\/p>\n<p>&nbsp;<\/p>\n<p>Pakendis 60 \u00f6\u00f6si, laiade puhul 40 \u00f6\u00f6si.<\/p>","protected":false},"excerpt":{"rendered":"<p>Klassikalised \u00f6\u00f6siad We R Makersilt on stiilsed ja praktilised detailid, mis sobivad suurep\u00e4raselt igasugustesse k\u00e4sit\u00f6\u00f6projektidesse. Paigaldamine on spetsiaalse t\u00f6\u00f6riistaga lihtne ja kiire. \u00d6\u00f6sid sobivad paberile, kartongile, kangale ja muudele pindadele ning on ideaalsed scrapbooking\u2019u, kaartide valmistamise ja dekoratiivsete k\u00e4sit\u00f6\u00f6projektide jaoks.<\/p>\n<p>&nbsp;<\/p>\n<p>Pakendis 60 \u00f6\u00f6si, laiade puhul 40 \u00f6\u00f6si.<\/p>","protected":false},"featured_media":7558,"template":"","meta":[],"product_brand":[],"product_cat":[263,1410,1014,1105],"product_tag":[],"class_list":{"0":"post-7560","1":"product","2":"type-product","3":"status-publish","4":"has-post-thumbnail","6":"product_cat-brandid","7":"product_cat-oosid","8":"product_cat-tood-paberiga","9":"product_cat-we-r-memory-keepers","11":"first","12":"instock","13":"taxable","14":"shipping-taxable","15":"purchasable","16":"product-type-variable"},"jetpack_sharing_enabled":true,"_links":{"self":[{"href":"https:\/\/becreative.ee\/en\/wp-json\/wp\/v2\/product\/7560","targetHints":{"allow":["GET"]}}],"collection":[{"href":"https:\/\/becreative.ee\/en\/wp-json\/wp\/v2\/product"}],"about":[{"href":"https:\/\/becreative.ee\/en\/wp-json\/wp\/v2\/types\/product"}],"version-history":[{"count":1,"href":"https:\/\/becreative.ee\/en\/wp-json\/wp\/v2\/product\/7560\/revisions"}],"predecessor-version":[{"id":7568,"href":"https:\/\/becreative.ee\/en\/wp-json\/wp\/v2\/product\/7560\/revisions\/7568"}],"wp:featuredmedia":[{"embeddable":true,"href":"https:\/\/becreative.ee\/en\/wp-json\/wp\/v2\/media\/7558"}],"wp:attachment":[{"href":"https:\/\/becreative.ee\/en\/wp-json\/wp\/v2\/media?parent=7560"}],"wp:term":[{"taxonomy":"product_brand","embeddable":true,"href":"https:\/\/becreative.ee\/en\/wp-json\/wp\/v2\/product_brand?post=7560"},{"taxonomy":"product_cat","embeddable":true,"href":"https:\/\/becreative.ee\/en\/wp-json\/wp\/v2\/product_cat?post=7560"},{"taxonomy":"product_tag","embeddable":true,"href":"https:\/\/becreative.ee\/en\/wp-json\/wp\/v2\/product_tag?post=7560"}],"curies":[{"name":"wp","href":"https:\/\/api.w.org\/{rel}","templated":true}]}}