{"id":7579,"date":"2026-01-13T18:36:37","date_gmt":"2026-01-13T18:36:37","guid":{"rendered":"https:\/\/becreative.ee\/?post_type=product&#038;p=7579"},"modified":"2026-01-13T18:38:32","modified_gmt":"2026-01-13T18:38:32","slug":"metallist-beez-rongas-25-cm","status":"publish","type":"product","link":"https:\/\/becreative.ee\/en\/product\/metallist-beez-rongas-25-cm\/","title":{"rendered":"Metallist bee\u017e r\u00f5ngas 25 cm"},"content":{"rendered":"<p>Metallist r\u00f5ngast on v\u00f5imalik kasutada erinevates projektides. K\u00f5ige tihedamini kasutatakse neid unen\u00e4op\u00fc\u00fcdjate valmistamisel. Lisaks saab r\u00f5ngast kasutada beebi voodikaruselli osana v\u00f5i alusena makramee valmistamisel. Bee\u017ei r\u00f5nga diameeter on 25 cm.<\/p>","protected":false},"excerpt":{"rendered":"<p>Metallist r\u00f5ngast on v\u00f5imalik kasutada erinevates projektides. K\u00f5ige tihedamini kasutatakse neid unen\u00e4op\u00fc\u00fcdjate valmistamisel. Lisaks saab r\u00f5ngast kasutada beebi voodikaruselli osana v\u00f5i alusena makramee valmistamisel. Bee\u017ei r\u00f5nga diameeter on 25 cm.<\/p>","protected":false},"featured_media":7580,"template":"","meta":[],"product_brand":[],"product_cat":[263,265,279,912,340,914],"product_tag":[],"class_list":{"0":"post-7579","1":"product","2":"type-product","3":"status-publish","4":"has-post-thumbnail","6":"product_cat-brandid","7":"product_cat-go-handmade","8":"product_cat-kasitooks-vajalik","9":"product_cat-makramee","10":"product_cat-rongad","11":"product_cat-rongad-makramee","13":"first","14":"instock","15":"taxable","16":"shipping-taxable","17":"purchasable","18":"product-type-simple"},"jetpack_sharing_enabled":true,"_links":{"self":[{"href":"https:\/\/becreative.ee\/en\/wp-json\/wp\/v2\/product\/7579","targetHints":{"allow":["GET"]}}],"collection":[{"href":"https:\/\/becreative.ee\/en\/wp-json\/wp\/v2\/product"}],"about":[{"href":"https:\/\/becreative.ee\/en\/wp-json\/wp\/v2\/types\/product"}],"version-history":[{"count":1,"href":"https:\/\/becreative.ee\/en\/wp-json\/wp\/v2\/product\/7579\/revisions"}],"predecessor-version":[{"id":7581,"href":"https:\/\/becreative.ee\/en\/wp-json\/wp\/v2\/product\/7579\/revisions\/7581"}],"wp:featuredmedia":[{"embeddable":true,"href":"https:\/\/becreative.ee\/en\/wp-json\/wp\/v2\/media\/7580"}],"wp:attachment":[{"href":"https:\/\/becreative.ee\/en\/wp-json\/wp\/v2\/media?parent=7579"}],"wp:term":[{"taxonomy":"product_brand","embeddable":true,"href":"https:\/\/becreative.ee\/en\/wp-json\/wp\/v2\/product_brand?post=7579"},{"taxonomy":"product_cat","embeddable":true,"href":"https:\/\/becreative.ee\/en\/wp-json\/wp\/v2\/product_cat?post=7579"},{"taxonomy":"product_tag","embeddable":true,"href":"https:\/\/becreative.ee\/en\/wp-json\/wp\/v2\/product_tag?post=7579"}],"curies":[{"name":"wp","href":"https:\/\/api.w.org\/{rel}","templated":true}]}}