{"id":7582,"date":"2026-01-13T18:38:39","date_gmt":"2026-01-13T18:38:39","guid":{"rendered":"https:\/\/becreative.ee\/?post_type=product&#038;p=7582"},"modified":"2026-01-13T18:39:43","modified_gmt":"2026-01-13T18:39:43","slug":"metallist-roosa-rongas-25-cm","status":"publish","type":"product","link":"https:\/\/becreative.ee\/en\/product\/metallist-roosa-rongas-25-cm\/","title":{"rendered":"Metallist roosa r\u00f5ngas 25 cm"},"content":{"rendered":"<p>Metallist r\u00f5ngast on v\u00f5imalik kasutada erinevates projektides. K\u00f5ige tihedamini kasutatakse neid unen\u00e4op\u00fc\u00fcdjate valmistamisel. Lisaks saab r\u00f5ngast kasutada beebi voodikaruselli osana v\u00f5i alusena makramee valmistamisel. Roosa r\u00f5nga diameeter on 25 cm.<\/p>","protected":false},"excerpt":{"rendered":"<p>Metallist r\u00f5ngast on v\u00f5imalik kasutada erinevates projektides. K\u00f5ige tihedamini kasutatakse neid unen\u00e4op\u00fc\u00fcdjate valmistamisel. Lisaks saab r\u00f5ngast kasutada beebi voodikaruselli osana v\u00f5i alusena makramee valmistamisel. Roosa r\u00f5nga diameeter on 25 cm.<\/p>","protected":false},"featured_media":7583,"template":"","meta":[],"product_brand":[],"product_cat":[263,265,279,912,914,340],"product_tag":[],"class_list":{"0":"post-7582","1":"product","2":"type-product","3":"status-publish","4":"has-post-thumbnail","6":"product_cat-brandid","7":"product_cat-go-handmade","8":"product_cat-kasitooks-vajalik","9":"product_cat-makramee","10":"product_cat-rongad-makramee","11":"product_cat-rongad","13":"first","14":"instock","15":"taxable","16":"shipping-taxable","17":"purchasable","18":"product-type-simple"},"jetpack_sharing_enabled":true,"_links":{"self":[{"href":"https:\/\/becreative.ee\/en\/wp-json\/wp\/v2\/product\/7582","targetHints":{"allow":["GET"]}}],"collection":[{"href":"https:\/\/becreative.ee\/en\/wp-json\/wp\/v2\/product"}],"about":[{"href":"https:\/\/becreative.ee\/en\/wp-json\/wp\/v2\/types\/product"}],"version-history":[{"count":1,"href":"https:\/\/becreative.ee\/en\/wp-json\/wp\/v2\/product\/7582\/revisions"}],"predecessor-version":[{"id":7584,"href":"https:\/\/becreative.ee\/en\/wp-json\/wp\/v2\/product\/7582\/revisions\/7584"}],"wp:featuredmedia":[{"embeddable":true,"href":"https:\/\/becreative.ee\/en\/wp-json\/wp\/v2\/media\/7583"}],"wp:attachment":[{"href":"https:\/\/becreative.ee\/en\/wp-json\/wp\/v2\/media?parent=7582"}],"wp:term":[{"taxonomy":"product_brand","embeddable":true,"href":"https:\/\/becreative.ee\/en\/wp-json\/wp\/v2\/product_brand?post=7582"},{"taxonomy":"product_cat","embeddable":true,"href":"https:\/\/becreative.ee\/en\/wp-json\/wp\/v2\/product_cat?post=7582"},{"taxonomy":"product_tag","embeddable":true,"href":"https:\/\/becreative.ee\/en\/wp-json\/wp\/v2\/product_tag?post=7582"}],"curies":[{"name":"wp","href":"https:\/\/api.w.org\/{rel}","templated":true}]}}