{"id":7590,"date":"2026-01-18T13:49:52","date_gmt":"2026-01-18T13:49:52","guid":{"rendered":"https:\/\/becreative.ee\/?post_type=product&#038;p=7590"},"modified":"2026-01-18T13:49:52","modified_gmt":"2026-01-18T13:49:52","slug":"vaha-pitsati-valamise-komplekt","status":"publish","type":"product","link":"https:\/\/becreative.ee\/en\/product\/vaha-pitsati-valamise-komplekt\/","title":{"rendered":"Vaha pitsati valamise komplekt"},"content":{"rendered":"<p>Kaunistage kaarte, albumeid, diplomeid v\u00f5i kirju. Pitseri vahadega on palju erinevaid v\u00f5imalusi. See suurep\u00e4rane komplekt sisaldab k\u00f5ike, mida sellise pitsati valamiseks vaja l\u00e4heb: alus, sulatamise n\u00f5u, pitsat ja vaha p\u00e4rlid. K\u00f5ik imearmsas roosas toonis.<\/p>","protected":false},"excerpt":{"rendered":"<p>Kaunistage kaarte, albumeid, diplomeid v\u00f5i kirju. Pitseri vahadega on palju erinevaid v\u00f5imalusi. See suurep\u00e4rane komplekt sisaldab k\u00f5ike, mida sellise pitsati valamiseks vaja l\u00e4heb: alus, sulatamise n\u00f5u, pitsat ja vaha p\u00e4rlid. K\u00f5ik imearmsas roosas toonis.<\/p>","protected":false},"featured_media":7591,"template":"","meta":[],"product_brand":[],"product_cat":[263,1318,1321,1014],"product_tag":[],"class_list":{"0":"post-7590","1":"product","2":"type-product","3":"status-publish","4":"has-post-thumbnail","6":"product_cat-brandid","7":"product_cat-pitsati-vaha","8":"product_cat-studio-light","9":"product_cat-tood-paberiga","11":"first","12":"instock","13":"taxable","14":"shipping-taxable","15":"purchasable","16":"product-type-simple"},"jetpack_sharing_enabled":true,"_links":{"self":[{"href":"https:\/\/becreative.ee\/en\/wp-json\/wp\/v2\/product\/7590","targetHints":{"allow":["GET"]}}],"collection":[{"href":"https:\/\/becreative.ee\/en\/wp-json\/wp\/v2\/product"}],"about":[{"href":"https:\/\/becreative.ee\/en\/wp-json\/wp\/v2\/types\/product"}],"version-history":[{"count":2,"href":"https:\/\/becreative.ee\/en\/wp-json\/wp\/v2\/product\/7590\/revisions"}],"predecessor-version":[{"id":7593,"href":"https:\/\/becreative.ee\/en\/wp-json\/wp\/v2\/product\/7590\/revisions\/7593"}],"wp:featuredmedia":[{"embeddable":true,"href":"https:\/\/becreative.ee\/en\/wp-json\/wp\/v2\/media\/7591"}],"wp:attachment":[{"href":"https:\/\/becreative.ee\/en\/wp-json\/wp\/v2\/media?parent=7590"}],"wp:term":[{"taxonomy":"product_brand","embeddable":true,"href":"https:\/\/becreative.ee\/en\/wp-json\/wp\/v2\/product_brand?post=7590"},{"taxonomy":"product_cat","embeddable":true,"href":"https:\/\/becreative.ee\/en\/wp-json\/wp\/v2\/product_cat?post=7590"},{"taxonomy":"product_tag","embeddable":true,"href":"https:\/\/becreative.ee\/en\/wp-json\/wp\/v2\/product_tag?post=7590"}],"curies":[{"name":"wp","href":"https:\/\/api.w.org\/{rel}","templated":true}]}}