{"id":7594,"date":"2026-01-18T13:58:54","date_gmt":"2026-01-18T13:58:54","guid":{"rendered":"https:\/\/becreative.ee\/?post_type=product&#038;p=7594"},"modified":"2026-01-18T14:01:39","modified_gmt":"2026-01-18T14:01:39","slug":"studio-light-pitsati-vaha","status":"publish","type":"product","link":"https:\/\/becreative.ee\/en\/product\/studio-light-pitsati-vaha\/","title":{"rendered":"Studio Light pitsati vaha"},"content":{"rendered":"<p>Pitserite valmistamiseks m\u00f5eldud vaha. Kaunistage kaarte, albumeid, diplomeid v\u00f5i kirju. Pitseri erinevate vahadega on palju erinevaid v\u00f5imalusi. Mugavaks kasutamiseks on (10 erinevat v\u00e4rvi) vaha t\u00fckid pakendatud plastikust karpi.<\/p>","protected":false},"excerpt":{"rendered":"<p>Pitserite valmistamiseks m\u00f5eldud vaha. Kaunistage kaarte, albumeid, diplomeid v\u00f5i kirju. Pitseri erinevate vahadega on palju erinevaid v\u00f5imalusi. Mugavaks kasutamiseks on (10 erinevat v\u00e4rvi) vaha t\u00fckid pakendatud plastikust karpi.<\/p>","protected":false},"featured_media":7595,"template":"","meta":[],"product_brand":[],"product_cat":[263,1318,1321,1014],"product_tag":[],"class_list":{"0":"post-7594","1":"product","2":"type-product","3":"status-publish","4":"has-post-thumbnail","6":"product_cat-brandid","7":"product_cat-pitsati-vaha","8":"product_cat-studio-light","9":"product_cat-tood-paberiga","11":"first","12":"instock","13":"taxable","14":"shipping-taxable","15":"purchasable","16":"product-type-variable"},"jetpack_sharing_enabled":true,"_links":{"self":[{"href":"https:\/\/becreative.ee\/en\/wp-json\/wp\/v2\/product\/7594","targetHints":{"allow":["GET"]}}],"collection":[{"href":"https:\/\/becreative.ee\/en\/wp-json\/wp\/v2\/product"}],"about":[{"href":"https:\/\/becreative.ee\/en\/wp-json\/wp\/v2\/types\/product"}],"version-history":[{"count":2,"href":"https:\/\/becreative.ee\/en\/wp-json\/wp\/v2\/product\/7594\/revisions"}],"predecessor-version":[{"id":7600,"href":"https:\/\/becreative.ee\/en\/wp-json\/wp\/v2\/product\/7594\/revisions\/7600"}],"wp:featuredmedia":[{"embeddable":true,"href":"https:\/\/becreative.ee\/en\/wp-json\/wp\/v2\/media\/7595"}],"wp:attachment":[{"href":"https:\/\/becreative.ee\/en\/wp-json\/wp\/v2\/media?parent=7594"}],"wp:term":[{"taxonomy":"product_brand","embeddable":true,"href":"https:\/\/becreative.ee\/en\/wp-json\/wp\/v2\/product_brand?post=7594"},{"taxonomy":"product_cat","embeddable":true,"href":"https:\/\/becreative.ee\/en\/wp-json\/wp\/v2\/product_cat?post=7594"},{"taxonomy":"product_tag","embeddable":true,"href":"https:\/\/becreative.ee\/en\/wp-json\/wp\/v2\/product_tag?post=7594"}],"curies":[{"name":"wp","href":"https:\/\/api.w.org\/{rel}","templated":true}]}}