{"id":7601,"date":"2026-01-18T14:14:18","date_gmt":"2026-01-18T14:14:18","guid":{"rendered":"https:\/\/becreative.ee\/?post_type=product&#038;p=7601"},"modified":"2026-04-17T07:54:11","modified_gmt":"2026-04-17T07:54:11","slug":"7601","status":"publish","type":"product","link":"https:\/\/becreative.ee\/en\/product\/7601\/","title":{"rendered":"Studio Light kalka paber &#8211; roheline"},"content":{"rendered":"<p>Studio Light Essentials Vellum Paper on kvaliteetne kalka paber (pooll\u00e4bipaistev paber), mis sobib suurep\u00e4raselt k\u00e4sit\u00f6\u00f6projektideks, scrapbookinguks ja kaartide valmistamiseks. Komplektis on 24 \u00fchtlase v\u00e4rviga lehte, mis annavad t\u00f6\u00f6dele elegantse ja professionaalse viimistluse. Paber on A5 m\u00f5\u00f5dus, kerge ja mugav kasutada ning t\u00e4nu kompaktsele formaadile on seda lihtne hoiustada.<\/p>","protected":false},"excerpt":{"rendered":"<p>Studio Light Essentials Vellum Paper on kvaliteetne kalka paber (pooll\u00e4bipaistev paber), mis sobib suurep\u00e4raselt k\u00e4sit\u00f6\u00f6projektideks, scrapbookinguks ja kaartide valmistamiseks. Komplektis on 24 \u00fchtlase v\u00e4rviga lehte, mis annavad t\u00f6\u00f6dele elegantse ja professionaalse viimistluse. Paber on A5 m\u00f5\u00f5dus, kerge ja mugav kasutada ning t\u00e4nu kompaktsele formaadile on seda lihtne hoiustada.<\/p>","protected":false},"featured_media":7602,"template":"","meta":[],"product_brand":[],"product_cat":[263,1294,1321,1014],"product_tag":[],"class_list":{"0":"post-7601","1":"product","2":"type-product","3":"status-publish","4":"has-post-thumbnail","6":"product_cat-brandid","7":"product_cat-paber-tood-paberiga","8":"product_cat-studio-light","9":"product_cat-tood-paberiga","11":"first","12":"instock","13":"taxable","14":"shipping-taxable","15":"purchasable","16":"product-type-simple"},"jetpack_sharing_enabled":true,"_links":{"self":[{"href":"https:\/\/becreative.ee\/en\/wp-json\/wp\/v2\/product\/7601","targetHints":{"allow":["GET"]}}],"collection":[{"href":"https:\/\/becreative.ee\/en\/wp-json\/wp\/v2\/product"}],"about":[{"href":"https:\/\/becreative.ee\/en\/wp-json\/wp\/v2\/types\/product"}],"version-history":[{"count":2,"href":"https:\/\/becreative.ee\/en\/wp-json\/wp\/v2\/product\/7601\/revisions"}],"predecessor-version":[{"id":7605,"href":"https:\/\/becreative.ee\/en\/wp-json\/wp\/v2\/product\/7601\/revisions\/7605"}],"wp:featuredmedia":[{"embeddable":true,"href":"https:\/\/becreative.ee\/en\/wp-json\/wp\/v2\/media\/7602"}],"wp:attachment":[{"href":"https:\/\/becreative.ee\/en\/wp-json\/wp\/v2\/media?parent=7601"}],"wp:term":[{"taxonomy":"product_brand","embeddable":true,"href":"https:\/\/becreative.ee\/en\/wp-json\/wp\/v2\/product_brand?post=7601"},{"taxonomy":"product_cat","embeddable":true,"href":"https:\/\/becreative.ee\/en\/wp-json\/wp\/v2\/product_cat?post=7601"},{"taxonomy":"product_tag","embeddable":true,"href":"https:\/\/becreative.ee\/en\/wp-json\/wp\/v2\/product_tag?post=7601"}],"curies":[{"name":"wp","href":"https:\/\/api.w.org\/{rel}","templated":true}]}}