{"id":784,"date":"2020-04-17T07:53:51","date_gmt":"2020-04-17T07:53:51","guid":{"rendered":"https:\/\/becreative.ee\/?post_type=product&#038;p=784"},"modified":"2023-06-11T07:19:35","modified_gmt":"2023-06-11T07:19:35","slug":"ergonoomiline-heegelnoel-6mm","status":"publish","type":"product","link":"https:\/\/becreative.ee\/en\/product\/ergonoomiline-heegelnoel-6mm\/","title":{"rendered":"Ergonoomiline heegeln\u00f5el 6mm"},"content":{"rendered":"<p>Heegeln\u00f5ela suurus: 6mm<\/p>\n<p>Heegeln\u00f5ela pikkus: 16cm<\/p>\n<p>Heegeln\u00f5ela k\u00e4epideme pikkus: 12cm<\/p>\n<p>Heegeln\u00f5ela metallosa pikkus: 4cm<\/p>\n<p>&nbsp;<\/p>\n<p>Heegeln\u00f5el on v\u00e4rvilise pehme silikoonist ergonoomilise k\u00e4epidemega. Heegeln\u00f5ela ots on kvaliteetsest poleeritud alumiiniumist ja v\u00e4ga mugav.<\/p>","protected":false},"excerpt":{"rendered":"<p>Heegeln\u00f5el on v\u00e4rvilise pehme silikoonist ergonoomilise k\u00e4epidemega. Heegeln\u00f5ela ots on kvaliteetsest poleeritud alumiiniumist ja v\u00e4ga mugav.<\/p>\n<p>&nbsp;<\/p>","protected":false},"featured_media":785,"template":"","meta":[],"product_brand":[],"product_cat":[263,266,783,789],"product_tag":[52],"class_list":{"0":"post-784","1":"product","2":"type-product","3":"status-publish","4":"has-post-thumbnail","6":"product_cat-brandid","7":"product_cat-handibrand","8":"product_cat-heegeldamine","9":"product_cat-heegelnoelad-heegeldamine","10":"product_tag-heegelnoelad","12":"first","13":"instock","14":"taxable","15":"shipping-taxable","16":"purchasable","17":"product-type-simple"},"jetpack_sharing_enabled":true,"_links":{"self":[{"href":"https:\/\/becreative.ee\/en\/wp-json\/wp\/v2\/product\/784","targetHints":{"allow":["GET"]}}],"collection":[{"href":"https:\/\/becreative.ee\/en\/wp-json\/wp\/v2\/product"}],"about":[{"href":"https:\/\/becreative.ee\/en\/wp-json\/wp\/v2\/types\/product"}],"version-history":[{"count":3,"href":"https:\/\/becreative.ee\/en\/wp-json\/wp\/v2\/product\/784\/revisions"}],"predecessor-version":[{"id":788,"href":"https:\/\/becreative.ee\/en\/wp-json\/wp\/v2\/product\/784\/revisions\/788"}],"wp:featuredmedia":[{"embeddable":true,"href":"https:\/\/becreative.ee\/en\/wp-json\/wp\/v2\/media\/785"}],"wp:attachment":[{"href":"https:\/\/becreative.ee\/en\/wp-json\/wp\/v2\/media?parent=784"}],"wp:term":[{"taxonomy":"product_brand","embeddable":true,"href":"https:\/\/becreative.ee\/en\/wp-json\/wp\/v2\/product_brand?post=784"},{"taxonomy":"product_cat","embeddable":true,"href":"https:\/\/becreative.ee\/en\/wp-json\/wp\/v2\/product_cat?post=784"},{"taxonomy":"product_tag","embeddable":true,"href":"https:\/\/becreative.ee\/en\/wp-json\/wp\/v2\/product_tag?post=784"}],"curies":[{"name":"wp","href":"https:\/\/api.w.org\/{rel}","templated":true}]}}