{"id":794,"date":"2020-04-17T08:25:23","date_gmt":"2020-04-17T08:25:23","guid":{"rendered":"https:\/\/becreative.ee\/?post_type=product&#038;p=794"},"modified":"2025-11-15T16:29:26","modified_gmt":"2025-11-15T16:29:26","slug":"ergonoomiline-heegelnoel-35mm","status":"publish","type":"product","link":"https:\/\/becreative.ee\/en\/product\/ergonoomiline-heegelnoel-35mm\/","title":{"rendered":"Ergonoomiline heegeln\u00f5el 3,5mm"},"content":{"rendered":"<p>Heegeln\u00f5ela suurus: 3,5mm<\/p>\n<p>Heegeln\u00f5ela pikkus: 16cm<\/p>\n<p>Heegeln\u00f5ela k\u00e4epideme pikkus: 12cm<\/p>\n<p>Heegeln\u00f5ela metallosa pikkus: 4cm<\/p>\n<p>&nbsp;<\/p>\n<p>Heegeln\u00f5el on v\u00e4rvilise pehme silikoonist ergonoomilise k\u00e4epidemega. Heegeln\u00f5ela ots on kvaliteetsest poleeritud alumiiniumist ja v\u00e4ga mugav.<\/p>","protected":false},"excerpt":{"rendered":"<p>Heegeln\u00f5el on v\u00e4rvilise pehme silikoonist ergonoomilise k\u00e4epidemega. Heegeln\u00f5ela ots on kvaliteetsest poleeritud alumiiniumist ja v\u00e4ga mugav.<\/p>","protected":false},"featured_media":795,"template":"","meta":[],"product_brand":[],"product_cat":[263,266,783,789],"product_tag":[52],"class_list":{"0":"post-794","1":"product","2":"type-product","3":"status-publish","4":"has-post-thumbnail","6":"product_cat-brandid","7":"product_cat-handibrand","8":"product_cat-heegeldamine","9":"product_cat-heegelnoelad-heegeldamine","10":"product_tag-heegelnoelad","12":"first","13":"instock","14":"taxable","15":"shipping-taxable","16":"purchasable","17":"product-type-simple"},"jetpack_sharing_enabled":true,"_links":{"self":[{"href":"https:\/\/becreative.ee\/en\/wp-json\/wp\/v2\/product\/794","targetHints":{"allow":["GET"]}}],"collection":[{"href":"https:\/\/becreative.ee\/en\/wp-json\/wp\/v2\/product"}],"about":[{"href":"https:\/\/becreative.ee\/en\/wp-json\/wp\/v2\/types\/product"}],"version-history":[{"count":1,"href":"https:\/\/becreative.ee\/en\/wp-json\/wp\/v2\/product\/794\/revisions"}],"predecessor-version":[{"id":797,"href":"https:\/\/becreative.ee\/en\/wp-json\/wp\/v2\/product\/794\/revisions\/797"}],"wp:featuredmedia":[{"embeddable":true,"href":"https:\/\/becreative.ee\/en\/wp-json\/wp\/v2\/media\/795"}],"wp:attachment":[{"href":"https:\/\/becreative.ee\/en\/wp-json\/wp\/v2\/media?parent=794"}],"wp:term":[{"taxonomy":"product_brand","embeddable":true,"href":"https:\/\/becreative.ee\/en\/wp-json\/wp\/v2\/product_brand?post=794"},{"taxonomy":"product_cat","embeddable":true,"href":"https:\/\/becreative.ee\/en\/wp-json\/wp\/v2\/product_cat?post=794"},{"taxonomy":"product_tag","embeddable":true,"href":"https:\/\/becreative.ee\/en\/wp-json\/wp\/v2\/product_tag?post=794"}],"curies":[{"name":"wp","href":"https:\/\/api.w.org\/{rel}","templated":true}]}}