{"id":806,"date":"2020-04-17T08:30:28","date_gmt":"2020-04-17T08:30:28","guid":{"rendered":"https:\/\/becreative.ee\/?post_type=product&#038;p=806"},"modified":"2023-09-23T17:12:25","modified_gmt":"2023-09-23T17:12:25","slug":"ergonoomiline-heegelnoel-5mm","status":"publish","type":"product","link":"https:\/\/becreative.ee\/en\/product\/ergonoomiline-heegelnoel-5mm\/","title":{"rendered":"Ergonoomiline heegeln\u00f5el 5mm"},"content":{"rendered":"<p>Heegeln\u00f5ela suurus: 5mm<\/p>\n<p>Heegeln\u00f5ela pikkus: 16cm<\/p>\n<p>Heegeln\u00f5ela k\u00e4epideme pikkus: 12cm<\/p>\n<p>Heegeln\u00f5ela metallosa pikkus: 4cm<\/p>\n<p>&nbsp;<\/p>\n<p>Heegeln\u00f5el on v\u00e4rvilise pehme silikoonist ergonoomilise k\u00e4epidemega. Heegeln\u00f5ela ots on kvaliteetsest poleeritud alumiiniumist ja v\u00e4ga mugav.<\/p>","protected":false},"excerpt":{"rendered":"<p>Heegeln\u00f5el on v\u00e4rvilise pehme silikoonist ergonoomilise k\u00e4epidemega. Heegeln\u00f5ela ots on kvaliteetsest poleeritud alumiiniumist ja v\u00e4ga mugav.<\/p>","protected":false},"featured_media":807,"template":"","meta":[],"product_brand":[],"product_cat":[263,266,783,789],"product_tag":[52],"class_list":{"0":"post-806","1":"product","2":"type-product","3":"status-publish","4":"has-post-thumbnail","6":"product_cat-brandid","7":"product_cat-handibrand","8":"product_cat-heegeldamine","9":"product_cat-heegelnoelad-heegeldamine","10":"product_tag-heegelnoelad","12":"first","13":"instock","14":"taxable","15":"shipping-taxable","16":"purchasable","17":"product-type-simple"},"jetpack_sharing_enabled":true,"_links":{"self":[{"href":"https:\/\/becreative.ee\/en\/wp-json\/wp\/v2\/product\/806","targetHints":{"allow":["GET"]}}],"collection":[{"href":"https:\/\/becreative.ee\/en\/wp-json\/wp\/v2\/product"}],"about":[{"href":"https:\/\/becreative.ee\/en\/wp-json\/wp\/v2\/types\/product"}],"version-history":[{"count":1,"href":"https:\/\/becreative.ee\/en\/wp-json\/wp\/v2\/product\/806\/revisions"}],"predecessor-version":[{"id":809,"href":"https:\/\/becreative.ee\/en\/wp-json\/wp\/v2\/product\/806\/revisions\/809"}],"wp:featuredmedia":[{"embeddable":true,"href":"https:\/\/becreative.ee\/en\/wp-json\/wp\/v2\/media\/807"}],"wp:attachment":[{"href":"https:\/\/becreative.ee\/en\/wp-json\/wp\/v2\/media?parent=806"}],"wp:term":[{"taxonomy":"product_brand","embeddable":true,"href":"https:\/\/becreative.ee\/en\/wp-json\/wp\/v2\/product_brand?post=806"},{"taxonomy":"product_cat","embeddable":true,"href":"https:\/\/becreative.ee\/en\/wp-json\/wp\/v2\/product_cat?post=806"},{"taxonomy":"product_tag","embeddable":true,"href":"https:\/\/becreative.ee\/en\/wp-json\/wp\/v2\/product_tag?post=806"}],"curies":[{"name":"wp","href":"https:\/\/api.w.org\/{rel}","templated":true}]}}