{"id":878,"date":"2020-04-20T09:00:29","date_gmt":"2020-04-20T09:00:29","guid":{"rendered":"https:\/\/becreative.ee\/?post_type=product&#038;p=878"},"modified":"2026-01-04T07:35:50","modified_gmt":"2026-01-04T07:35:50","slug":"bio-shetland","status":"publish","type":"product","link":"https:\/\/becreative.ee\/en\/product\/bio-shetland\/","title":{"rendered":"L\u00f5ng Bio Shetland"},"content":{"rendered":"<p>L\u00f5ng: 100 % puhas vill<\/p>\n<p>V\u00e4rv: erinevad v\u00e4rvid<\/p>\n<p>Varda suurus: 2,5 &#8211; 3,5 mm<\/p>\n<p>Heegeln\u00f5ela suurus: 2,5 &#8211; 3,5 mm<\/p>\n<p>Kaal: 50 g<\/p>\n<p>L\u00f5nga pikkus: 280 m<\/p>\n<p>\u00dche M suuruses naiste kampsuni kudumiseks kulub ligikaudu 400 g l\u00f5nga.<\/p>\n<p>&nbsp;<\/p>\n<p>Sertifikaat:<\/p>\n<p><img decoding=\"async\" class=\"alignnone wp-image-885\" src=\"https:\/\/becreative.ee\/wp-content\/uploads\/2020\/04\/GOTS-logo-150x150.png\" alt=\"\" width=\"108\" height=\"108\" srcset=\"https:\/\/becreative.ee\/wp-content\/uploads\/2020\/04\/GOTS-logo-150x150.png 150w, https:\/\/becreative.ee\/wp-content\/uploads\/2020\/04\/GOTS-logo-100x100.png 100w, https:\/\/becreative.ee\/wp-content\/uploads\/2020\/04\/GOTS-logo.png 300w\" sizes=\"(max-width: 108px) 100vw, 108px\" \/><\/p>\n<p>&nbsp;<\/p>\n<p>Pesujuhised:<\/p>\n<p><img decoding=\"async\" class=\"alignnone size-full wp-image-879\" src=\"https:\/\/becreative.ee\/wp-content\/uploads\/2020\/04\/k\u00e4sitsipesu.png\" alt=\"\" width=\"50\" height=\"50\" \/> <img decoding=\"async\" class=\"alignnone size-full wp-image-299\" src=\"https:\/\/becreative.ee\/wp-content\/uploads\/2020\/03\/valgendamine-keelatud.png\" alt=\"\" width=\"50\" height=\"50\" \/> <img loading=\"lazy\" decoding=\"async\" class=\"alignnone size-full wp-image-298\" src=\"https:\/\/becreative.ee\/wp-content\/uploads\/2020\/03\/trummelkuivatus_keelatud.png\" alt=\"\" width=\"50\" height=\"50\" \/> <img loading=\"lazy\" decoding=\"async\" class=\"alignnone size-full wp-image-1015\" src=\"https:\/\/becreative.ee\/wp-content\/uploads\/2020\/04\/triikimine__tapp.png\" alt=\"\" width=\"50\" height=\"50\" \/> <img loading=\"lazy\" decoding=\"async\" class=\"alignnone size-full wp-image-1014\" src=\"https:\/\/becreative.ee\/wp-content\/uploads\/2020\/04\/pesumajale_antav_teave_pesuvahendi_tekstiili_kohta.png\" alt=\"\" width=\"50\" height=\"50\" \/><\/p>\n<p>&nbsp;<\/p>\n<p>BIO Shetland on ilus pehme GOTS sertifikaadiga orgaaniline villane l\u00f5ng. L\u00f5ng sobib suurep\u00e4raselt nii laste kui ka t\u00e4iskasvanute r\u00f5ivaste valmistamiseks. Ideaalne kasutamiseks, kui teile meeldivad traditsioonilised maal\u00e4hedased l\u00f5ngad. Sobib v\u00e4ga h\u00e4sti ka kudumismasinaga t\u00f6\u00f6tamiseks.<\/p>\n<p>&nbsp;<\/p>\n<p>GOTS (Global Organic Textile Standard) on maailma juhtiv orgaanilise tekstiili tootjatele antav sertifikaat. GOTS m\u00e4rgis tootel n\u00e4itab, et toote valmistamine on toimunud keskkonda s\u00e4\u00e4stvalt ja k\u00f5rgeid sotsiaalseid kriteeriumeid j\u00e4rgides.<\/p>","protected":false},"excerpt":{"rendered":"<p>L\u00f5ng: 100 % puhas vill<\/p>\n<p>V\u00e4rv: erinevad v\u00e4rvid<\/p>\n<p>Varda suurus: 2,5 &#8211; 3,5 mm<\/p>\n<p>Heegeln\u00f5ela suurus: 2,5 &#8211; 3,5 mm<\/p>\n<p>Kaal: 50 g<\/p>\n<p>L\u00f5nga pikkus: 280 m<\/p>\n<p>\u00dche M suuruses naiste kampsuni kudumiseks kulub ligikaudu 400 g l\u00f5nga.<\/p>\n<p>&nbsp;<\/p>\n<p>Sertifikaat:<\/p>\n<p><img decoding=\"async\" class=\"alignnone wp-image-885\" src=\"https:\/\/becreative.ee\/wp-content\/uploads\/2020\/04\/GOTS-logo-150x150.png\" alt=\"\" width=\"108\" height=\"108\" srcset=\"https:\/\/becreative.ee\/wp-content\/uploads\/2020\/04\/GOTS-logo-150x150.png 150w, https:\/\/becreative.ee\/wp-content\/uploads\/2020\/04\/GOTS-logo-100x100.png 100w, https:\/\/becreative.ee\/wp-content\/uploads\/2020\/04\/GOTS-logo.png 300w\" sizes=\"(max-width: 108px) 100vw, 108px\" \/><\/p>","protected":false},"featured_media":1322,"template":"","meta":[],"product_brand":[],"product_cat":[267,263,23,60],"product_tag":[24],"class_list":{"0":"post-878","1":"product","2":"type-product","3":"status-publish","4":"has-post-thumbnail","6":"product_cat-bc-garn","7":"product_cat-brandid","8":"product_cat-longad","9":"product_cat-villane-long","10":"product_tag-long","12":"first","13":"instock","14":"sale","15":"taxable","16":"shipping-taxable","17":"purchasable","18":"product-type-variable"},"jetpack_sharing_enabled":true,"_links":{"self":[{"href":"https:\/\/becreative.ee\/en\/wp-json\/wp\/v2\/product\/878","targetHints":{"allow":["GET"]}}],"collection":[{"href":"https:\/\/becreative.ee\/en\/wp-json\/wp\/v2\/product"}],"about":[{"href":"https:\/\/becreative.ee\/en\/wp-json\/wp\/v2\/types\/product"}],"version-history":[{"count":5,"href":"https:\/\/becreative.ee\/en\/wp-json\/wp\/v2\/product\/878\/revisions"}],"predecessor-version":[{"id":1341,"href":"https:\/\/becreative.ee\/en\/wp-json\/wp\/v2\/product\/878\/revisions\/1341"}],"wp:featuredmedia":[{"embeddable":true,"href":"https:\/\/becreative.ee\/en\/wp-json\/wp\/v2\/media\/1322"}],"wp:attachment":[{"href":"https:\/\/becreative.ee\/en\/wp-json\/wp\/v2\/media?parent=878"}],"wp:term":[{"taxonomy":"product_brand","embeddable":true,"href":"https:\/\/becreative.ee\/en\/wp-json\/wp\/v2\/product_brand?post=878"},{"taxonomy":"product_cat","embeddable":true,"href":"https:\/\/becreative.ee\/en\/wp-json\/wp\/v2\/product_cat?post=878"},{"taxonomy":"product_tag","embeddable":true,"href":"https:\/\/becreative.ee\/en\/wp-json\/wp\/v2\/product_tag?post=878"}],"curies":[{"name":"wp","href":"https:\/\/api.w.org\/{rel}","templated":true}]}}