{"id":891,"date":"2020-04-20T13:22:41","date_gmt":"2020-04-20T13:22:41","guid":{"rendered":"https:\/\/becreative.ee\/?post_type=product&#038;p=891"},"modified":"2026-03-11T17:05:56","modified_gmt":"2026-03-11T17:05:56","slug":"long-bc-allino","status":"publish","type":"product","link":"https:\/\/becreative.ee\/en\/product\/long-bc-allino\/","title":{"rendered":"L\u00f5ng Allino"},"content":{"rendered":"<p>L\u00f5ng: 50% lina ja 50% puuvill<\/p>\n<p>V\u00e4rv: erinevad v\u00e4rvid<\/p>\n<p>Varda suurus: 3 &#8211; 3,5 mm<\/p>\n<p>Heegeln\u00f5ela suurus: 3 &#8211; 3,5 mm<\/p>\n<p>Kaal: 50 g<\/p>\n<p>L\u00f5nga pikkus: 125 m<\/p>\n<p>\u00dche M suuruses naiste kampsuni kudumiseks kulub ligikaudu 550 g l\u00f5nga.<\/p>\n<p>&nbsp;<\/p>\n<p>Pesujuhised:<\/p>\n<p><img decoding=\"async\" class=\"alignnone size-full wp-image-1014\" src=\"https:\/\/becreative.ee\/wp-content\/uploads\/2020\/04\/pesumajale_antav_teave_pesuvahendi_tekstiili_kohta.png\" alt=\"\" width=\"50\" height=\"50\" \/> <img decoding=\"async\" class=\"alignnone size-full wp-image-1281\" src=\"https:\/\/becreative.ee\/wp-content\/uploads\/2020\/04\/triikimine__3_tapp.png\" alt=\"\" width=\"50\" height=\"50\" \/> <img decoding=\"async\" class=\"alignnone size-full wp-image-1285\" src=\"https:\/\/becreative.ee\/wp-content\/uploads\/2020\/04\/orn_trummelkuivatus.png\" alt=\"\" width=\"50\" height=\"50\" \/> <img loading=\"lazy\" decoding=\"async\" class=\"alignnone size-full wp-image-1286\" src=\"https:\/\/becreative.ee\/wp-content\/uploads\/2020\/04\/pesemine_40-kraadi.png\" alt=\"\" width=\"50\" height=\"50\" \/><\/p>\n<p>&nbsp;<\/p>\n<p>BC Allino on klassikaline lina ja puuvilla kiu kombinatsiooniga l\u00f5ng. Nende kahe loodusliku kiu segu annab l\u00f5ngale elava ja mitmek\u00fclgse v\u00e4limuse. L\u00f5nga saab kasutada erinevateks projektideks kevadel ja suvel. See on ideaalne l\u00f5ng kampsunite ja toppide valmistamiseks nii suurtele kui v\u00e4ikestele, nii vanematele kui noortele. Valikus on palju erinevaid toone.<\/p>\n<p>&nbsp;<\/p>\n<p>Toodetud Taanis<\/p>","protected":false},"excerpt":{"rendered":"<p>L\u00f5ng: 50% lina ja 50% puuvill<\/p>\n<p>V\u00e4rv: erinevad v\u00e4rvid<\/p>\n<p>Varda suurus: 3 &#8211; 3,5 mm<\/p>\n<p>Heegeln\u00f5ela suurus: 3 &#8211; 3,5 mm<\/p>\n<p>Kaal: 50 g<\/p>\n<p>L\u00f5nga pikkus: 125 m<\/p>\n<p>\u00dche M suuruses naiste kampsuni kudumiseks kulub ligikaudu 550 g l\u00f5nga.<\/p>","protected":false},"featured_media":1305,"template":"","meta":[],"product_brand":[],"product_cat":[267,263,61,23,41],"product_tag":[24],"class_list":{"0":"post-891","1":"product","2":"type-product","3":"status-publish","4":"has-post-thumbnail","6":"product_cat-bc-garn","7":"product_cat-brandid","8":"product_cat-linane-long","9":"product_cat-longad","10":"product_cat-puuvillane-long","11":"product_tag-long","13":"first","14":"instock","15":"taxable","16":"shipping-taxable","17":"purchasable","18":"product-type-variable"},"jetpack_sharing_enabled":true,"_links":{"self":[{"href":"https:\/\/becreative.ee\/en\/wp-json\/wp\/v2\/product\/891","targetHints":{"allow":["GET"]}}],"collection":[{"href":"https:\/\/becreative.ee\/en\/wp-json\/wp\/v2\/product"}],"about":[{"href":"https:\/\/becreative.ee\/en\/wp-json\/wp\/v2\/types\/product"}],"version-history":[{"count":3,"href":"https:\/\/becreative.ee\/en\/wp-json\/wp\/v2\/product\/891\/revisions"}],"predecessor-version":[{"id":1287,"href":"https:\/\/becreative.ee\/en\/wp-json\/wp\/v2\/product\/891\/revisions\/1287"}],"wp:featuredmedia":[{"embeddable":true,"href":"https:\/\/becreative.ee\/en\/wp-json\/wp\/v2\/media\/1305"}],"wp:attachment":[{"href":"https:\/\/becreative.ee\/en\/wp-json\/wp\/v2\/media?parent=891"}],"wp:term":[{"taxonomy":"product_brand","embeddable":true,"href":"https:\/\/becreative.ee\/en\/wp-json\/wp\/v2\/product_brand?post=891"},{"taxonomy":"product_cat","embeddable":true,"href":"https:\/\/becreative.ee\/en\/wp-json\/wp\/v2\/product_cat?post=891"},{"taxonomy":"product_tag","embeddable":true,"href":"https:\/\/becreative.ee\/en\/wp-json\/wp\/v2\/product_tag?post=891"}],"curies":[{"name":"wp","href":"https:\/\/api.w.org\/{rel}","templated":true}]}}